{"id":3584,"date":"2024-09-26T17:01:59","date_gmt":"2024-09-26T14:01:59","guid":{"rendered":"https:\/\/globalhotel.com.tr\/urun\/bkl-001-bedruckter-kugelschreiber\/"},"modified":"2025-08-29T17:29:29","modified_gmt":"2025-08-29T14:29:29","slug":"bkl-001-bedruckter-kugelschreiber","status":"publish","type":"product","link":"https:\/\/globalhotel.com.tr\/de\/urun\/bkl-001-bedruckter-kugelschreiber\/","title":{"rendered":"BKL-001 Bedruckter Kugelschreiber"},"content":{"rendered":"<h2 class=\"product-title product_title entry-title\"><strong>Bedruckter Kugelschreiber<\/strong><\/h2>\n<div id=\"254C497F_ED5F_539E_BF08_9192F9A99B64\">\n<p><a href=\"https:\/\/globalhotel.com.tr\/de\/\"><strong>Bask\u0131l\u0131 t\u00fckenmez kalem<\/strong><\/a>, hem i\u015flevselli\u011fi hem de estetik tasar\u0131m\u0131 bir araya getiren ideal bir promosyon \u00fcr\u00fcn\u00fcd\u00fcr. Ofislerden otellere, restoranlardan organizasyonlara kadar geni\u015f bir kullan\u0131m alan\u0131na sahiptir. \u0130\u015f d\u00fcnyas\u0131nda markan\u0131z\u0131 daha g\u00f6r\u00fcn\u00fcr hale getirmek ve m\u00fc\u015fterilerinizle aran\u0131zda g\u00fc\u00e7l\u00fc bir ba\u011f kurmak istiyorsan\u0131z, bask\u0131l\u0131 t\u00fckenmez kalemler etkili bir se\u00e7imdir. \u00dczerine \u015firket logonuz, slogan\u0131n\u0131z veya ileti\u015fim bilgileriniz bas\u0131larak firman\u0131z\u0131n profesyonel bir \u015fekilde tan\u0131t\u0131m\u0131n\u0131 yapman\u0131za olanak tan\u0131r.   <\/p>\n<h3><strong>Y\u00fcksek Kalite Malzeme ve Ergonomik Tasar\u0131m<\/strong><\/h3>\n<p>Bask\u0131l\u0131 t\u00fckenmez kalemler, dayan\u0131kl\u0131 ve hafif malzemelerden \u00fcretilir. Kullan\u0131c\u0131 dostu ergonomik tasar\u0131m\u0131 sayesinde uzun s\u00fcreli yaz\u0131mlarda bile rahatl\u0131k sa\u011flar. M\u00fcrekkep ak\u0131\u015f sistemi, kesintisiz ve p\u00fcr\u00fczs\u00fcz bir yaz\u0131m deneyimi sunar. Renk se\u00e7enekleriyle estetik a\u00e7\u0131dan zenginle\u015ftirilmi\u015f bu kalemler, her t\u00fcrl\u00fc kurumsal kimli\u011fe uyum sa\u011flayacak \u015fekilde tasarlanabilir.   <\/p>\n<h2><strong>Farkl\u0131 Renk ve Bask\u0131 Se\u00e7enekleri<\/strong><\/h2>\n<p>Promosyon kalemlerinizi ki\u015fiselle\u015ftirmek art\u0131k \u00e7ok kolay! Geni\u015f renk yelpazesi ve bask\u0131 teknikleri sayesinde markan\u0131z\u0131 en iyi \u015fekilde temsil edecek tasar\u0131mlar\u0131 olu\u015fturabilirsiniz. Lazer bask\u0131, UV bask\u0131 veya tampon bask\u0131 gibi tekniklerle logonuz, kalemin \u00fczerine net ve \u015f\u0131k bir \u015fekilde i\u015flenir. Metalik, mat veya parlak y\u00fczey se\u00e7enekleri ile farkl\u0131 dokunu\u015flara sahip modeller aras\u0131ndan tercihinizi yapabilirsiniz.   <\/p>\n<h3><strong>Promosyon ve Hediyelik \u0130\u00e7in M\u00fckemmel Bir Se\u00e7im<\/strong><\/h3>\n<p>Bask\u0131l\u0131 t\u00fckenmez kalemler, markan\u0131z\u0131 geni\u015f bir kitleye ula\u015ft\u0131rman\u0131n en ekonomik yollar\u0131ndan biridir. Fuarlar, kongreler, \u015firket toplant\u0131lar\u0131 ve otel lobileri gibi bir\u00e7ok ortamda m\u00fc\u015fterilere da\u011f\u0131t\u0131labilir. Ayr\u0131ca, \u00f6zel etkinlikler ve hediyelik \u00fcr\u00fcnler i\u00e7in de uygun bir alternatiftir. Hem i\u015flevsel hem de \u015f\u0131k olmas\u0131, bu \u00fcr\u00fcnleri m\u00fc\u015fterileriniz i\u00e7in unutulmaz k\u0131lar.   <\/p>\n<\/div>\n","protected":false},"excerpt":{"rendered":"<p><strong>BKL-001 Bedruckter Kugelschreiber<\/strong>, ist ein stilvolles, praktisches und handliches Schreibger\u00e4t f\u00fcr Hotels und Unternehmen. Der aus hochwertigen Materialien gefertigte Stift bietet ein angenehmes Schreibgef\u00fchl und kann mit Ihrem Firmenlogo oder speziellen Botschaften personalisiert werden. \u00c4sthetisch und funktional zugleich, kann dieser Stift in Hotels oder B\u00fcros verwendet werden und bietet Ihren G\u00e4sten ein komfortables Schreiberlebnis. Mit seinem eleganten Design und seiner robusten Struktur bietet er eine lange Nutzungsdauer und st\u00e4rkt gleichzeitig Ihr Markenimage. Wir gestalten ihn speziell f\u00fcr Sie mit Ihrem Hotellogo und spiegeln Ihre Marke auf die stilvollste Weise wider.    <\/p>\n<ul>\n<li><strong>Gr\u00f6\u00dfe:<\/strong> 140 x 10 mm<\/li>\n<li><strong>Gewicht:<\/strong> 7 gr<\/li>\n<li><strong>St\u00fcck im Paket<\/strong>: 2500<\/li>\n<li><strong>Gr\u00f6\u00dfe der Parzelle:<\/strong> 330 x 550 x 220 mm<\/li>\n<li><strong>Volumen:<\/strong> 0.04 m<sup>3<\/sup><\/li>\n<\/ul>\n<div id=\"254C497F_ED5F_539E_BF08_9192F9A99B64\"><\/div>\n","protected":false},"featured_media":3585,"comment_status":"open","ping_status":"closed","template":"","meta":{"inline_featured_image":false},"product_brand":[],"product_cat":[159,157],"product_tag":[],"class_list":{"0":"post-3584","1":"product","2":"type-product","3":"status-publish","4":"has-post-thumbnail","6":"product_cat-blumenstrauss-im-zimmer","7":"product_cat-blumenstraus-zubehor","8":"tm-has-options","10":"first","11":"instock","12":"shipping-taxable","13":"product-type-simple"},"_links":{"self":[{"href":"https:\/\/globalhotel.com.tr\/de\/wp-json\/wp\/v2\/product\/3584","targetHints":{"allow":["GET"]}}],"collection":[{"href":"https:\/\/globalhotel.com.tr\/de\/wp-json\/wp\/v2\/product"}],"about":[{"href":"https:\/\/globalhotel.com.tr\/de\/wp-json\/wp\/v2\/types\/product"}],"replies":[{"embeddable":true,"href":"https:\/\/globalhotel.com.tr\/de\/wp-json\/wp\/v2\/comments?post=3584"}],"wp:featuredmedia":[{"embeddable":true,"href":"https:\/\/globalhotel.com.tr\/de\/wp-json\/wp\/v2\/media\/3585"}],"wp:attachment":[{"href":"https:\/\/globalhotel.com.tr\/de\/wp-json\/wp\/v2\/media?parent=3584"}],"wp:term":[{"taxonomy":"product_brand","embeddable":true,"href":"https:\/\/globalhotel.com.tr\/de\/wp-json\/wp\/v2\/product_brand?post=3584"},{"taxonomy":"product_cat","embeddable":true,"href":"https:\/\/globalhotel.com.tr\/de\/wp-json\/wp\/v2\/product_cat?post=3584"},{"taxonomy":"product_tag","embeddable":true,"href":"https:\/\/globalhotel.com.tr\/de\/wp-json\/wp\/v2\/product_tag?post=3584"}],"curies":[{"name":"wp","href":"https:\/\/api.w.org\/{rel}","templated":true}]}}