{"id":3578,"date":"2024-09-26T17:01:59","date_gmt":"2024-09-26T14:01:59","guid":{"rendered":"https:\/\/globalhotel.com.tr\/urun\/bkl-009-bedruckter-korkenzieher\/"},"modified":"2025-04-28T09:27:39","modified_gmt":"2025-04-28T06:27:39","slug":"bkl-009-bedruckter-korkenzieher","status":"publish","type":"product","link":"https:\/\/globalhotel.com.tr\/de\/urun\/bkl-009-bedruckter-korkenzieher\/","title":{"rendered":"BKL-009 Bedruckter Korkenzieher"},"content":{"rendered":"<h2><strong>Bedruckter Korkenzieher<\/strong><\/h2>\n<p><strong>Bask\u0131l\u0131 tirbu\u015fon<\/strong>, oteller, restoranlar, kafe ve barlar gibi mekanlar i\u00e7in ideal bir yard\u0131mc\u0131 \u00fcr\u00fcnd\u00fcr. Hem \u015f\u0131kl\u0131\u011f\u0131 hem de fonksiyonelli\u011fiyle dikkat \u00e7eker. \u00d6zellikle yemek servisi s\u0131ras\u0131nda \u015farap, \u015fampanya ya da di\u011fer i\u00e7eceklerin a\u00e7\u0131lmas\u0131 gerekti\u011finde kullan\u0131lan bu \u00fcr\u00fcn, mekan\u0131n\u0131zda profesyonel bir izlenim b\u0131rak\u0131r. Ayr\u0131ca bask\u0131l\u0131 tasar\u0131m\u0131 sayesinde, i\u015fletmenizin markas\u0131n\u0131 tan\u0131tan pratik bir reklam arac\u0131 olarak da i\u015flev g\u00f6rebilir.   <\/p>\n<h3><strong>Kaliteli ve Dayan\u0131kl\u0131 Malzeme<\/strong><\/h3>\n<p><a href=\"https:\/\/globalhotel.com.tr\/de\/\"><strong>Bask\u0131l\u0131 tirbu\u015fonlar<\/strong><\/a> genellikle y\u00fcksek kaliteli paslanmaz \u00e7elikten \u00fcretilir. Bu malzeme, uzun \u00f6m\u00fcrl\u00fc kullan\u0131m sa\u011flar ve s\u00fcrekli kullan\u0131mda bile dayan\u0131kl\u0131l\u0131\u011f\u0131n\u0131 korur. Paslanmaz \u00e7elik \u00f6zellikleri, tirbu\u015fonun a\u015f\u0131nmaya kar\u015f\u0131 diren\u00e7li olmas\u0131n\u0131 sa\u011flar, bu da otel ya da restoran gibi yo\u011fun i\u015fleyen mekanlar i\u00e7in b\u00fcy\u00fck bir avantajd\u0131r. Ayr\u0131ca, \u00fcr\u00fcnler genellikle ergonomik bir tasar\u0131ma sahip olup, rahat bir tutu\u015f sa\u011flar ve \u015fi\u015fe a\u00e7ma i\u015flemini \u00e7ok daha kolay hale getirir.   <\/p>\n<h3><strong>Bask\u0131l\u0131 Tasar\u0131m ve \u00d6zelle\u015ftirme Se\u00e7enekleri<\/strong><\/h3>\n<p>Bask\u0131l\u0131 tirbu\u015fonlar\u0131n en dikkat \u00e7ekici \u00f6zelliklerinden biri, \u00fczerinde markan\u0131z\u0131n logosunun veya istedi\u011finiz tasar\u0131m\u0131n yer alabilmesidir. Bu \u00f6zelle\u015ftirme se\u00e7ene\u011fi, i\u015fletmenizin kendine \u00f6zg\u00fc bir kimlik olu\u015fturmas\u0131na yard\u0131mc\u0131 olur. \u00d6zellikle otel, restoran, kafe ya da etkinlik organizasyonlar\u0131nda, mekan\u0131n tasar\u0131m\u0131na uyum sa\u011flayacak bask\u0131lar tercih edilebilir. \u00dczerine bask\u0131 yap\u0131labilen alanlar sayesinde, marka isminizin g\u00f6r\u00fcn\u00fcr olmas\u0131 sa\u011flan\u0131r ve bu da m\u00fc\u015fteri sadakati yarat\u0131r.   <\/p>\n<h4><strong>Pratik Kullan\u0131m ve Kolay Temizlik<\/strong><\/h4>\n<p>Bask\u0131l\u0131 tirbu\u015fonlar\u0131n kullan\u0131m\u0131 son derece basittir. Ergonomik yap\u0131s\u0131, \u015fi\u015fe a\u00e7ma i\u015flemini zahmetsiz hale getirir. Ayr\u0131ca, genellikle paslanmaz \u00e7elikten \u00fcretildi\u011fi i\u00e7in temizli\u011fi de olduk\u00e7a kolayd\u0131r. \u015ei\u015fe a\u00e7ma i\u015flemi sonras\u0131nda, tirbu\u015fonun temizlenmesi i\u00e7in sadece hafif bir silme i\u015flemi yeterlidir. Bu, yo\u011fun \u00e7al\u0131\u015fan otel personeli ve restoran \u00e7al\u0131\u015fanlar\u0131 i\u00e7in \u00f6nemli bir avantajd\u0131r.    <\/p>\n<div id=\"254C497F_ED5F_539E_BF08_9192F9A99B64\"><\/div>\n","protected":false},"excerpt":{"rendered":"<p><strong>BKL-009 Bedruckter Korkenzieher<\/strong>, ist ein stilvolles, praktisches und n\u00fctzliches Produkt f\u00fcr die Arbeit in Hotels und Unternehmen. Hergestellt mit hochwertigen Produkten, kann dieser Prozess mit Ihrem Firmenlogo oder speziellen Nachrichten personalisiert werden, w\u00e4hrend er Flaschen\u00f6ffnungen durchf\u00fchrt. Dieses Produkt, das sowohl \u00e4sthetisch als auch funktionell ist, eignet sich f\u00fcr den Einsatz in Minibars oder Bars im Hotel. Mit seinem eleganten Design vermittelt es einen professionellen Eindruck und tr\u00e4gt zur St\u00e4rkung Ihres Markenimages bei. Wir gestalten es speziell f\u00fcr Sie mit Ihrem Hotellogo und spiegeln Ihre Marke auf die eleganteste Weise wider.    <\/p>\n<ul>\n<li><strong>Gr\u00f6\u00dfe:<\/strong> 130 x 12 mm<\/li>\n<li><strong>Gewicht:<\/strong> 16.2 gr<\/li>\n<li><strong>St\u00fcck im Paket: <\/strong>1000<\/li>\n<li><strong>Gr\u00f6\u00dfe der Parzelle: <\/strong>450 x 350 x 250 mm<\/li>\n<li><strong>Volumen:<\/strong> 0.039 m<sup>3<\/sup><\/li>\n<\/ul>\n","protected":false},"featured_media":3579,"comment_status":"open","ping_status":"closed","template":"","meta":{"inline_featured_image":false},"product_brand":[],"product_cat":[159,157],"product_tag":[],"class_list":{"0":"post-3578","1":"product","2":"type-product","3":"status-publish","4":"has-post-thumbnail","6":"product_cat-blumenstrauss-im-zimmer","7":"product_cat-blumenstraus-zubehor","8":"tm-has-options","10":"first","11":"instock","12":"shipping-taxable","13":"product-type-simple"},"_links":{"self":[{"href":"https:\/\/globalhotel.com.tr\/de\/wp-json\/wp\/v2\/product\/3578","targetHints":{"allow":["GET"]}}],"collection":[{"href":"https:\/\/globalhotel.com.tr\/de\/wp-json\/wp\/v2\/product"}],"about":[{"href":"https:\/\/globalhotel.com.tr\/de\/wp-json\/wp\/v2\/types\/product"}],"replies":[{"embeddable":true,"href":"https:\/\/globalhotel.com.tr\/de\/wp-json\/wp\/v2\/comments?post=3578"}],"wp:featuredmedia":[{"embeddable":true,"href":"https:\/\/globalhotel.com.tr\/de\/wp-json\/wp\/v2\/media\/3579"}],"wp:attachment":[{"href":"https:\/\/globalhotel.com.tr\/de\/wp-json\/wp\/v2\/media?parent=3578"}],"wp:term":[{"taxonomy":"product_brand","embeddable":true,"href":"https:\/\/globalhotel.com.tr\/de\/wp-json\/wp\/v2\/product_brand?post=3578"},{"taxonomy":"product_cat","embeddable":true,"href":"https:\/\/globalhotel.com.tr\/de\/wp-json\/wp\/v2\/product_cat?post=3578"},{"taxonomy":"product_tag","embeddable":true,"href":"https:\/\/globalhotel.com.tr\/de\/wp-json\/wp\/v2\/product_tag?post=3578"}],"curies":[{"name":"wp","href":"https:\/\/api.w.org\/{rel}","templated":true}]}}