{"id":3566,"date":"2024-09-26T17:01:59","date_gmt":"2024-09-26T14:01:59","guid":{"rendered":"https:\/\/globalhotel.com.tr\/urun\/bkl-005-bedruckter-weiser-schuhabstreifer\/"},"modified":"2024-09-26T17:01:59","modified_gmt":"2024-09-26T14:01:59","slug":"bkl-005-bedruckter-weiser-schuhabstreifer","status":"publish","type":"product","link":"https:\/\/globalhotel.com.tr\/de\/urun\/bkl-005-bedruckter-weiser-schuhabstreifer\/","title":{"rendered":"BKL-005 Bedruckter wei\u00dfer Schuhabstreifer"},"content":{"rendered":"<div class=\"flex-shrink-0 flex flex-col relative items-end\">\n<div>\n<div class=\"pt-0\">\n<div class=\"gizmo-bot-avatar flex h-8 w-8 items-center justify-center overflow-hidden rounded-full\">\n<div class=\"relative p-1 rounded-sm flex items-center justify-center bg-token-main-surface-primary text-token-text-primary h-8 w-8\"><\/div>\n<\/div>\n<\/div>\n<\/div>\n<\/div>\n<div class=\"group\/conversation-turn relative flex w-full min-w-0 flex-col agent-turn\">\n<div class=\"flex-col gap-1 md:gap-3\">\n<div class=\"flex max-w-full flex-col flex-grow\">\n<div class=\"min-h-8 text-message flex w-full flex-col items-end gap-2 whitespace-normal break-words text-start [.text-message+&amp;]:mt-5\" dir=\"auto\" data-message-author-role=\"assistant\" data-message-id=\"2037eaef-6793-4c75-a591-76da0d734d60\" data-message-model-slug=\"gpt-4o-mini\">\n<div class=\"flex w-full flex-col gap-1 empty:hidden first:pt-[3px]\">\n<div class=\"markdown prose w-full break-words dark:prose-invert light\">\n<h2><strong>Bask\u0131l\u0131 Beyaz Ayakkab\u0131 \u00c7ekece\u011fi<\/strong><\/h2>\n<p>Otel malzemeleri kategorisinde, misafirlerin konforu ve ihtiya\u00e7lar\u0131 her zaman \u00f6n planda tutulur. Otel odalar\u0131nda, \u00f6zellikle konfor ve kullan\u0131m kolayl\u0131\u011f\u0131 sa\u011flayan \u00fcr\u00fcnler b\u00fcy\u00fck bir \u00f6neme sahiptir. \u0130\u015fte bu noktada, <a href=\"https:\/\/globalhotel.com.tr\/de\/\"><strong>Bask\u0131l\u0131 Beyaz Ayakkab\u0131 \u00c7ekece\u011fi<\/strong><\/a> gibi pratik ve \u015f\u0131k bir \u00fcr\u00fcn devreye girer. Hem estetik hem de i\u015flevsel olarak otel odalar\u0131na m\u00fckemmel bir uyum sa\u011flar.   <\/p>\n<p>&nbsp;<\/p>\n<p>Bask\u0131l\u0131 Beyaz Ayakkab\u0131 \u00c7ekece\u011fi, kaliteli malzeme kullan\u0131m\u0131yla dikkat \u00e7eker. Beyaz renk, temizlik ve sadelik hissi verirken, bask\u0131l\u0131 tasar\u0131m ise otele \u00f6zg\u00fc bir dokunu\u015f sa\u011flar. \u00c7ekme aparat\u0131n\u0131n yap\u0131s\u0131, ayakkab\u0131lar\u0131n\u0131z\u0131 giyerken veya \u00e7\u0131kar\u0131rken zorlanmaman\u0131z\u0131 sa\u011flar. Kullan\u0131c\u0131 dostu olan bu \u00fcr\u00fcn, misafirlerin ayakkab\u0131lar\u0131n\u0131n rahat\u00e7a \u00e7\u0131kar\u0131lmas\u0131n\u0131 sa\u011flar ve ayn\u0131 zamanda ayakkab\u0131lar\u0131n uzun \u00f6m\u00fcrl\u00fc olmas\u0131na yard\u0131mc\u0131 olur.   <\/p>\n<\/div>\n<\/div>\n<\/div>\n<\/div>\n<\/div>\n<\/div>\n<div id=\"254C497F_ED5F_539E_BF08_9192F9A99B64\"><\/div>\n","protected":false},"excerpt":{"rendered":"<div class=\"flex-shrink-0 flex flex-col relative items-end\">\n<div class=\"pt-0\">\n<div class=\"gizmo-bot-avatar flex h-8 w-8 items-center justify-center overflow-hidden rounded-full\">\n<div class=\"relative p-1 rounded-sm flex items-center justify-center bg-token-main-surface-primary text-token-text-primary h-8 w-8\">\n<div class=\"flex max-w-full flex-col flex-grow\">\n<div class=\"min-h-8 text-message flex w-full flex-col items-end gap-2 whitespace-normal break-words text-start [.text-message+&amp;]:mt-5\" dir=\"auto\" data-message-author-role=\"assistant\" data-message-id=\"afb51b95-91fa-4641-92db-1cf8b0f6ea54\" data-message-model-slug=\"gpt-4o\">\n<div class=\"flex w-full flex-col gap-1 empty:hidden first:pt-[3px]\">\n<div class=\"markdown prose w-full break-words dark:prose-invert dark\">\n<div class=\"flex max-w-full flex-col flex-grow\">\n<div class=\"min-h-8 text-message flex w-full flex-col items-end gap-2 whitespace-normal break-words text-start [.text-message+&amp;]:mt-5\" dir=\"auto\" data-message-author-role=\"assistant\" data-message-id=\"afb51b95-91fa-4641-92db-1cf8b0f6ea54\" data-message-model-slug=\"gpt-4o\">\n<div class=\"flex w-full flex-col gap-1 empty:hidden first:pt-[3px]\">\n<div class=\"markdown prose w-full break-words dark:prose-invert dark\">\n<div class=\"flex-shrink-0 flex flex-col relative items-end\">\n<div class=\"pt-0\">\n<div class=\"gizmo-bot-avatar flex h-8 w-8 items-center justify-center overflow-hidden rounded-full\">\n<div class=\"relative p-1 rounded-sm flex items-center justify-center bg-token-main-surface-primary text-token-text-primary h-8 w-8\">\n<div class=\"flex max-w-full flex-col flex-grow\">\n<div class=\"min-h-8 text-message flex w-full flex-col items-end gap-2 whitespace-normal break-words text-start [.text-message+&amp;]:mt-5\" dir=\"auto\" data-message-author-role=\"assistant\" data-message-id=\"afb51b95-91fa-4641-92db-1cf8b0f6ea54\" data-message-model-slug=\"gpt-4o\">\n<div class=\"flex w-full flex-col gap-1 empty:hidden first:pt-[3px]\">\n<div class=\"markdown prose w-full break-words dark:prose-invert dark\">\n<p><span style=\"color: #333333;\"><strong>BKL-005 Bedruckter wei\u00dfer Schuhabstreifer<\/strong>, entworfen, um Ihren G\u00e4sten in Hotelzimmern Eleganz und Zweckm\u00e4\u00dfigkeit zu bieten. Dieses Produkt ist aus strapazierf\u00e4higen Materialien gefertigt und erm\u00f6glicht ein bequemes Ausziehen der Schuhe. Der Schuhabzieher wird mit verschiedenen Druckoptionen angeboten und verleiht Hotelzimmern sowohl in Bezug auf Funktionalit\u00e4t als auch auf \u00c4sthetik einen eleganten Touch. Wir gestalten ihn speziell f\u00fcr Sie mit Ihrem Hotellogo und reflektieren Ihre Marke auf die stilvollste Weise.   <\/span><\/p>\n<\/div>\n<\/div>\n<\/div>\n<\/div>\n<\/div>\n<\/div>\n<\/div>\n<\/div>\n<\/div>\n<\/div>\n<\/div>\n<\/div>\n<\/div>\n<\/div>\n<\/div>\n<\/div>\n<\/div>\n<\/div>\n<\/div>\n<\/div>\n<div class=\"flex-shrink-0 flex flex-col relative items-end\">\n<div class=\"pt-0\">\n<div class=\"gizmo-bot-avatar flex h-8 w-8 items-center justify-center overflow-hidden rounded-full\">\n<div class=\"relative p-1 rounded-sm flex items-center justify-center bg-token-main-surface-primary text-token-text-primary h-8 w-8\">\n<div class=\"flex max-w-full flex-col flex-grow\">\n<div class=\"min-h-8 text-message flex w-full flex-col items-end gap-2 whitespace-normal break-words text-start [.text-message+&amp;]:mt-5\" dir=\"auto\" data-message-author-role=\"assistant\" data-message-id=\"afb51b95-91fa-4641-92db-1cf8b0f6ea54\" data-message-model-slug=\"gpt-4o\">\n<div class=\"flex w-full flex-col gap-1 empty:hidden first:pt-[3px]\">\n<div class=\"markdown prose w-full break-words dark:prose-invert dark\">\n<div class=\"flex max-w-full flex-col flex-grow\">\n<div class=\"min-h-8 text-message flex w-full flex-col items-end gap-2 whitespace-normal break-words text-start [.text-message+&amp;]:mt-5\" dir=\"auto\" data-message-author-role=\"assistant\" data-message-id=\"afb51b95-91fa-4641-92db-1cf8b0f6ea54\" data-message-model-slug=\"gpt-4o\">\n<div class=\"flex w-full flex-col gap-1 empty:hidden first:pt-[3px]\">\n<div class=\"markdown prose w-full break-words dark:prose-invert dark\">\n<div class=\"flex-shrink-0 flex flex-col relative items-end\">\n<div class=\"pt-0\">\n<div class=\"gizmo-bot-avatar flex h-8 w-8 items-center justify-center overflow-hidden rounded-full\">\n<div class=\"relative p-1 rounded-sm flex items-center justify-center bg-token-main-surface-primary text-token-text-primary h-8 w-8\">\n<div id=\"254C497F_ED5F_539E_BF08_9192F9A99B64\">\n<ul>\n<li><span style=\"color: #333333;\"><strong>Gr\u00f6\u00dfe:<\/strong> 140 \u00d7 40 mm<\/span><\/li>\n<li><span style=\"color: #333333;\"><strong>Gewicht:<\/strong> 6 gr<\/span><\/li>\n<li><span style=\"color: #333333;\"><strong>St\u00fcck im Paket: <\/strong>1000<\/span><\/li>\n<li><span style=\"color: #333333;\"><strong>Gr\u00f6\u00dfe der Parzelle:<\/strong> 340 x 270 x 240 mm<\/span><\/li>\n<li><span style=\"color: #333333;\"><strong>Lautst\u00e4rke:<\/strong> 0.022 m<sup>3<\/sup><\/span><\/li>\n<\/ul>\n<\/div>\n<\/div>\n<\/div>\n<\/div>\n<\/div>\n<\/div>\n<\/div>\n<\/div>\n<\/div>\n<\/div>\n<\/div>\n<\/div>\n<\/div>\n<\/div>\n<\/div>\n<\/div>\n<\/div>\n<div class=\"flex-shrink-0 flex flex-col relative items-end\">\n<div class=\"pt-0\">\n<div class=\"gizmo-bot-avatar flex h-8 w-8 items-center justify-center overflow-hidden rounded-full\">\n<div><\/div>\n<div><\/div>\n<\/div>\n<div><\/div>\n<\/div>\n<\/div>\n<div id=\"254C497F_ED5F_539E_BF08_9192F9A99B64\"><\/div>\n","protected":false},"featured_media":3567,"comment_status":"open","ping_status":"closed","template":"","meta":{"inline_featured_image":false},"product_brand":[],"product_cat":[159,157],"product_tag":[],"class_list":{"0":"post-3566","1":"product","2":"type-product","3":"status-publish","4":"has-post-thumbnail","6":"product_cat-blumenstrauss-im-zimmer","7":"product_cat-blumenstraus-zubehor","8":"tm-has-options","10":"first","11":"instock","12":"shipping-taxable","13":"product-type-simple"},"_links":{"self":[{"href":"https:\/\/globalhotel.com.tr\/de\/wp-json\/wp\/v2\/product\/3566","targetHints":{"allow":["GET"]}}],"collection":[{"href":"https:\/\/globalhotel.com.tr\/de\/wp-json\/wp\/v2\/product"}],"about":[{"href":"https:\/\/globalhotel.com.tr\/de\/wp-json\/wp\/v2\/types\/product"}],"replies":[{"embeddable":true,"href":"https:\/\/globalhotel.com.tr\/de\/wp-json\/wp\/v2\/comments?post=3566"}],"wp:featuredmedia":[{"embeddable":true,"href":"https:\/\/globalhotel.com.tr\/de\/wp-json\/wp\/v2\/media\/3567"}],"wp:attachment":[{"href":"https:\/\/globalhotel.com.tr\/de\/wp-json\/wp\/v2\/media?parent=3566"}],"wp:term":[{"taxonomy":"product_brand","embeddable":true,"href":"https:\/\/globalhotel.com.tr\/de\/wp-json\/wp\/v2\/product_brand?post=3566"},{"taxonomy":"product_cat","embeddable":true,"href":"https:\/\/globalhotel.com.tr\/de\/wp-json\/wp\/v2\/product_cat?post=3566"},{"taxonomy":"product_tag","embeddable":true,"href":"https:\/\/globalhotel.com.tr\/de\/wp-json\/wp\/v2\/product_tag?post=3566"}],"curies":[{"name":"wp","href":"https:\/\/api.w.org\/{rel}","templated":true}]}}