{"id":3560,"date":"2024-09-26T17:02:00","date_gmt":"2024-09-26T14:02:00","guid":{"rendered":"https:\/\/globalhotel.com.tr\/urun\/bkl-030-bedruckte-hotelaufhanger-aus-holz\/"},"modified":"2025-12-11T00:41:32","modified_gmt":"2025-12-10T21:41:32","slug":"bkl-030-bedruckte-hotelaufhanger-aus-holz","status":"publish","type":"product","link":"https:\/\/globalhotel.com.tr\/de\/urun\/bkl-030-bedruckte-hotelaufhanger-aus-holz\/","title":{"rendered":"BKL-030 Bedruckte Hotelaufh\u00e4nger aus Holz"},"content":{"rendered":"<p>&nbsp;<\/p>\n<div id=\"254C497F_ED5F_539E_BF08_9192F9A99B64\">\n<h2>Bask\u0131l\u0131 Ah\u015fap Otel Ask\u0131s\u0131 Mandall\u0131<\/h2>\n<p><a href=\"https:\/\/globalhotel.com.tr\/de\/\">Bask\u0131l\u0131 Ah\u015fap Otel Ask\u0131s\u0131<\/a> Mandall\u0131, otel odalar\u0131n\u0131n zarafetini art\u0131r\u0131rken, konuklar\u0131n\u0131z\u0131n ihtiya\u00e7lar\u0131na kusursuz bir \u00e7\u00f6z\u00fcm sunmak i\u00e7in tasarlanm\u0131\u015ft\u0131r. Kaliteli malzemelerden \u00fcretilen bu ask\u0131lar, hem dayan\u0131kl\u0131l\u0131\u011f\u0131 hem de estetik g\u00f6r\u00fcn\u00fcm\u00fc bir araya getiriyor. Otelinizin marka imaj\u0131n\u0131 g\u00fc\u00e7lendiren \u00f6zel bask\u0131 se\u00e7enekleriyle, profesyonelli\u011finizi her detayda yans\u0131tabilirsiniz.  <\/p>\n<p>Ah\u015fap malzemenin do\u011fal ve s\u0131cak dokusuyla modern tasar\u0131m\u0131n birle\u015fti\u011fi bu ask\u0131lar, otel odalar\u0131nda konfor ve \u015f\u0131kl\u0131\u011f\u0131 bir arada sunar. Mandall\u0131 yap\u0131s\u0131 sayesinde sadece giysiler i\u00e7in de\u011fil, ayn\u0131 zamanda etek, pantolon veya hassas kuma\u015flar gibi \u00f6zel par\u00e7alar i\u00e7in de idealdir. Misafirlerinizin k\u0131yafetlerini d\u00fczenli ve g\u00fcvenli bir \u015fekilde muhafaza etmesine olanak tan\u0131r.  <\/p>\n<\/div>\n","protected":false},"excerpt":{"rendered":"<p><strong>BKL-030 Bedruckte Hotelaufh\u00e4nger aus Holz<\/strong>, Mit seiner haltbaren Holzstruktur und seinem stilvollen Design ist er eine perfekte L\u00f6sung f\u00fcr Hotelzimmer. Diese Kleiderb\u00fcgel, die dank ihres Riegeldesigns die M\u00f6glichkeit bieten, verschiedene Arten von Kleidung aufzuh\u00e4ngen, bieten sowohl Funktionalit\u00e4t als auch \u00c4sthetik mit ihren hochwertigen Materialien und speziellen Druckoptionen. Wir gestalten sie speziell f\u00fcr Sie mit Ihrem Hotellogo und spiegeln Ihre Marke auf die stilvollste Weise wider.  <\/p>\n<div id=\"254C497F_ED5F_539E_BF08_9192F9A99B64\">\n<ul>\n<li><strong>Gr\u00f6\u00dfe:<\/strong> 445 \u00d7 245mm<\/li>\n<li><strong>Gewicht:<\/strong> 115 gr<\/li>\n<li><strong>St\u00fcck im Paket:<\/strong> 100<\/li>\n<li><strong>Gr\u00f6\u00dfe der Parzelle:<\/strong> 600 x 300 x 300 mm<\/li>\n<li><strong>Volumen: <\/strong>0,054 m<sup>3<\/sup><\/li>\n<\/ul>\n<\/div>\n<div id=\"254C497F_ED5F_539E_BF08_9192F9A99B64\"><\/div>\n","protected":false},"featured_media":3561,"comment_status":"open","ping_status":"closed","template":"","meta":{"inline_featured_image":false},"product_brand":[],"product_cat":[159,157],"product_tag":[],"class_list":{"0":"post-3560","1":"product","2":"type-product","3":"status-publish","4":"has-post-thumbnail","6":"product_cat-blumenstrauss-im-zimmer","7":"product_cat-blumenstraus-zubehor","8":"tm-has-options","10":"first","11":"instock","12":"shipping-taxable","13":"product-type-simple"},"_links":{"self":[{"href":"https:\/\/globalhotel.com.tr\/de\/wp-json\/wp\/v2\/product\/3560","targetHints":{"allow":["GET"]}}],"collection":[{"href":"https:\/\/globalhotel.com.tr\/de\/wp-json\/wp\/v2\/product"}],"about":[{"href":"https:\/\/globalhotel.com.tr\/de\/wp-json\/wp\/v2\/types\/product"}],"replies":[{"embeddable":true,"href":"https:\/\/globalhotel.com.tr\/de\/wp-json\/wp\/v2\/comments?post=3560"}],"wp:featuredmedia":[{"embeddable":true,"href":"https:\/\/globalhotel.com.tr\/de\/wp-json\/wp\/v2\/media\/3561"}],"wp:attachment":[{"href":"https:\/\/globalhotel.com.tr\/de\/wp-json\/wp\/v2\/media?parent=3560"}],"wp:term":[{"taxonomy":"product_brand","embeddable":true,"href":"https:\/\/globalhotel.com.tr\/de\/wp-json\/wp\/v2\/product_brand?post=3560"},{"taxonomy":"product_cat","embeddable":true,"href":"https:\/\/globalhotel.com.tr\/de\/wp-json\/wp\/v2\/product_cat?post=3560"},{"taxonomy":"product_tag","embeddable":true,"href":"https:\/\/globalhotel.com.tr\/de\/wp-json\/wp\/v2\/product_tag?post=3560"}],"curies":[{"name":"wp","href":"https:\/\/api.w.org\/{rel}","templated":true}]}}