{"id":3554,"date":"2024-09-26T17:02:00","date_gmt":"2024-09-26T14:02:00","guid":{"rendered":"https:\/\/globalhotel.com.tr\/urun\/bkl-025-bedrucktes-braunes-stangenbonbon\/"},"modified":"2024-09-26T17:02:00","modified_gmt":"2024-09-26T14:02:00","slug":"bkl-025-bedrucktes-braunes-stangenbonbon","status":"publish","type":"product","link":"https:\/\/globalhotel.com.tr\/de\/urun\/bkl-025-bedrucktes-braunes-stangenbonbon\/","title":{"rendered":"BKL-025 Bedrucktes Braunes Stangenbonbon"},"content":{"rendered":"<p>&nbsp;<\/p>\n<div id=\"254C497F_ED5F_539E_BF08_9192F9A99B64\">\n<h2>Bedrucktes Braunes Stangenbonbon<\/h2>\n<p>Otel, kafe, restoran ve benzeri i\u015fletmelerde konuklar\u0131n deneyimini zenginle\u015ftiren k\u00fc\u00e7\u00fck detaylar b\u00fcy\u00fck bir fark yarat\u0131r. <a href=\"https:\/\/globalhotel.com.tr\/de\/\"><strong>Bask\u0131l\u0131 Esmer Stick \u015eeker<\/strong><\/a>, zarif tasar\u0131m\u0131 ve kaliteli i\u00e7eri\u011fiyle misafirlerinize unutulmaz bir hizmet sunman\u0131za yard\u0131mc\u0131 olur. Hem \u015f\u0131k hem de kullan\u0131\u015fl\u0131 olan bu \u00fcr\u00fcn, esmer \u015fekerin do\u011fal ve sa\u011fl\u0131kl\u0131 lezzetini pratik bir kullan\u0131m imk\u00e2n\u0131yla birle\u015ftirir.  <\/p>\n<h3>\u00dcr\u00fcn \u00d6zellikleri:<\/h3>\n<ul>\n<li><strong>Do\u011fal ve Sa\u011fl\u0131kl\u0131 \u0130\u00e7erik:<\/strong> Esmer stick \u015feker, beyaz \u015fekere k\u0131yasla daha az i\u015flemden ge\u00e7irilmi\u015ftir ve bu sayede do\u011fal minerallerini korur. Do\u011fal tad\u0131 ve zengin aromas\u0131yla \u00e7ay, kahve gibi i\u00e7eceklerinize m\u00fckemmel bir uyum sa\u011flar. <\/li>\n<li><strong>\u015e\u0131k Bask\u0131 Se\u00e7ene\u011fi:<\/strong> Ki\u015fiselle\u015ftirilebilir bask\u0131l\u0131 ambalaj\u0131 sayesinde i\u015fletmenizin ad\u0131n\u0131 veya logosunu ta\u015f\u0131yan bir \u00fcr\u00fcn sunabilirsiniz. Bu, markan\u0131z\u0131n bilinirli\u011fini art\u0131rman\u0131n ve profesyonel bir izlenim b\u0131rakman\u0131n harika bir yoludur. <\/li>\n<\/ul>\n<\/div>\n","protected":false},"excerpt":{"rendered":"<div class=\"flex max-w-full flex-col flex-grow\">\n<div class=\"min-h-8 text-message flex w-full flex-col items-end gap-2 whitespace-normal break-words text-start [.text-message+&amp;]:mt-5\" dir=\"auto\" data-message-author-role=\"assistant\" data-message-id=\"4162bc2b-3d66-497f-9d0e-ec5e603e9320\" data-message-model-slug=\"gpt-4o\">\n<div class=\"flex w-full flex-col gap-1 empty:hidden first:pt-[3px]\">\n<div class=\"markdown prose w-full break-words dark:prose-invert dark\">\n<p><span style=\"color: #000000;\"><strong>BKL-025 Bedrucktes Braunes Stangenbonbon<\/strong>, Sie bieten eine hygienische und stilvolle Pr\u00e4sentation f\u00fcr Ihre G\u00e4ste in Hotels und Restaurants. Diese Bonbons werden aus hochwertigen Materialien hergestellt und heben Ihre Marke mit verschiedenen Druckoptionen hervor. Dank des praktischen Stick-Designs lassen sie sich leicht servieren und bieten eine \u00e4sthetische Pr\u00e4sentation. Wir gestalten sie speziell f\u00fcr Sie mit Ihrem Hotellogo und reflektieren Ihre Marke auf die stilvollste Weise.   <\/span><\/p>\n<ul>\n<li><span style=\"color: #000000;\">Gr\u00f6\u00dfe: 95 \u00d7 15 mm<\/span><\/li>\n<li><span style=\"color: #000000;\">Gewicht: 3 gr<\/span><\/li>\n<li><span style=\"color: #000000;\">St\u00fcck im Paket: 2500<\/span><\/li>\n<li><span style=\"color: #000000;\">Parzellengr\u00f6\u00dfe: 510 x 280 x 200 mm<\/span><\/li>\n<li><span style=\"color: #000000;\"><sup>Lautst\u00e4rke:<\/sup> 0.029 m3<\/span><\/li>\n<\/ul>\n<\/div>\n<\/div>\n<\/div>\n<\/div>\n","protected":false},"featured_media":3555,"comment_status":"open","ping_status":"closed","template":"","meta":{"inline_featured_image":false},"product_brand":[],"product_cat":[159,157],"product_tag":[],"class_list":{"0":"post-3554","1":"product","2":"type-product","3":"status-publish","4":"has-post-thumbnail","6":"product_cat-blumenstrauss-im-zimmer","7":"product_cat-blumenstraus-zubehor","8":"tm-has-options","10":"first","11":"instock","12":"shipping-taxable","13":"product-type-simple"},"_links":{"self":[{"href":"https:\/\/globalhotel.com.tr\/de\/wp-json\/wp\/v2\/product\/3554","targetHints":{"allow":["GET"]}}],"collection":[{"href":"https:\/\/globalhotel.com.tr\/de\/wp-json\/wp\/v2\/product"}],"about":[{"href":"https:\/\/globalhotel.com.tr\/de\/wp-json\/wp\/v2\/types\/product"}],"replies":[{"embeddable":true,"href":"https:\/\/globalhotel.com.tr\/de\/wp-json\/wp\/v2\/comments?post=3554"}],"wp:featuredmedia":[{"embeddable":true,"href":"https:\/\/globalhotel.com.tr\/de\/wp-json\/wp\/v2\/media\/3555"}],"wp:attachment":[{"href":"https:\/\/globalhotel.com.tr\/de\/wp-json\/wp\/v2\/media?parent=3554"}],"wp:term":[{"taxonomy":"product_brand","embeddable":true,"href":"https:\/\/globalhotel.com.tr\/de\/wp-json\/wp\/v2\/product_brand?post=3554"},{"taxonomy":"product_cat","embeddable":true,"href":"https:\/\/globalhotel.com.tr\/de\/wp-json\/wp\/v2\/product_cat?post=3554"},{"taxonomy":"product_tag","embeddable":true,"href":"https:\/\/globalhotel.com.tr\/de\/wp-json\/wp\/v2\/product_tag?post=3554"}],"curies":[{"name":"wp","href":"https:\/\/api.w.org\/{rel}","templated":true}]}}