{"id":3546,"date":"2024-09-26T17:02:00","date_gmt":"2024-09-26T14:02:00","guid":{"rendered":"https:\/\/globalhotel.com.tr\/urun\/gedruckter-bambus-duft\/"},"modified":"2025-05-28T13:10:51","modified_gmt":"2025-05-28T10:10:51","slug":"gedruckter-bambus-duft","status":"publish","type":"product","link":"https:\/\/globalhotel.com.tr\/de\/urun\/gedruckter-bambus-duft\/","title":{"rendered":"Gedruckter Bambus-Duft"},"content":{"rendered":"<h3><strong>Gedruckter Bambus-Duft<\/strong><\/h3>\n<p>Otel ortamlar\u0131, misafirlerin kendilerini evlerinde gibi hissetmelerini sa\u011flayacak konfor ve atmosferle donat\u0131lmal\u0131d\u0131r. <a href=\"https:\/\/globalhotel.com.tr\/de\/\"><strong>Bask\u0131l\u0131 Bambu Kokusu<\/strong><\/a>, bu atmosferi tamamlayan \u015f\u0131k ve etkileyici bir \u00fcr\u00fcnd\u00fcr. Do\u011fal bambu esans\u0131n\u0131n rahatlat\u0131c\u0131 etkisiyle tasarlanm\u0131\u015f bu \u00fcr\u00fcn, hem zarif tasar\u0131m\u0131 hem de kal\u0131c\u0131 kokusuyla otellerin farkl\u0131 alanlar\u0131nda kullan\u0131labilir. Lobiden odalara, spa merkezlerinden toplant\u0131 salonlar\u0131na kadar geni\u015f bir kullan\u0131m yelpazesi sunan bask\u0131l\u0131 bambu kokusu, estetik g\u00f6r\u00fcn\u00fcm\u00fcyle de dikkat \u00e7eker.   <\/p>\n<div id=\"254C497F_ED5F_539E_BF08_9192F9A99B64\"><\/div>\n","protected":false},"excerpt":{"rendered":"<p><strong>Gedruckter Bambus-Duft<\/strong>, Mit seinem nat\u00fcrlichen Bambusmaterial und seinem eleganten Design bringt es einen angenehmen Duft und Eleganz in Hotelzimmer. Dieses Produkt, das mit verschiedenen Druckoptionen angeboten wird, bietet mit seiner Qualit\u00e4tsstruktur eine langfristige Nutzung. Es erh\u00f6ht den Komfort Ihrer G\u00e4ste, indem es sowohl eine \u00e4sthetische als auch eine funktionale L\u00f6sung bietet. Wir gestalten es speziell f\u00fcr Sie mit Ihrem Hotellogo und spiegeln Ihre Marke auf die eleganteste Weise wider.   <\/p>\n<div id=\"254C497F_ED5F_539E_BF08_9192F9A99B64\">\n<ul>\n<li><strong>Gr\u00f6\u00dfe:<\/strong> 48 \u00d7 48 x 48 mm<\/li>\n<li><strong>Gewicht: <\/strong>185 gr<\/li>\n<li><strong>St\u00fcck im Paket: <\/strong>120<\/li>\n<li><strong>Gr\u00f6\u00dfe der Parzelle:<\/strong>410 x 260 x 210 mm<\/li>\n<li><strong>Lautst\u00e4rke:<\/strong> 0.022 m<sup>3<\/sup><\/li>\n<\/ul>\n<\/div>\n","protected":false},"featured_media":3547,"comment_status":"open","ping_status":"closed","template":"","meta":{"inline_featured_image":false},"product_brand":[],"product_cat":[159,157],"product_tag":[],"class_list":{"0":"post-3546","1":"product","2":"type-product","3":"status-publish","4":"has-post-thumbnail","6":"product_cat-blumenstrauss-im-zimmer","7":"product_cat-blumenstraus-zubehor","8":"tm-has-options","10":"first","11":"instock","12":"shipping-taxable","13":"product-type-simple"},"_links":{"self":[{"href":"https:\/\/globalhotel.com.tr\/de\/wp-json\/wp\/v2\/product\/3546","targetHints":{"allow":["GET"]}}],"collection":[{"href":"https:\/\/globalhotel.com.tr\/de\/wp-json\/wp\/v2\/product"}],"about":[{"href":"https:\/\/globalhotel.com.tr\/de\/wp-json\/wp\/v2\/types\/product"}],"replies":[{"embeddable":true,"href":"https:\/\/globalhotel.com.tr\/de\/wp-json\/wp\/v2\/comments?post=3546"}],"wp:featuredmedia":[{"embeddable":true,"href":"https:\/\/globalhotel.com.tr\/de\/wp-json\/wp\/v2\/media\/3547"}],"wp:attachment":[{"href":"https:\/\/globalhotel.com.tr\/de\/wp-json\/wp\/v2\/media?parent=3546"}],"wp:term":[{"taxonomy":"product_brand","embeddable":true,"href":"https:\/\/globalhotel.com.tr\/de\/wp-json\/wp\/v2\/product_brand?post=3546"},{"taxonomy":"product_cat","embeddable":true,"href":"https:\/\/globalhotel.com.tr\/de\/wp-json\/wp\/v2\/product_cat?post=3546"},{"taxonomy":"product_tag","embeddable":true,"href":"https:\/\/globalhotel.com.tr\/de\/wp-json\/wp\/v2\/product_tag?post=3546"}],"curies":[{"name":"wp","href":"https:\/\/api.w.org\/{rel}","templated":true}]}}