{"id":3544,"date":"2024-09-26T17:02:00","date_gmt":"2024-09-26T14:02:00","guid":{"rendered":"https:\/\/globalhotel.com.tr\/urun\/bkl-019-bedruckter-schuhcreme-schwamm\/"},"modified":"2025-04-16T03:22:00","modified_gmt":"2025-04-16T00:22:00","slug":"bkl-019-bedruckter-schuhcreme-schwamm","status":"publish","type":"product","link":"https:\/\/globalhotel.com.tr\/de\/urun\/bkl-019-bedruckter-schuhcreme-schwamm\/","title":{"rendered":"BKL-019 Bedruckter Schuhcreme-Schwamm"},"content":{"rendered":"<p>&nbsp;<\/p>\n<div id=\"254C497F_ED5F_539E_BF08_9192F9A99B64\">\n<h3>Bedruckter Schuhcreme-Schwamm<\/h3>\n<p><strong><a href=\"https:\/\/globalhotel.com.tr\/de\/\">Bask\u0131l\u0131 Ayakkab\u0131 Cila S\u00fcngeri<\/a><\/strong>, \u015f\u0131kl\u0131\u011f\u0131 ve pratikli\u011fi bir araya getirerek ayakkab\u0131lar\u0131n\u0131z\u0131n her zaman temiz ve parlak g\u00f6r\u00fcnmesini sa\u011flar. G\u00fcnl\u00fck kullan\u0131m i\u00e7in ideal olan bu \u00fcr\u00fcn, \u00f6zellikle yo\u011fun i\u015f temposuna sahip kullan\u0131c\u0131lar veya seyahat edenler i\u00e7in m\u00fckemmel bir \u00e7\u00f6z\u00fcm sunar. Kompakt boyutu sayesinde \u00e7antan\u0131zda, araban\u0131zda ya da ofis \u00e7ekmecenizde kolayca ta\u015f\u0131yabilir ve her an yan\u0131n\u0131zda bulundurabilirsiniz. Bask\u0131l\u0131 d\u0131\u015f y\u00fczeyi, markan\u0131z\u0131n logolar\u0131n\u0131 veya \u00f6zel tasar\u0131mlar\u0131n\u0131z\u0131 sergilemek i\u00e7in m\u00fckemmel bir y\u00fczey sunar ve otel, restoran, spor salonu gibi i\u015fletmeler i\u00e7in ideal bir promosyon malzemesi haline gelir.   <\/p>\n<\/div>\n","protected":false},"excerpt":{"rendered":"<div id=\"254C497F_ED5F_539E_BF08_9192F9A99B64\">\n<p><strong>BKL-019 Bedruckter Schuhcreme-Schwamm<\/strong>, Mit seinem kompakten und handlichen Design ist es ideal, um Ihre Schuhe schnell zu polieren. Hergestellt aus hochwertigen Materialien, bietet dieses Produkt eine praktische L\u00f6sung f\u00fcr Ihre G\u00e4ste in Hotelzimmern. Erh\u00e4ltlich mit verschiedenen Druckoptionen, ist der Polierschwamm eine perfekte Erg\u00e4nzung sowohl f\u00fcr Funktionalit\u00e4t als auch f\u00fcr \u00c4sthetik. Wir gestalten ihn speziell f\u00fcr Sie mit Ihrem Hotellogo und spiegeln Ihre Marke auf die eleganteste Weise wider.   <\/p>\n<div id=\"254C497F_ED5F_539E_BF08_9192F9A99B64\">\n<ul>\n<li><strong>Gr\u00f6\u00dfe:<\/strong> 70 \u00d7 47 \u00d7 27 mm<\/li>\n<li><strong>Gewicht:<\/strong> 6 gr<\/li>\n<li><strong>St\u00fcckzahl im Paket:<\/strong> 375<\/li>\n<li><strong>Gr\u00f6\u00dfe der Parzelle: <\/strong>400 x 250 x 410 mm<\/li>\n<li><strong>Lautst\u00e4rke:<\/strong> 0.041 m<sup>3<\/sup><\/li>\n<\/ul>\n<\/div>\n<\/div>\n","protected":false},"featured_media":3545,"comment_status":"open","ping_status":"closed","template":"","meta":{"inline_featured_image":false},"product_brand":[],"product_cat":[159,157],"product_tag":[],"class_list":{"0":"post-3544","1":"product","2":"type-product","3":"status-publish","4":"has-post-thumbnail","6":"product_cat-blumenstrauss-im-zimmer","7":"product_cat-blumenstraus-zubehor","8":"tm-has-options","10":"first","11":"instock","12":"shipping-taxable","13":"product-type-simple"},"_links":{"self":[{"href":"https:\/\/globalhotel.com.tr\/de\/wp-json\/wp\/v2\/product\/3544","targetHints":{"allow":["GET"]}}],"collection":[{"href":"https:\/\/globalhotel.com.tr\/de\/wp-json\/wp\/v2\/product"}],"about":[{"href":"https:\/\/globalhotel.com.tr\/de\/wp-json\/wp\/v2\/types\/product"}],"replies":[{"embeddable":true,"href":"https:\/\/globalhotel.com.tr\/de\/wp-json\/wp\/v2\/comments?post=3544"}],"wp:featuredmedia":[{"embeddable":true,"href":"https:\/\/globalhotel.com.tr\/de\/wp-json\/wp\/v2\/media\/3545"}],"wp:attachment":[{"href":"https:\/\/globalhotel.com.tr\/de\/wp-json\/wp\/v2\/media?parent=3544"}],"wp:term":[{"taxonomy":"product_brand","embeddable":true,"href":"https:\/\/globalhotel.com.tr\/de\/wp-json\/wp\/v2\/product_brand?post=3544"},{"taxonomy":"product_cat","embeddable":true,"href":"https:\/\/globalhotel.com.tr\/de\/wp-json\/wp\/v2\/product_cat?post=3544"},{"taxonomy":"product_tag","embeddable":true,"href":"https:\/\/globalhotel.com.tr\/de\/wp-json\/wp\/v2\/product_tag?post=3544"}],"curies":[{"name":"wp","href":"https:\/\/api.w.org\/{rel}","templated":true}]}}