{"id":3532,"date":"2024-09-26T17:02:00","date_gmt":"2024-09-26T14:02:00","guid":{"rendered":"https:\/\/globalhotel.com.tr\/urun\/bkl-029-bedruckter-hotelaufhanger-aus-holz\/"},"modified":"2025-04-16T13:32:19","modified_gmt":"2025-04-16T10:32:19","slug":"bkl-029-bedruckter-hotelaufhanger-aus-holz","status":"publish","type":"product","link":"https:\/\/globalhotel.com.tr\/de\/urun\/bkl-029-bedruckter-hotelaufhanger-aus-holz\/","title":{"rendered":"BKL-029 Bedruckter Hotelaufh\u00e4nger aus Holz"},"content":{"rendered":"<p>&nbsp;<\/p>\n<div id=\"254C497F_ED5F_539E_BF08_9192F9A99B64\">\n<h2><strong>Bask\u0131l\u0131 Ah\u015fap Otel Ask\u0131s\u0131<\/strong><\/h2>\n<p>Otellerin misafir deneyimini iyile\u015ftiren k\u00fc\u00e7\u00fck detaylar, kalite alg\u0131s\u0131n\u0131 \u00f6nemli \u00f6l\u00e7\u00fcde etkiler. Bask\u0131l\u0131 ah\u015fap otel ask\u0131s\u0131, hem i\u015flevselli\u011fi hem de estetik g\u00f6r\u00fcn\u00fcm\u00fc bir araya getiren \u015f\u0131k bir \u00e7\u00f6z\u00fcm sunar. \u00d6zellikle konfor ve profesyonellik a\u00e7\u0131s\u0131ndan fark yaratmak isteyen oteller i\u00e7in tasarlanm\u0131\u015f bu \u00fcr\u00fcn, misafirlerinize otelinizin kalitesini her detayda hissettirme imk\u00e2n\u0131 sa\u011flar.  <\/p>\n<p>Do\u011fal ah\u015fap malzemeden \u00fcretilen ask\u0131lar, \u00e7evre dostu yap\u0131s\u0131yla dikkat \u00e7ekerken dayan\u0131kl\u0131 ve uzun \u00f6m\u00fcrl\u00fc kullan\u0131m sunar. \u00dcr\u00fcn\u00fcn \u00fczerindeki bask\u0131 \u00f6zelle\u015ftirilebilir olup, otelinizin logosu, ismi veya belirledi\u011finiz bir tasar\u0131m, ask\u0131lara uygulanabilir. Bu sayede otel kimli\u011finizin her detayda vurgulanmas\u0131n\u0131 sa\u011flayabilirsiniz. Misafirler odalar\u0131na girdiklerinde, bu \u00f6zel tasar\u0131m ask\u0131lar hem konfor hem de prestij alg\u0131s\u0131n\u0131 g\u00fc\u00e7lendirir.   <\/p>\n<p><a href=\"https:\/\/globalhotel.com.tr\/de\/\"><strong>Bask\u0131l\u0131 ah\u015fap otel ask\u0131lar\u0131<\/strong><\/a>, ergonomik tasar\u0131m\u0131 sayesinde k\u0131yafetlerin kolayca as\u0131lmas\u0131n\u0131 sa\u011flar. Omuz yap\u0131s\u0131n\u0131 destekleyen k\u0131vr\u0131mlar\u0131, k\u0131yafetlerde iz b\u0131rakmaz ve giysilerin d\u00fczg\u00fcn bir \u015fekilde as\u0131lmas\u0131na yard\u0131mc\u0131 olur. Ayr\u0131ca, ask\u0131larda pantolon ve etek gibi k\u0131yafetlerin sabitlenebilmesi i\u00e7in ek tutma alanlar\u0131 bulunur. Bu i\u015flevsellik, hem misafirlerinizin konforunu art\u0131r\u0131r hem de oda d\u00fczenine katk\u0131 sa\u011flar.   <\/p>\n<p>Estetik a\u00e7\u0131dan de\u011ferlendirildi\u011finde, ah\u015fab\u0131n do\u011fal dokusu ve s\u0131cak g\u00f6r\u00fcn\u00fcm\u00fc, her t\u00fcrl\u00fc otel dekorasyonuna uyum sa\u011flar. Bask\u0131n\u0131n kaliteli i\u015f\u00e7ili\u011fi ise otelinizin profesyonel duru\u015funu destekler. Ayr\u0131ca, bu ask\u0131lar sadece \u015f\u0131kl\u0131k sunmakla kalmaz, ayn\u0131 zamanda dayan\u0131kl\u0131l\u0131k ve sa\u011flaml\u0131k a\u00e7\u0131s\u0131ndan da \u00fcst d\u00fczey performans g\u00f6sterir.  <\/p>\n<\/div>\n","protected":false},"excerpt":{"rendered":"<p><strong>BKL-029 Bedruckter Hotelaufh\u00e4nger aus Holz<\/strong>, Mit seiner robusten Struktur und seinem stilvollen Design ist er die ideale Wahl f\u00fcr Hotelzimmer. Die aus hochwertigen Materialien gefertigten Kleiderb\u00fcgel heben Ihre Marke mit verschiedenen Druckoptionen hervor und bieten Ihren G\u00e4sten ein organisiertes und komfortables Erlebnis. Wir gestalten sie speziell f\u00fcr Sie mit Ihrem Hotellogo und spiegeln Ihre Marke auf die stilvollste Weise wider.  <\/p>\n<div id=\"254C497F_ED5F_539E_BF08_9192F9A99B64\">\n<ul>\n<li><strong>Gr\u00f6\u00dfe:<\/strong> 455 \u00d7 200 mm<\/li>\n<li><strong>Gewicht:<\/strong> 120 gr<\/li>\n<li><strong>St\u00fcck im Paket:<\/strong> 100<\/li>\n<li><strong>Gr\u00f6\u00dfe der Parzelle:<\/strong> 600 x 300 x 300 mm<\/li>\n<li><strong>Volumen:<\/strong> 0,054 m<sup>3<\/sup><\/li>\n<\/ul>\n<\/div>\n","protected":false},"featured_media":3533,"comment_status":"open","ping_status":"closed","template":"","meta":{"inline_featured_image":false},"product_brand":[],"product_cat":[159,157],"product_tag":[],"class_list":{"0":"post-3532","1":"product","2":"type-product","3":"status-publish","4":"has-post-thumbnail","6":"product_cat-blumenstrauss-im-zimmer","7":"product_cat-blumenstraus-zubehor","8":"tm-has-options","10":"first","11":"instock","12":"shipping-taxable","13":"product-type-simple"},"_links":{"self":[{"href":"https:\/\/globalhotel.com.tr\/de\/wp-json\/wp\/v2\/product\/3532","targetHints":{"allow":["GET"]}}],"collection":[{"href":"https:\/\/globalhotel.com.tr\/de\/wp-json\/wp\/v2\/product"}],"about":[{"href":"https:\/\/globalhotel.com.tr\/de\/wp-json\/wp\/v2\/types\/product"}],"replies":[{"embeddable":true,"href":"https:\/\/globalhotel.com.tr\/de\/wp-json\/wp\/v2\/comments?post=3532"}],"wp:featuredmedia":[{"embeddable":true,"href":"https:\/\/globalhotel.com.tr\/de\/wp-json\/wp\/v2\/media\/3533"}],"wp:attachment":[{"href":"https:\/\/globalhotel.com.tr\/de\/wp-json\/wp\/v2\/media?parent=3532"}],"wp:term":[{"taxonomy":"product_brand","embeddable":true,"href":"https:\/\/globalhotel.com.tr\/de\/wp-json\/wp\/v2\/product_brand?post=3532"},{"taxonomy":"product_cat","embeddable":true,"href":"https:\/\/globalhotel.com.tr\/de\/wp-json\/wp\/v2\/product_cat?post=3532"},{"taxonomy":"product_tag","embeddable":true,"href":"https:\/\/globalhotel.com.tr\/de\/wp-json\/wp\/v2\/product_tag?post=3532"}],"curies":[{"name":"wp","href":"https:\/\/api.w.org\/{rel}","templated":true}]}}