{"id":3529,"date":"2024-09-26T17:02:20","date_gmt":"2024-09-26T14:02:20","guid":{"rendered":"https:\/\/globalhotel.com.tr\/urun\/bkl-032-bedrucktes-nahset-boxed\/"},"modified":"2024-09-26T17:02:20","modified_gmt":"2024-09-26T14:02:20","slug":"bkl-032-bedrucktes-nahset-boxed","status":"publish","type":"product","link":"https:\/\/globalhotel.com.tr\/de\/urun\/bkl-032-bedrucktes-nahset-boxed\/","title":{"rendered":"BKL-032 Bedrucktes N\u00e4hset Boxed"},"content":{"rendered":"<p>&nbsp;<\/p>\n<div id=\"254C497F_ED5F_539E_BF08_9192F9A99B64\"><\/div>\n","protected":false},"excerpt":{"rendered":"<p><span style=\"color: #000000;\"><strong>BKL-032 Bedrucktes N\u00e4hset Boxed<\/strong>, bietet eine stilvolle und praktische L\u00f6sung zum N\u00e4hen f\u00fcr Ihre G\u00e4ste in Hotelzimmern. Es ist ein organisiertes und n\u00fctzliches Produkt mit seinem Box-Design und enth\u00e4lt F\u00e4den, Nadeln und Kn\u00f6pfe in verschiedenen Farben. Das aus hochwertigen Materialien gefertigte Set ist nicht nur funktional, sondern verleiht den Hotelzimmern mit seinen \u00e4sthetischen Drucken auch einen eleganten Touch. Wir gestalten es speziell f\u00fcr Sie mit Ihrem Hotellogo und spiegeln Ihre Marke auf die eleganteste Weise wider.   <\/span><\/p>\n<ul>\n<li><span style=\"color: #000000;\"><strong>Abmessungen:<\/strong> 65 \u00d7 60 mm<\/span><\/li>\n<li><span style=\"color: #000000;\"><strong>Gewicht:<\/strong> 4 gr<\/span><\/li>\n<li><span style=\"color: #000000;\"><strong>St\u00fcck im Paket: <\/strong>1200<\/span><\/li>\n<li><span style=\"color: #000000;\"><strong>Gr\u00f6\u00dfe der Parzelle: <\/strong>400 x 250 x 410 mm<\/span><\/li>\n<li><span style=\"color: #000000;\"><strong>Lautst\u00e4rke:<\/strong> 0.041 m<sup>3<\/sup><\/span><\/li>\n<li><span style=\"color: #000000;\"><strong>6-farbiges Garn<\/strong><\/span><\/li>\n<li><span style=\"color: #000000;\"><strong>1 N\u00e4hnadel<\/strong><\/span><\/li>\n<li><span style=\"color: #000000;\"><strong>1 Taste<\/strong><\/span><\/li>\n<li><span style=\"color: #000000;\"><strong>1 Sicherheitsnadel<\/strong><\/span><\/li>\n<\/ul>\n","protected":false},"featured_media":3530,"comment_status":"open","ping_status":"closed","template":"","meta":{"inline_featured_image":false},"product_brand":[],"product_cat":[159,157],"product_tag":[],"class_list":{"0":"post-3529","1":"product","2":"type-product","3":"status-publish","4":"has-post-thumbnail","6":"product_cat-blumenstrauss-im-zimmer","7":"product_cat-blumenstraus-zubehor","8":"tm-has-options","10":"first","11":"instock","12":"shipping-taxable","13":"product-type-simple"},"_links":{"self":[{"href":"https:\/\/globalhotel.com.tr\/de\/wp-json\/wp\/v2\/product\/3529","targetHints":{"allow":["GET"]}}],"collection":[{"href":"https:\/\/globalhotel.com.tr\/de\/wp-json\/wp\/v2\/product"}],"about":[{"href":"https:\/\/globalhotel.com.tr\/de\/wp-json\/wp\/v2\/types\/product"}],"replies":[{"embeddable":true,"href":"https:\/\/globalhotel.com.tr\/de\/wp-json\/wp\/v2\/comments?post=3529"}],"wp:featuredmedia":[{"embeddable":true,"href":"https:\/\/globalhotel.com.tr\/de\/wp-json\/wp\/v2\/media\/3530"}],"wp:attachment":[{"href":"https:\/\/globalhotel.com.tr\/de\/wp-json\/wp\/v2\/media?parent=3529"}],"wp:term":[{"taxonomy":"product_brand","embeddable":true,"href":"https:\/\/globalhotel.com.tr\/de\/wp-json\/wp\/v2\/product_brand?post=3529"},{"taxonomy":"product_cat","embeddable":true,"href":"https:\/\/globalhotel.com.tr\/de\/wp-json\/wp\/v2\/product_cat?post=3529"},{"taxonomy":"product_tag","embeddable":true,"href":"https:\/\/globalhotel.com.tr\/de\/wp-json\/wp\/v2\/product_tag?post=3529"}],"curies":[{"name":"wp","href":"https:\/\/api.w.org\/{rel}","templated":true}]}}