{"id":3527,"date":"2024-09-26T17:02:20","date_gmt":"2024-09-26T14:02:20","guid":{"rendered":"https:\/\/globalhotel.com.tr\/urun\/bkl-031-nahset-mit-kunststoffbox\/"},"modified":"2024-09-26T17:02:20","modified_gmt":"2024-09-26T14:02:20","slug":"bkl-031-nahset-mit-kunststoffbox","status":"publish","type":"product","link":"https:\/\/globalhotel.com.tr\/de\/urun\/bkl-031-nahset-mit-kunststoffbox\/","title":{"rendered":"BKL-031 N\u00e4hset mit Kunststoffbox"},"content":{"rendered":"<p>&nbsp;<\/p>\n<div id=\"254C497F_ED5F_539E_BF08_9192F9A99B64\">\n<h2 class=\"product-title product_title entry-title\"><strong>N\u00e4hset mit Kunststoffbox<\/strong><\/h2>\n<p><strong><a href=\"https:\/\/globalhotel.com.tr\/de\/\">Plastik Kutulu Diki\u015f Seti<\/a><\/strong>, otel odalar\u0131nda konuklar\u0131n\u0131z\u0131n temel diki\u015f ihtiya\u00e7lar\u0131n\u0131 kar\u015f\u0131lamak \u00fczere \u00f6zel olarak tasarlanm\u0131\u015ft\u0131r. \u015e\u0131k ve kompakt bir kutu i\u00e7erisinde sunulan bu set, hem estetik hem de fonksiyonel bir \u00e7\u00f6z\u00fcm sunar. M\u00fc\u015fteri memnuniyetini \u00f6n planda tutan oteller i\u00e7in m\u00fckemmel bir tercih olan bu \u00fcr\u00fcn, konuklar\u0131n\u0131za kaliteli ve pratik bir hizmet sunman\u0131n kolay bir yoludur.  <\/p>\n<h3><strong>\u00dcr\u00fcn \u0130\u00e7eri\u011fi ve \u00d6zellikleri<\/strong><\/h3>\n<p>Plastik kutulu diki\u015f seti, kullan\u0131\u015fl\u0131 i\u00e7eri\u011fiyle her ihtiyaca yan\u0131t verir. Setin i\u00e7erisinde farkl\u0131 renklerde iplikler, diki\u015f i\u011fneleri, d\u00fc\u011fme, \u00e7engelli i\u011fne ve minik bir makas gibi temel diki\u015f ara\u00e7lar\u0131 bulunmaktad\u0131r. Bu i\u00e7erik, hem acil onar\u0131m ihtiya\u00e7lar\u0131n\u0131 kar\u015f\u0131lamak hem de ki\u015fisel diki\u015f projeleri i\u00e7in kullan\u0131\u015fl\u0131d\u0131r. T\u00fcm par\u00e7alar, d\u00fczenli bir \u015fekilde yerle\u015ftirilmi\u015f olup, kullan\u0131c\u0131ya kolayl\u0131k sa\u011flar.   <\/p>\n<p>\u00dcr\u00fcn\u00fcn plastik kutusu, dayan\u0131kl\u0131 ve hafif malzemeden \u00fcretilmi\u015ftir. Bu sayede uzun s\u00fcreli kullan\u0131m i\u00e7in idealdir ve kolay ta\u015f\u0131nabilir. \u015eeffaf veya opak tasar\u0131m se\u00e7enekleri, otelinize uygun bir estetik sunar. Ayr\u0131ca, kutu \u00fczerine otelin logosu veya ad\u0131 bas\u0131labilir, b\u00f6ylece markan\u0131z\u0131n tan\u0131t\u0131m\u0131na da katk\u0131 sa\u011flar.   <\/p>\n<p><strong>Konfor ve Memnuniyet<\/strong><\/p>\n<p>Plastik kutulu diki\u015f seti, otel konuklar\u0131na konforlu bir konaklama deneyimi ya\u015fatmak i\u00e7in tasarlanm\u0131\u015ft\u0131r. Konuklar\u0131n\u0131z, k\u0131yafetlerinde meydana gelebilecek k\u00fc\u00e7\u00fck sorunlar\u0131 kolayl\u0131kla \u00e7\u00f6zebilir ve bunun i\u00e7in zaman kaybetmez. Bu k\u00fc\u00e7\u00fck ama etkili detay, otelinizin hizmet kalitesine de\u011fer katar ve misafirlerinizin olumlu bir izlenimle ayr\u0131lmas\u0131n\u0131 sa\u011flar.  <\/p>\n<\/div>\n","protected":false},"excerpt":{"rendered":"<p><strong>BKL-031 Bedruckte Kunststoffbox N\u00e4hset<\/strong>, ist ein praktisches und n\u00fctzliches Produkt f\u00fcr die Arbeit in Hotels und Unternehmen. Das Set enth\u00e4lt N\u00e4hnadeln, F\u00e4den, Kn\u00f6pfe und andere grundlegende N\u00e4hmaterialien. Hergestellt mit hochwertigen Produkten, bietet dieses Set Ihren G\u00e4sten eine L\u00f6sung, die sie in Notf\u00e4llen leicht verwenden k\u00f6nnen. Es bietet eine haltbare und tragbare Struktur mit einer Kunststoffbox, es kann im Hotel aufbewahrt oder in den G\u00e4stebereichen leicht verstaut werden, ohne Platz zu beanspruchen. Dieses Produkt, das mit Ihrem Firmenlogo oder speziellen Botschaften personalisiert werden kann, tr\u00e4gt dazu bei, Ihr Markenimage zu st\u00e4rken und einen professionellen Eindruck bei den G\u00e4sten aufrechtzuerhalten. Wir gestalten es speziell f\u00fcr Sie mit Ihrem Hotellogo und spiegeln Ihre Marke auf die eleganteste Weise wider.     <\/p>\n<ul>\n<li><strong>Gr\u00f6\u00dfe:<\/strong> 80 x 35 x 10 mm<\/li>\n<li><strong>Gewicht:<\/strong> 12 gr<\/li>\n<li><strong>St\u00fcck im Paket: <\/strong>1000<\/li>\n<li><strong>Gr\u00f6\u00dfe der Parzelle: <\/strong>370 x 330 x 210 mm<\/li>\n<li><strong>Volumen:<\/strong> 0,026 m<sup>3<\/sup><\/li>\n<li><strong>6-farbiges Garn<\/strong><\/li>\n<li><strong>6 N\u00e4hnadeln<\/strong><\/li>\n<li><strong>2 Tasten<\/strong><\/li>\n<li><strong>1 Sicherheitsnadel<\/strong><\/li>\n<\/ul>\n<div id=\"254C497F_ED5F_539E_BF08_9192F9A99B64\"><\/div>\n","protected":false},"featured_media":3528,"comment_status":"open","ping_status":"closed","template":"","meta":{"inline_featured_image":false},"product_brand":[],"product_cat":[159,157],"product_tag":[],"class_list":{"0":"post-3527","1":"product","2":"type-product","3":"status-publish","4":"has-post-thumbnail","6":"product_cat-blumenstrauss-im-zimmer","7":"product_cat-blumenstraus-zubehor","8":"tm-has-options","10":"first","11":"instock","12":"shipping-taxable","13":"product-type-simple"},"_links":{"self":[{"href":"https:\/\/globalhotel.com.tr\/de\/wp-json\/wp\/v2\/product\/3527","targetHints":{"allow":["GET"]}}],"collection":[{"href":"https:\/\/globalhotel.com.tr\/de\/wp-json\/wp\/v2\/product"}],"about":[{"href":"https:\/\/globalhotel.com.tr\/de\/wp-json\/wp\/v2\/types\/product"}],"replies":[{"embeddable":true,"href":"https:\/\/globalhotel.com.tr\/de\/wp-json\/wp\/v2\/comments?post=3527"}],"wp:featuredmedia":[{"embeddable":true,"href":"https:\/\/globalhotel.com.tr\/de\/wp-json\/wp\/v2\/media\/3528"}],"wp:attachment":[{"href":"https:\/\/globalhotel.com.tr\/de\/wp-json\/wp\/v2\/media?parent=3527"}],"wp:term":[{"taxonomy":"product_brand","embeddable":true,"href":"https:\/\/globalhotel.com.tr\/de\/wp-json\/wp\/v2\/product_brand?post=3527"},{"taxonomy":"product_cat","embeddable":true,"href":"https:\/\/globalhotel.com.tr\/de\/wp-json\/wp\/v2\/product_cat?post=3527"},{"taxonomy":"product_tag","embeddable":true,"href":"https:\/\/globalhotel.com.tr\/de\/wp-json\/wp\/v2\/product_tag?post=3527"}],"curies":[{"name":"wp","href":"https:\/\/api.w.org\/{rel}","templated":true}]}}