{"id":3513,"date":"2024-09-26T17:02:21","date_gmt":"2024-09-26T14:02:21","guid":{"rendered":"https:\/\/globalhotel.com.tr\/urun\/bkl-047-bedrucktes-toilettensitzband\/"},"modified":"2025-09-11T17:09:45","modified_gmt":"2025-09-11T14:09:45","slug":"bkl-047-bedrucktes-toilettensitzband","status":"publish","type":"product","link":"https:\/\/globalhotel.com.tr\/de\/urun\/bkl-047-bedrucktes-toilettensitzband\/","title":{"rendered":"BKL-047 Bedrucktes Toilettensitzband"},"content":{"rendered":"<p>&nbsp;<\/p>\n<div id=\"254C497F_ED5F_539E_BF08_9192F9A99B64\"><\/div>\n","protected":false},"excerpt":{"rendered":"<div class=\"flex max-w-full flex-col flex-grow\">\n<div class=\"min-h-8 text-message flex w-full flex-col items-end gap-2 whitespace-normal break-words text-start [.text-message+&amp;]:mt-5\" dir=\"auto\" data-message-author-role=\"assistant\" data-message-id=\"9c86a040-4ada-4e6f-bc02-7ce4f840c863\" data-message-model-slug=\"gpt-4o\">\n<div class=\"flex w-full flex-col gap-1 empty:hidden first:pt-[3px]\">\n<div class=\"markdown prose w-full break-words dark:prose-invert dark\">\n<p><span style=\"color: #000000;\"><strong>BKL-047 Bedrucktes Toilettensitzband<\/strong>, Es ist ein ideales Produkt, um die Hygienestandards in Hotels und anderen Beherbergungsbetrieben zu unterstreichen. Aus Qualit\u00e4tspapier hergestellt, zeigen diese B\u00e4nder Ihren G\u00e4sten, dass Sauberkeit garantiert ist. Das Produkt wird mit verschiedenen Druckoptionen angeboten und bietet sowohl einen funktionalen als auch einen professionellen Touch. Wir gestalten sie speziell f\u00fcr Sie mit Ihrem Hotellogo und spiegeln Ihre Marke auf die stilvollste Weise wider. <\/span><\/p>\n<ul>\n<li><span style=\"color: #000000;\"><strong>Gr\u00f6\u00dfe: <\/strong>70 x 35 x 55 mm<\/span><\/li>\n<li><span style=\"color: #000000;\"><strong>Gewicht:<\/strong> 3 gr<\/span><\/li>\n<li><span style=\"color: #000000;\"><strong>St\u00fcck im Paket: <\/strong>2500<\/span><\/li>\n<li><span style=\"color: #000000;\"><strong>Gr\u00f6\u00dfe der Parzelle: <\/strong>230 x 600 x 400<\/span><\/li>\n<li><span style=\"color: #000000;\"><strong>Lautst\u00e4rke: <\/strong>0,055 m<sup>3<\/sup><\/span><\/li>\n<\/ul>\n<\/div>\n<\/div>\n<\/div>\n<\/div>\n<div id=\"254C497F_ED5F_539E_BF08_9192F9A99B64\"><\/div>\n","protected":false},"featured_media":3514,"comment_status":"open","ping_status":"closed","template":"","meta":{"inline_featured_image":false},"product_brand":[],"product_cat":[159,157],"product_tag":[],"class_list":{"0":"post-3513","1":"product","2":"type-product","3":"status-publish","4":"has-post-thumbnail","6":"product_cat-blumenstrauss-im-zimmer","7":"product_cat-blumenstraus-zubehor","8":"tm-has-options","10":"first","11":"instock","12":"shipping-taxable","13":"product-type-simple"},"_links":{"self":[{"href":"https:\/\/globalhotel.com.tr\/de\/wp-json\/wp\/v2\/product\/3513","targetHints":{"allow":["GET"]}}],"collection":[{"href":"https:\/\/globalhotel.com.tr\/de\/wp-json\/wp\/v2\/product"}],"about":[{"href":"https:\/\/globalhotel.com.tr\/de\/wp-json\/wp\/v2\/types\/product"}],"replies":[{"embeddable":true,"href":"https:\/\/globalhotel.com.tr\/de\/wp-json\/wp\/v2\/comments?post=3513"}],"wp:featuredmedia":[{"embeddable":true,"href":"https:\/\/globalhotel.com.tr\/de\/wp-json\/wp\/v2\/media\/3514"}],"wp:attachment":[{"href":"https:\/\/globalhotel.com.tr\/de\/wp-json\/wp\/v2\/media?parent=3513"}],"wp:term":[{"taxonomy":"product_brand","embeddable":true,"href":"https:\/\/globalhotel.com.tr\/de\/wp-json\/wp\/v2\/product_brand?post=3513"},{"taxonomy":"product_cat","embeddable":true,"href":"https:\/\/globalhotel.com.tr\/de\/wp-json\/wp\/v2\/product_cat?post=3513"},{"taxonomy":"product_tag","embeddable":true,"href":"https:\/\/globalhotel.com.tr\/de\/wp-json\/wp\/v2\/product_tag?post=3513"}],"curies":[{"name":"wp","href":"https:\/\/api.w.org\/{rel}","templated":true}]}}