{"id":3509,"date":"2024-09-26T17:02:21","date_gmt":"2024-09-26T14:02:21","guid":{"rendered":"https:\/\/globalhotel.com.tr\/urun\/bkl-039-bedruckte-duschhaube\/"},"modified":"2025-04-16T00:17:51","modified_gmt":"2025-04-15T21:17:51","slug":"bkl-039-bedruckte-duschhaube","status":"publish","type":"product","link":"https:\/\/globalhotel.com.tr\/de\/urun\/bkl-039-bedruckte-duschhaube\/","title":{"rendered":"BKL-039 Bedruckte Duschhaube"},"content":{"rendered":"<h2><strong>Bask\u0131l\u0131 Du\u015f Bonesi <\/strong><\/h2>\n<p>Otel konforunu ve \u015f\u0131kl\u0131\u011f\u0131n\u0131 bir araya getiren<a href=\"https:\/\/globalhotel.com.tr\/de\/\"> <strong>bask\u0131l\u0131 du\u015f bonesi<\/strong><\/a>, hem fonksiyonel hem de estetik tasar\u0131m\u0131yla dikkat \u00e7ekiyor. \u00d6zellikle oteller, spa merkezleri ve misafir a\u011f\u0131rlama alanlar\u0131 i\u00e7in \u00f6zel olarak tasarlanan bu \u00fcr\u00fcn, y\u00fcksek kaliteli malzemesi ve zarif bask\u0131lar\u0131yla misafirlerinizin be\u011fenisini kazanacak. <\/p>\n<h3><strong>Dayan\u0131kl\u0131 ve Su Ge\u00e7irmez Malzeme<\/strong><\/h3>\n<p>Bask\u0131l\u0131 du\u015f bonesi, su ge\u00e7irmez \u00f6zelli\u011fiyle du\u015f s\u0131ras\u0131nda sa\u00e7lar\u0131 koruma konusunda m\u00fckemmel bir performans sunar. \u00d6zel PVC veya PE malzemeden \u00fcretilen bu boneler, dayan\u0131kl\u0131l\u0131\u011f\u0131 sayesinde uzun s\u00fcreli kullan\u0131m avantaj\u0131 sa\u011flar. Ayn\u0131 zamanda hafif yap\u0131s\u0131 ile kullan\u0131m s\u0131ras\u0131nda rahats\u0131zl\u0131k vermez, sa\u00e7lar\u0131 s\u0131k\u0131ca sararak maksimum koruma sa\u011flar.  <\/p>\n","protected":false},"excerpt":{"rendered":"<div class=\"flex max-w-full flex-col flex-grow\">\n<div class=\"min-h-8 text-message flex w-full flex-col items-end gap-2 whitespace-normal break-words text-start [.text-message+&amp;]:mt-5\" dir=\"auto\" data-message-author-role=\"assistant\" data-message-id=\"093d94d8-3e0f-4c6b-8147-f3f444ac4422\" data-message-model-slug=\"gpt-4o\">\n<div class=\"flex w-full flex-col gap-1 empty:hidden first:pt-[3px]\">\n<div class=\"markdown prose w-full break-words dark:prose-invert dark\">\n<p><span style=\"color: #000000;\"><strong>BKL-039 Bedruckte Duschhaube<\/strong>, Es ist ein stilvolles und n\u00fctzliches Produkt, das f\u00fcr den Komfort Ihrer G\u00e4ste in Hotelzimmern entwickelt wurde. Aus wasserfestem Qualit\u00e4tsmaterial hergestellt, bietet diese Kappe Hygiene und sch\u00fctzt gleichzeitig das Haar. Das Produkt wird mit verschiedenen Druckoptionen angeboten und verleiht Hotelzimmern sowohl durch seine Funktionalit\u00e4t als auch durch sein \u00e4sthetisches Design einen eleganten Touch. Wir gestalten sie speziell f\u00fcr Sie mit Ihrem Hotellogo und spiegeln Ihre Marke auf die stilvollste Weise wider.   <\/span><\/p>\n<ul>\n<li><span style=\"color: #000000;\">Gr\u00f6\u00dfe : 50 \u00d7 50 x 17 mm<\/span><\/li>\n<li><span style=\"color: #000000;\">Gewicht: 4 gr<\/span><\/li>\n<li><span style=\"color: #000000;\">St\u00fcck im Paket: 865<\/span><\/li>\n<li><span style=\"color: #000000;\">Gr\u00f6\u00dfe der Parzelle: 400 x 250 x 410 mm<\/span><\/li>\n<li><span style=\"color: #000000;\"><sup>Lautst\u00e4rke:<\/sup> 0.041 m3<\/span><\/li>\n<li><span style=\"color: #000000;\">1 Duschhaube<\/span><\/li>\n<\/ul>\n<\/div>\n<\/div>\n<\/div>\n<\/div>\n","protected":false},"featured_media":3510,"comment_status":"open","ping_status":"closed","template":"","meta":{"inline_featured_image":false},"product_brand":[],"product_cat":[159,157],"product_tag":[],"class_list":{"0":"post-3509","1":"product","2":"type-product","3":"status-publish","4":"has-post-thumbnail","6":"product_cat-blumenstrauss-im-zimmer","7":"product_cat-blumenstraus-zubehor","8":"tm-has-options","10":"first","11":"instock","12":"shipping-taxable","13":"product-type-simple"},"_links":{"self":[{"href":"https:\/\/globalhotel.com.tr\/de\/wp-json\/wp\/v2\/product\/3509","targetHints":{"allow":["GET"]}}],"collection":[{"href":"https:\/\/globalhotel.com.tr\/de\/wp-json\/wp\/v2\/product"}],"about":[{"href":"https:\/\/globalhotel.com.tr\/de\/wp-json\/wp\/v2\/types\/product"}],"replies":[{"embeddable":true,"href":"https:\/\/globalhotel.com.tr\/de\/wp-json\/wp\/v2\/comments?post=3509"}],"wp:featuredmedia":[{"embeddable":true,"href":"https:\/\/globalhotel.com.tr\/de\/wp-json\/wp\/v2\/media\/3510"}],"wp:attachment":[{"href":"https:\/\/globalhotel.com.tr\/de\/wp-json\/wp\/v2\/media?parent=3509"}],"wp:term":[{"taxonomy":"product_brand","embeddable":true,"href":"https:\/\/globalhotel.com.tr\/de\/wp-json\/wp\/v2\/product_brand?post=3509"},{"taxonomy":"product_cat","embeddable":true,"href":"https:\/\/globalhotel.com.tr\/de\/wp-json\/wp\/v2\/product_cat?post=3509"},{"taxonomy":"product_tag","embeddable":true,"href":"https:\/\/globalhotel.com.tr\/de\/wp-json\/wp\/v2\/product_tag?post=3509"}],"curies":[{"name":"wp","href":"https:\/\/api.w.org\/{rel}","templated":true}]}}