{"id":3505,"date":"2024-09-26T17:02:21","date_gmt":"2024-09-26T14:02:21","guid":{"rendered":"https:\/\/globalhotel.com.tr\/urun\/bkl-042-bedrucktes-luxus-pflegeset\/"},"modified":"2025-04-16T02:35:26","modified_gmt":"2025-04-15T23:35:26","slug":"bkl-042-bedrucktes-luxus-pflegeset","status":"publish","type":"product","link":"https:\/\/globalhotel.com.tr\/de\/urun\/bkl-042-bedrucktes-luxus-pflegeset\/","title":{"rendered":"BKL-042 Bedrucktes Luxus-Pflegeset"},"content":{"rendered":"<p>&nbsp;<\/p>\n<div id=\"254C497F_ED5F_539E_BF08_9192F9A99B64\"><\/div>\n","protected":false},"excerpt":{"rendered":"<div class=\"flex max-w-full flex-col flex-grow\">\n<div class=\"min-h-8 text-message flex w-full flex-col items-end gap-2 whitespace-normal break-words text-start [.text-message+&amp;]:mt-5\" dir=\"auto\" data-message-author-role=\"assistant\" data-message-id=\"db5335c0-3604-4cf0-b9cb-d68c7d30fcfe\" data-message-model-slug=\"gpt-4o-mini\">\n<div class=\"flex w-full flex-col gap-1 empty:hidden first:pt-[3px]\">\n<div class=\"markdown prose w-full break-words dark:prose-invert dark\">\n<p><span style=\"color: #000000;\"><strong>BKL-042 Bedrucktes Luxus-Pflegeset<\/strong>, wird als stilvolles Set mit hochwertigen, bedruckten Pflegeprodukten wie Schminkwatte, Ohrwatte und Nagelfeile pr\u00e4sentiert, die speziell f\u00fcr Hotel- und Wellnessbetriebe entwickelt wurden. Diese Sets, die mit Ihrem Firmenlogo oder speziellen Aufdrucken personalisiert werden k\u00f6nnen, bieten Ihren G\u00e4sten ein komfortables und elegantes Pflegeerlebnis. Hochwertig produziert, st\u00e4rken diese Sets das professionelle Image Ihres Hotels, indem sie Eleganz und Eleganz miteinander verbinden. Wir gestalten sie speziell f\u00fcr Sie mit Ihrem Hotellogo und spiegeln Ihre Marke auf die eleganteste Weise wider.   <\/span><\/p>\n<ul>\n<li><span style=\"color: #000000;\"><strong>Gr\u00f6\u00dfe:<\/strong> 70 x 47 x 27 mm<\/span><\/li>\n<li><span style=\"color: #000000;\"><strong>Gewicht:<\/strong> 6 gr<\/span><\/li>\n<li><span style=\"color: #000000;\"><strong>St\u00fcckzahl im Paket:<\/strong> 375<\/span><\/li>\n<li><span style=\"color: #000000;\"><strong>Gr\u00f6\u00dfe der Parzelle: <\/strong>400 x 250 x 410 mm<\/span><\/li>\n<li><span style=\"color: #000000;\"><strong>Lautst\u00e4rke:<\/strong> 0.041 m<sup>3<\/sup><\/span><\/li>\n<li><span style=\"color: #000000;\"><strong>2 St\u00fcck Schminkwatte<\/strong><\/span><\/li>\n<li><span style=\"color: #000000;\"><strong>3 St\u00fcck Ohrwatte<\/strong><\/span><\/li>\n<li><span style=\"color: #000000;\"><strong>1 Akte<\/strong><\/span><\/li>\n<\/ul>\n<\/div>\n<\/div>\n<\/div>\n<\/div>\n<div class=\"mb-2 flex gap-3 empty:hidden -ml-2\">\n<div class=\"items-center justify-start rounded-xl p-1 flex\">\n<div class=\"flex items-center justify-center rounded-lg text-token-text-secondary\">\n<p>&nbsp;<\/p>\n<div class=\"px-0.5 text-sm font-semibold tabular-nums\"><\/div>\n<\/div>\n<\/div>\n<\/div>\n<div id=\"254C497F_ED5F_539E_BF08_9192F9A99B64\"><\/div>\n","protected":false},"featured_media":3506,"comment_status":"open","ping_status":"closed","template":"","meta":{"inline_featured_image":false},"product_brand":[],"product_cat":[159,157],"product_tag":[],"class_list":{"0":"post-3505","1":"product","2":"type-product","3":"status-publish","4":"has-post-thumbnail","6":"product_cat-blumenstrauss-im-zimmer","7":"product_cat-blumenstraus-zubehor","8":"tm-has-options","10":"first","11":"instock","12":"shipping-taxable","13":"product-type-simple"},"_links":{"self":[{"href":"https:\/\/globalhotel.com.tr\/de\/wp-json\/wp\/v2\/product\/3505","targetHints":{"allow":["GET"]}}],"collection":[{"href":"https:\/\/globalhotel.com.tr\/de\/wp-json\/wp\/v2\/product"}],"about":[{"href":"https:\/\/globalhotel.com.tr\/de\/wp-json\/wp\/v2\/types\/product"}],"replies":[{"embeddable":true,"href":"https:\/\/globalhotel.com.tr\/de\/wp-json\/wp\/v2\/comments?post=3505"}],"wp:featuredmedia":[{"embeddable":true,"href":"https:\/\/globalhotel.com.tr\/de\/wp-json\/wp\/v2\/media\/3506"}],"wp:attachment":[{"href":"https:\/\/globalhotel.com.tr\/de\/wp-json\/wp\/v2\/media?parent=3505"}],"wp:term":[{"taxonomy":"product_brand","embeddable":true,"href":"https:\/\/globalhotel.com.tr\/de\/wp-json\/wp\/v2\/product_brand?post=3505"},{"taxonomy":"product_cat","embeddable":true,"href":"https:\/\/globalhotel.com.tr\/de\/wp-json\/wp\/v2\/product_cat?post=3505"},{"taxonomy":"product_tag","embeddable":true,"href":"https:\/\/globalhotel.com.tr\/de\/wp-json\/wp\/v2\/product_tag?post=3505"}],"curies":[{"name":"wp","href":"https:\/\/api.w.org\/{rel}","templated":true}]}}