{"id":3499,"date":"2024-09-26T17:02:21","date_gmt":"2024-09-26T14:02:21","guid":{"rendered":"https:\/\/globalhotel.com.tr\/urun\/bkl-043-bedruckte-bechertasche\/"},"modified":"2024-09-26T17:02:21","modified_gmt":"2024-09-26T14:02:21","slug":"bkl-043-bedruckte-bechertasche","status":"publish","type":"product","link":"https:\/\/globalhotel.com.tr\/de\/urun\/bkl-043-bedruckte-bechertasche\/","title":{"rendered":"BKL-043 Bedruckte Bechertasche"},"content":{"rendered":"<p>&nbsp;<\/p>\n<div id=\"254C497F_ED5F_539E_BF08_9192F9A99B64\">\n<h2><strong>Bask\u0131l\u0131 Bardak Po\u015feti <\/strong><\/h2>\n<p><a href=\"https:\/\/globalhotel.com.tr\/de\/\">Bask\u0131l\u0131 bardak po\u015fetleri<\/a>, oteller, kafe ve restoranlar i\u00e7in m\u00fckemmel bir \u00e7\u00f6z\u00fcm sunar. Y\u00fcksek kaliteli malzeme ile \u00fcretilen bu po\u015fetler, g\u00fcnl\u00fck kullan\u0131mda dayan\u0131kl\u0131 olup, \u00f6zellikle hijyenik ko\u015fullar\u0131n \u00f6nem kazand\u0131\u011f\u0131 i\u015fletmeler i\u00e7in vazge\u00e7ilmezdir. \u00dcr\u00fcn, i\u00e7eri\u011fine uygun \u015fekilde \u00f6zel olarak tasarlanm\u0131\u015f bask\u0131lar\u0131 sayesinde, marka kimli\u011finizi m\u00fc\u015fterilerinize etkili bir bi\u00e7imde iletme imkan\u0131 sa\u011flar.  <\/p>\n<\/div>\n<div id=\"254C497F_ED5F_539E_BF08_9192F9A99B64\"><\/div>\n","protected":false},"excerpt":{"rendered":"<div class=\"flex max-w-full flex-col flex-grow\">\n<div class=\"min-h-8 text-message flex w-full flex-col items-end gap-2 whitespace-normal break-words text-start [.text-message+&amp;]:mt-5\" dir=\"auto\" data-message-author-role=\"assistant\" data-message-id=\"00319b09-2a0b-437a-9389-0ad2d7a6a8b8\" data-message-model-slug=\"gpt-4o-mini\">\n<div class=\"flex w-full flex-col gap-1 empty:hidden first:pt-[3px]\">\n<div class=\"markdown prose w-full break-words dark:prose-invert dark\">\n<p><span style=\"color: #282828;\"><strong>BKL-043 Bedruckte Bechertasche<\/strong>, Es ist ein ideales Produkt, um Ihre Getr\u00e4nke in Hotelzimmern und Restaurants hygienisch zu pr\u00e4sentieren. Die aus hochwertigen Materialien gefertigten Beutel sch\u00fctzen Ihre Getr\u00e4nke und werben gleichzeitig mit verschiedenen Druckoptionen f\u00fcr Ihre Marke. Mit ihrem stilvollen Design und ihrer robusten Struktur bieten sie eine lange Nutzungsdauer. Wir gestalten sie speziell f\u00fcr Sie mit Ihrem Hotellogo und spiegeln Ihre Marke auf die stilvollste Weise wider.   <\/span><\/p>\n<ul>\n<li><span style=\"color: #282828;\"><strong>Gr\u00f6\u00dfe:<\/strong> 260 x 150 mm<\/span><\/li>\n<li><span style=\"color: #282828;\"><strong>Gewicht:<\/strong> 2 gr<\/span><\/li>\n<li><span style=\"color: #282828;\"><strong>St\u00fcck im Paket:<\/strong> 5000<\/span><\/li>\n<li><span style=\"color: #282828;\"><strong>Gr\u00f6\u00dfe der Parzelle:<\/strong> 240 x 150 x 100 mm<\/span><\/li>\n<li><span style=\"color: #282828;\"><strong>Lautst\u00e4rke:<\/strong> 0.004 m\u00b3<\/span><\/li>\n<\/ul>\n<\/div>\n<\/div>\n<\/div>\n<\/div>\n<div class=\"mb-2 flex gap-3 empty:hidden -ml-2\">\n<div class=\"items-center justify-start rounded-xl p-1 flex\">\n<div class=\"flex items-center\">\n<div class=\"flex\"><\/div>\n<div class=\"flex items-center pb-0\"><\/div>\n<\/div>\n<\/div>\n<\/div>\n<div id=\"254C497F_ED5F_539E_BF08_9192F9A99B64\"><\/div>\n<div id=\"254C497F_ED5F_539E_BF08_9192F9A99B64\"><\/div>\n","protected":false},"featured_media":3500,"comment_status":"open","ping_status":"closed","template":"","meta":{"inline_featured_image":false},"product_brand":[],"product_cat":[159,157],"product_tag":[],"class_list":{"0":"post-3499","1":"product","2":"type-product","3":"status-publish","4":"has-post-thumbnail","6":"product_cat-blumenstrauss-im-zimmer","7":"product_cat-blumenstraus-zubehor","8":"tm-has-options","10":"first","11":"instock","12":"shipping-taxable","13":"product-type-simple"},"_links":{"self":[{"href":"https:\/\/globalhotel.com.tr\/de\/wp-json\/wp\/v2\/product\/3499","targetHints":{"allow":["GET"]}}],"collection":[{"href":"https:\/\/globalhotel.com.tr\/de\/wp-json\/wp\/v2\/product"}],"about":[{"href":"https:\/\/globalhotel.com.tr\/de\/wp-json\/wp\/v2\/types\/product"}],"replies":[{"embeddable":true,"href":"https:\/\/globalhotel.com.tr\/de\/wp-json\/wp\/v2\/comments?post=3499"}],"wp:featuredmedia":[{"embeddable":true,"href":"https:\/\/globalhotel.com.tr\/de\/wp-json\/wp\/v2\/media\/3500"}],"wp:attachment":[{"href":"https:\/\/globalhotel.com.tr\/de\/wp-json\/wp\/v2\/media?parent=3499"}],"wp:term":[{"taxonomy":"product_brand","embeddable":true,"href":"https:\/\/globalhotel.com.tr\/de\/wp-json\/wp\/v2\/product_brand?post=3499"},{"taxonomy":"product_cat","embeddable":true,"href":"https:\/\/globalhotel.com.tr\/de\/wp-json\/wp\/v2\/product_cat?post=3499"},{"taxonomy":"product_tag","embeddable":true,"href":"https:\/\/globalhotel.com.tr\/de\/wp-json\/wp\/v2\/product_tag?post=3499"}],"curies":[{"name":"wp","href":"https:\/\/api.w.org\/{rel}","templated":true}]}}