{"id":3497,"date":"2024-09-26T17:02:21","date_gmt":"2024-09-26T14:02:21","guid":{"rendered":"https:\/\/globalhotel.com.tr\/urun\/bkl-040-bedruckte-raspel\/"},"modified":"2024-09-26T17:02:21","modified_gmt":"2024-09-26T14:02:21","slug":"bkl-040-bedruckte-raspel","status":"publish","type":"product","link":"https:\/\/globalhotel.com.tr\/de\/urun\/bkl-040-bedruckte-raspel\/","title":{"rendered":"BKL-040 Bedruckte Raspel"},"content":{"rendered":"<h2><strong>Bask\u0131l\u0131 T\u00f6rp\u00fc <\/strong><\/h2>\n<p>Otelinizin konuklar\u0131na sundu\u011funuz kaliteli hizmeti, her detayda hissettirebilmek i\u00e7in do\u011fru malzemeleri se\u00e7mek olduk\u00e7a \u00f6nemlidir. Bask\u0131l\u0131 t\u00f6rp\u00fc, konuklar\u0131n ki\u015fisel bak\u0131m ihtiya\u00e7lar\u0131n\u0131 kar\u015f\u0131lamak i\u00e7in m\u00fckemmel bir tercihtir. Hem \u015f\u0131kl\u0131\u011f\u0131 hem de i\u015flevselli\u011fiyle, otel malzemeleri aras\u0131nda vazge\u00e7ilmez bir yer tutar. \u0130ster spa hizmetleri sunan bir otel, ister g\u00fcnl\u00fck bak\u0131m ihtiya\u00e7lar\u0131n\u0131 \u00f6nemseyen bir tesis olun, bu \u00fcr\u00fcn misafirlerinize hem konfor hem de kaliteli bir deneyim sunar.   <\/p>\n<h3><strong>Hohe Qualit\u00e4t und Langlebigkeit<\/strong><\/h3>\n<p><a href=\"https:\/\/globalhotel.com.tr\/de\/\"><strong>Bask\u0131l\u0131 t\u00f6rp\u00fcler<\/strong><\/a>, y\u00fcksek kaliteli malzemelerden \u00fcretilmi\u015ftir ve uzun s\u00fcreli kullan\u0131mlar i\u00e7in tasarlanm\u0131\u015ft\u0131r. Yumu\u015fak yap\u0131s\u0131, cilde zarar vermeden m\u00fckemmel bir t\u00f6rp\u00fcleme i\u015flemi sa\u011flar. Ah\u015fap, plastik veya metal gibi dayan\u0131kl\u0131 malzemelerle \u00fcretilen bask\u0131l\u0131 t\u00f6rp\u00fcler, her t\u00fcrl\u00fc ortamda kullan\u0131labilir. Konuklar\u0131n\u0131z\u0131n ellerinin veya t\u0131rnaklar\u0131n\u0131n bak\u0131m\u0131 s\u0131ras\u0131nda rahat\u00e7a kullan\u0131labilecek bu \u00fcr\u00fcn, ayn\u0131 zamanda uzun s\u00fcre dayanacak \u015fekilde tasarlanm\u0131\u015ft\u0131r.   <\/p>\n<h2><strong>\u00d6zel Bask\u0131 Tasar\u0131mlar\u0131 ile \u015e\u0131kl\u0131k<\/strong><\/h2>\n<p><strong>Bask\u0131l\u0131 t\u00f6rp\u00fcler<\/strong>, \u00fczerinde otelinizin logosu veya \u00f6zel tasar\u0131mlar\u0131n\u0131zla ki\u015fiselle\u015ftirilebilir. Bu \u015f\u0131k bask\u0131lar, hem estetik a\u00e7\u0131dan ho\u015f bir g\u00f6r\u00fcn\u00fcm sunar hem de otelinizin marka kimli\u011fini g\u00fc\u00e7lendirir. Misafirleriniz, her kullan\u0131mla birlikte otelinizin kalitesini hissedecek, \u00f6zel bask\u0131 tasar\u0131mlar\u0131 sayesinde, kendilerini farkl\u0131 ve de\u011ferli hissedeceklerdir. Tasar\u0131mda kullan\u0131lan renkler, yaz\u0131lar ve desenler, otelinizin genel konseptiyle uyumlu olacak \u015fekilde \u00f6zelle\u015ftirilebilir.   <\/p>\n<h3><strong>\u00c7ok Y\u00f6nl\u00fc Kullan\u0131m<\/strong><\/h3>\n<p>Bask\u0131l\u0131 t\u00f6rp\u00fcler yaln\u0131zca otel odalar\u0131nda de\u011fil, ayn\u0131 zamanda spa, sauna ve g\u00fczellik merkezlerinde de kullan\u0131labilecek pratik bir \u00fcr\u00fcnd\u00fcr. Misafirleriniz, elleri ve t\u0131rnaklar\u0131 i\u00e7in rahat\u00e7a kullanabilecekleri bu \u00fcr\u00fcn\u00fc, hem konforlu hem de hijyenik bir \u015fekilde deneyimleyeceklerdir. Ayr\u0131ca, otelinizin hizmet kalitesini art\u0131rarak, konuklar\u0131n\u0131z\u0131n memnuniyetini sa\u011flayacak \u00f6nemli bir detayd\u0131r.  <\/p>\n<div id=\"254C497F_ED5F_539E_BF08_9192F9A99B64\"><\/div>\n","protected":false},"excerpt":{"rendered":"<p><strong>BKL-040 Bedruckte Raspel<\/strong>, ist ein stilvolles und n\u00fctzliches Produkt f\u00fcr die pers\u00f6nliche Pflege in Hotels und Unternehmen. Mit hochwertigen Methoden hergestellt, ist diese Mappe eine ausgezeichnete Wahl, sowohl in Bezug auf \u00c4sthetik als auch auf Funktionalit\u00e4t. Dieses Produkt, das mit Ihren Firmenlogos oder speziellen Botschaften personalisiert werden kann, bietet Ihren G\u00e4sten ein komfortables Nutzungserlebnis. Es kann in Hotel- oder Spa-Bereichen eingesetzt werden und tr\u00e4gt zur St\u00e4rkung Ihres Markenimages bei. Wir gestalten es speziell f\u00fcr Sie mit Ihrem Hotellogo und spiegeln Ihre Marke auf die stilvollste Weise wider.    <\/p>\n<ul>\n<li><strong>Gr\u00f6\u00dfe:<\/strong> 130 x 25 x 10 mm<\/li>\n<li><strong>Gewicht:<\/strong> 4 gr<\/li>\n<li><strong>St\u00fcck im Paket:<\/strong> 650<\/li>\n<li><strong>Gr\u00f6\u00dfe der Parzelle: <\/strong>400 x 250 x 410 mm<\/li>\n<li><strong>Lautst\u00e4rke:<\/strong> 0.041 m<sup>3<\/sup><\/li>\n<\/ul>\n<div id=\"254C497F_ED5F_539E_BF08_9192F9A99B64\"><\/div>\n","protected":false},"featured_media":3498,"comment_status":"open","ping_status":"closed","template":"","meta":{"inline_featured_image":false},"product_brand":[],"product_cat":[159,157],"product_tag":[],"class_list":{"0":"post-3497","1":"product","2":"type-product","3":"status-publish","4":"has-post-thumbnail","6":"product_cat-blumenstrauss-im-zimmer","7":"product_cat-blumenstraus-zubehor","8":"tm-has-options","10":"first","11":"instock","12":"shipping-taxable","13":"product-type-simple"},"_links":{"self":[{"href":"https:\/\/globalhotel.com.tr\/de\/wp-json\/wp\/v2\/product\/3497","targetHints":{"allow":["GET"]}}],"collection":[{"href":"https:\/\/globalhotel.com.tr\/de\/wp-json\/wp\/v2\/product"}],"about":[{"href":"https:\/\/globalhotel.com.tr\/de\/wp-json\/wp\/v2\/types\/product"}],"replies":[{"embeddable":true,"href":"https:\/\/globalhotel.com.tr\/de\/wp-json\/wp\/v2\/comments?post=3497"}],"wp:featuredmedia":[{"embeddable":true,"href":"https:\/\/globalhotel.com.tr\/de\/wp-json\/wp\/v2\/media\/3498"}],"wp:attachment":[{"href":"https:\/\/globalhotel.com.tr\/de\/wp-json\/wp\/v2\/media?parent=3497"}],"wp:term":[{"taxonomy":"product_brand","embeddable":true,"href":"https:\/\/globalhotel.com.tr\/de\/wp-json\/wp\/v2\/product_brand?post=3497"},{"taxonomy":"product_cat","embeddable":true,"href":"https:\/\/globalhotel.com.tr\/de\/wp-json\/wp\/v2\/product_cat?post=3497"},{"taxonomy":"product_tag","embeddable":true,"href":"https:\/\/globalhotel.com.tr\/de\/wp-json\/wp\/v2\/product_tag?post=3497"}],"curies":[{"name":"wp","href":"https:\/\/api.w.org\/{rel}","templated":true}]}}