{"id":3488,"date":"2024-09-26T16:58:47","date_gmt":"2024-09-26T13:58:47","guid":{"rendered":"https:\/\/globalhotel.com.tr\/urun\/holzernes-blumenstraustablett-02\/"},"modified":"2025-04-16T13:32:19","modified_gmt":"2025-04-16T10:32:19","slug":"holzernes-blumenstraustablett-02","status":"publish","type":"product","link":"https:\/\/globalhotel.com.tr\/de\/urun\/holzernes-blumenstraustablett-02\/","title":{"rendered":"H\u00f6lzernes Blumenstrau\u00dftablett \u2013 02"},"content":{"rendered":"<p>Niedrigere Waschtemperaturen und Schonwaschg\u00e4nge sind schonender f\u00fcr die Kleidung und tragen dazu bei, Farbe, Form und Struktur des Gewebes zu erhalten. Gleichzeitig wird der Energieverbrauch f\u00fcr die Pflege reduziert. <\/p>\n<ul>\n<li><strong>Modell tr\u00e4gt: <\/strong>UK 10\/ EU 38\/ US 6<\/li>\n<li><strong>Anlass: <\/strong>Lebensstil, Sport<\/li>\n<li><strong>Land: <\/strong>Italien<\/li>\n<\/ul>\n<ul>\n<li><strong>\u00c4u\u00dferes:<\/strong> Leder 100%, Polyamid 100%<\/li>\n<li><strong>Innenfutter:<\/strong> Polyester 100%<\/li>\n<li><strong>Bodenbelag:<\/strong> Gummi 100%<\/li>\n<\/ul>\n<h2><strong>H\u00f6lzernes Blumenstrau\u00df-Tablett: Bringen Sie Hotelkomfort in Ihr Zuhause<\/strong><\/h2>\n<p>Hotelbetriebe achten auf jedes Detail, um den Komfort und die Bequemlichkeit ihrer G\u00e4ste zu gew\u00e4hrleisten. Eines dieser Details ist das <strong>h\u00f6lzerne Boucl\u00e9-Tablett<\/strong>. HDieses Produkt, das sowohl stilvoll als auch n\u00fctzlich ist, wird h\u00e4ufig in Hotelzimmern und Lobbybereichen bevorzugt. Es bietet jedoch eine elegante Option, die Sie nicht nur in der Hotellerie, sondern auch zu Hause verwenden k\u00f6nnen. Mit ihrer Eleganz, \u00c4sthetik und Funktionalit\u00e4t passt sich die <strong>h\u00f6lzerne Blumenschale<\/strong> jedem Interieur an.    <\/p>\n<h3>\u00c4sthetische Aspekte des h\u00f6lzernen Blumenstrau\u00dftabletts<\/h3>\n<p><strong>H\u00f6lzernes Blumenstrau\u00dftablett<\/strong>, ist ein Produkt, das aus der Kombination von klassischer Holzbearbeitung und modernem Design entstanden ist. Die nat\u00fcrliche Maserung des Holzes verleiht jedem Tablett einen einzigartigen Charakter. Diese Tabletts sind nicht nur ein Transportmittel, sondern auch ein optischer Blickfang. Vor allem in Hotelzimmern eignen sie sich hervorragend f\u00fcr die Ablage von Minibars, Kaffeesets oder Badezimmerprodukten. Durch die Verwendung von <strong>Boule-Tabletts aus Holz erh\u00f6hen<\/strong> Hotelbetriebe den \u00e4sthetischen Wert der Zimmer und bieten ihren G\u00e4sten einen optischen Leckerbissen.    <\/p>\n<h3>Funktionelles und langlebiges Design<\/h3>\n<p>Es ist sehr wichtig, dass ein Hotelprodukt nicht nur \u00e4sthetisch, sondern auch funktional ist. Das <strong>h\u00f6lzerne Boule-Tablett<\/strong> zieht die Aufmerksamkeit durch seine Praktikabilit\u00e4t auf sich. Die G\u00e4ste k\u00f6nnen ihre Getr\u00e4nke, Snacks oder Badeartikel leicht transportieren. Seine robuste Struktur ist ideal f\u00fcr den langfristigen Gebrauch und sehr einfach in der Reinigung und Pflege. Die Holzoberfl\u00e4che kann bei regelm\u00e4\u00dfiger Reinigung viele Jahre lang verwendet werden.    <\/p>\n<h3>Verwendung eines h\u00f6lzernen Blumenstrau\u00dftabletts in Hotelzimmern<\/h3>\n<p>Die Verwendung von <strong>Boule-Tabletts<\/strong> aus Holz in Hotelzimmern ist eine sehr praktische L\u00f6sung, um den Bed\u00fcrfnissen der G\u00e4ste gerecht zu werden.Auf dem Tablett k\u00f6nnen verschiedene Produkte wie Kaffeegeschirr, Flaschen und Toilettenartikel geordnet untergebracht werden. Au\u00dferdem bieten diese Tabletts, die die Eleganz von Hotelzimmern erh\u00f6hen, den G\u00e4sten einen herzlichen Empfang. In einem Hotel kann mit einem <strong>h\u00f6lzernen Boule-Tablett<\/strong> jeder Gegenstand im Zimmer auf geordnete und stilvolle Weise pr\u00e4sentiert werden. Die G\u00e4ste sind sowohl \u00e4sthetisch als auch funktionell zufrieden, wenn sie ihr Zimmer betreten.    <\/p>\n<h3>Verwendung eines h\u00f6lzernen Blumenstrau\u00dftabletts zu Hause<\/h3>\n<p>Das in der Hotellerie weit verbreitete <strong>Boucletablett aus Holz ist ein<\/strong> vielseitiges Produkt, das auch zu Hause verwendet werden kann. Zu Hause k\u00f6nnen Sie dieses stilvolle Tablett verwenden, wenn Sie Ihre G\u00e4ste bewirten oder Ihren eigenen Bedarf organisieren. Das Tablett ist besonders praktisch f\u00fcr das Fr\u00fchst\u00fcck, das Servieren im Zimmer oder das Ordnen von Badezimmerprodukten. Die warme Maserung des Holzes verleiht Ihrem Zuhause einen nat\u00fcrlichen und eleganten Touch. Sie k\u00f6nnen sich auch f\u00fcr ein <strong>h\u00f6lzernes Bouquet-Tablett<\/strong> entscheiden, um Ihre G\u00e4ste auf elegante Weise zu empfangen.    <\/p>\n<h3>Warum sollte ein h\u00f6lzernes Bouquet-Tablett bevorzugt werden?<\/h3>\n<p>Das <strong>Boucle-Tablett<\/strong> aus Holz zeichnet sich sowohl durch \u00e4sthetische als auch durch funktionale Eigenschaften aus. Diese Tabletts sind stilvolle, langlebige und n\u00fctzliche Produkte, die Sie sowohl in Ihren Hotelzimmern als auch in Ihren Wohnungen verwenden k\u00f6nnen. Mit einem <a href=\"https:\/\/globalhotel.com.tr\/de\/\"><strong>Bouquet-Tablett<\/strong><\/a> aus Holz k\u00f6nnen Sie Ihren R\u00e4umen eine elegante Note verleihen und gleichzeitig f\u00fcr Ordnung sorgen. Diese sowohl praktischen als auch optisch ansprechenden Produkte passen sich an alle Arten von Innenr\u00e4umen an und sind einfach zu verwenden.  <\/p>\n","protected":false},"excerpt":{"rendered":"<p>Boule-Tabletts aus Holz werden in verschiedenen Ausf\u00fchrungen und Gr\u00f6\u00dfen zum Verkauf angeboten. Aus hochwertigen Materialien gefertigt, sorgen diese Produkte f\u00fcr eine stilvolle Pr\u00e4sentation in Hotels und Restaurants. <\/p>\n<ul>\n<li><strong>Abmessungen:<\/strong> 210 x 50 x 30 mm<\/li>\n<li><strong>Gewicht:<\/strong> 100 Gr.<\/li>\n<\/ul>\n","protected":false},"featured_media":3489,"comment_status":"open","ping_status":"closed","template":"","meta":{"inline_featured_image":false},"product_brand":[],"product_cat":[157,158],"product_tag":[],"class_list":{"0":"post-3488","1":"product","2":"type-product","3":"status-publish","4":"has-post-thumbnail","6":"product_cat-blumenstraus-zubehor","7":"product_cat-holzernes-blumenstraustablett","8":"tm-has-options","10":"first","11":"instock","12":"shipping-taxable","13":"product-type-simple"},"_links":{"self":[{"href":"https:\/\/globalhotel.com.tr\/de\/wp-json\/wp\/v2\/product\/3488","targetHints":{"allow":["GET"]}}],"collection":[{"href":"https:\/\/globalhotel.com.tr\/de\/wp-json\/wp\/v2\/product"}],"about":[{"href":"https:\/\/globalhotel.com.tr\/de\/wp-json\/wp\/v2\/types\/product"}],"replies":[{"embeddable":true,"href":"https:\/\/globalhotel.com.tr\/de\/wp-json\/wp\/v2\/comments?post=3488"}],"wp:featuredmedia":[{"embeddable":true,"href":"https:\/\/globalhotel.com.tr\/de\/wp-json\/wp\/v2\/media\/3489"}],"wp:attachment":[{"href":"https:\/\/globalhotel.com.tr\/de\/wp-json\/wp\/v2\/media?parent=3488"}],"wp:term":[{"taxonomy":"product_brand","embeddable":true,"href":"https:\/\/globalhotel.com.tr\/de\/wp-json\/wp\/v2\/product_brand?post=3488"},{"taxonomy":"product_cat","embeddable":true,"href":"https:\/\/globalhotel.com.tr\/de\/wp-json\/wp\/v2\/product_cat?post=3488"},{"taxonomy":"product_tag","embeddable":true,"href":"https:\/\/globalhotel.com.tr\/de\/wp-json\/wp\/v2\/product_tag?post=3488"}],"curies":[{"name":"wp","href":"https:\/\/api.w.org\/{rel}","templated":true}]}}