{"id":3480,"date":"2024-09-26T17:04:09","date_gmt":"2024-09-26T14:04:09","guid":{"rendered":"https:\/\/globalhotel.com.tr\/urun\/sky-008-handetrockner-2450-w\/"},"modified":"2024-09-26T17:04:09","modified_gmt":"2024-09-26T14:04:09","slug":"sky-008-handetrockner-2450-w","status":"publish","type":"product","link":"https:\/\/globalhotel.com.tr\/de\/urun\/sky-008-handetrockner-2450-w\/","title":{"rendered":"SKY-008 H\u00e4ndetrockner 2450 W"},"content":{"rendered":"<h2 data-start=\"0\" data-end=\"54\"><strong data-start=\"0\" data-end=\"54\">H\u00e4ndetrockner <\/strong><\/h2>\n<p data-start=\"56\" data-end=\"418\">Entworfen, um Hotelbadezimmern einen modernen Touch zu verleihen <a href=\"https:\/\/globalhotel.com.tr\/de\/\">H\u00e4ndetrockner<\/a>, zeichnet sich durch seine hohe Leistung und sein elegantes Design aus. Dieses Produkt erh\u00f6ht den Komfort in Hotelb\u00e4dern, indem es den G\u00e4sten die M\u00f6glichkeit bietet, ihre H\u00e4nde schnell und hygienisch zu trocknen. Sein 2450-W-Motor spart Zeit, indem er die H\u00e4nde in wenigen Sekunden mit seiner starken Luftgeschwindigkeit trocknet.  <\/p>\n<p data-start=\"420\" data-end=\"956\"><strong data-start=\"420\" data-end=\"457\">Schnelle Trocknung und leistungsstarke Leistung Der<\/strong> H\u00e4ndetrockner hat eine hervorragende Leistung mit einer Gebl\u00e4setemperatur von 70\u2070C und einer Gebl\u00e4segeschwindigkeit von 85 km\/h. Dieser schnelle Luftstrom sorgt daf\u00fcr, dass die H\u00e4nde schnell trocknen, was f\u00fcr die G\u00e4ste ein angenehmes Erlebnis garantiert. In Bereichen mit intensiver Nutzung, wie z. B. in Hotels, sorgt die Schnelltrocknungsfunktion daf\u00fcr, dass die Nutzung des Badezimmers effizienter und zeitnaher erfolgt. Dar\u00fcber hinaus wird der Infrarotsensor des Ger\u00e4ts automatisch aktiviert, wenn die H\u00e4nde unter das Ger\u00e4t kommen, was eine hygienische und praktische Anwendung erm\u00f6glicht.   <\/p>\n<p data-start=\"958\" data-end=\"1432\"><strong data-start=\"958\" data-end=\"1002\">Langlebiges Design und wirtschaftliche Leistung<\/strong> Sein robustes und sto\u00dffestes Design gew\u00e4hrleistet eine lange Nutzungsdauer des H\u00e4ndetrockners. Hergestellt aus hochwertigen Materialien, kann dieses Ger\u00e4t viele Jahre lang reibungslos funktionieren. Dar\u00fcber hinaus bietet dieses umweltfreundliche und wirtschaftliche Modell dank seiner Energieeffizienz Kosteneinsparungen f\u00fcr Unternehmen. Es tr\u00e4gt zu den Energierechnungen Ihres Hotels bei, da es sowohl auf den Energieverbrauch achtet als auch eine hohe Leistung bietet.   <\/p>\n<p data-start=\"1434\" data-end=\"1810\"><strong data-start=\"1434\" data-end=\"1459\">Einfache Montage und Wartung<\/strong> Die einfache Installation und die Vorteile der Wartung machen den H\u00e4ndetrockner 2450W zur idealen Wahl f\u00fcr Hotelbetriebe. Durch die schnelle Installation und den minimalen Wartungsbedarf erleichtert er die Arbeit in Ihrem Betrieb. Der um 360 Grad drehbare Kopf bietet eine flexible Nutzung mit Blick auf den Komfort des Benutzers, so dass er bequem aus jedem Winkel verwendet werden kann.  <\/p>\n","protected":false},"excerpt":{"rendered":"<p><strong>SKY-008 H\u00e4ndetrockner 2450 W<\/strong>, Mit seiner hohen Leistung und schnellen Trocknungsfunktion verleiht er Hotelb\u00e4dern einen modernen Touch. Sein 2450-Watt-Motor bietet den G\u00e4sten ein praktisches Nutzungserlebnis durch schnelles Trocknen der H\u00e4nde. Mit seinem langlebigen und eleganten Design bietet er eine lange Nutzungsdauer. Er ist wirtschaftlich und umweltfreundlich, da er sowohl energieeffizient als auch leistungsstark ist. Dank seiner einfachen Installation und Wartung sorgt der H\u00e4ndetrockner 2450w f\u00fcr eine hygienische Umgebung und steigert die Zufriedenheit der G\u00e4ste in Ihrem Hotel.    <\/p>\n<ul>\n<li class=\"av_iconlist_title iconlist_title_small \">Gebl\u00e4setemperatur 70\u2070<\/li>\n<li class=\"av_iconlist_title iconlist_title_small \">Gebl\u00e4segeschwindigkeit 85 Km\/h<\/li>\n<li class=\"av_iconlist_title iconlist_title_small \">Infrarot-Sensor<\/li>\n<li class=\"av_iconlist_title iconlist_title_small \">Hohe Luftgeschwindigkeit<\/li>\n<li class=\"av_iconlist_title iconlist_title_small \">Langlebiger Motor<\/li>\n<li class=\"av_iconlist_title iconlist_title_small \">Langlebig, sto\u00dffest<\/li>\n<li class=\"av_iconlist_title iconlist_title_small \">360 Grad drehbarer Kopf<\/li>\n<li><strong>Gr\u00f6\u00dfe :<\/strong> 215 \u00d7 245 \u00d7 155 mm<\/li>\n<li><strong>Gewicht:<\/strong> 5 Kg<\/li>\n<\/ul>\n","protected":false},"featured_media":3481,"comment_status":"open","ping_status":"closed","template":"","meta":{"inline_featured_image":false},"product_brand":[],"product_cat":[155,153],"product_tag":[],"class_list":{"0":"post-3480","1":"product","2":"type-product","3":"status-publish","4":"has-post-thumbnail","6":"product_cat-hand-trocknungsmaschinen","7":"product_cat-nassbereich-ausrustungen","8":"tm-has-options","10":"first","11":"instock","12":"shipping-taxable","13":"product-type-simple"},"_links":{"self":[{"href":"https:\/\/globalhotel.com.tr\/de\/wp-json\/wp\/v2\/product\/3480","targetHints":{"allow":["GET"]}}],"collection":[{"href":"https:\/\/globalhotel.com.tr\/de\/wp-json\/wp\/v2\/product"}],"about":[{"href":"https:\/\/globalhotel.com.tr\/de\/wp-json\/wp\/v2\/types\/product"}],"replies":[{"embeddable":true,"href":"https:\/\/globalhotel.com.tr\/de\/wp-json\/wp\/v2\/comments?post=3480"}],"wp:featuredmedia":[{"embeddable":true,"href":"https:\/\/globalhotel.com.tr\/de\/wp-json\/wp\/v2\/media\/3481"}],"wp:attachment":[{"href":"https:\/\/globalhotel.com.tr\/de\/wp-json\/wp\/v2\/media?parent=3480"}],"wp:term":[{"taxonomy":"product_brand","embeddable":true,"href":"https:\/\/globalhotel.com.tr\/de\/wp-json\/wp\/v2\/product_brand?post=3480"},{"taxonomy":"product_cat","embeddable":true,"href":"https:\/\/globalhotel.com.tr\/de\/wp-json\/wp\/v2\/product_cat?post=3480"},{"taxonomy":"product_tag","embeddable":true,"href":"https:\/\/globalhotel.com.tr\/de\/wp-json\/wp\/v2\/product_tag?post=3480"}],"curies":[{"name":"wp","href":"https:\/\/api.w.org\/{rel}","templated":true}]}}