{"id":3478,"date":"2024-09-26T17:04:09","date_gmt":"2024-09-26T14:04:09","guid":{"rendered":"https:\/\/globalhotel.com.tr\/urun\/sky-007-papierhandtuchspender\/"},"modified":"2025-04-16T02:41:11","modified_gmt":"2025-04-15T23:41:11","slug":"sky-007-papierhandtuchspender","status":"publish","type":"product","link":"https:\/\/globalhotel.com.tr\/de\/urun\/sky-007-papierhandtuchspender\/","title":{"rendered":"SKY-007 Papierhandtuchspender"},"content":{"rendered":"<h2 data-start=\"0\" data-end=\"45\"><strong data-start=\"0\" data-end=\"45\">Papierhandtuchspender <\/strong><\/h2>\n<p data-start=\"47\" data-end=\"519\"><a href=\"https:\/\/globalhotel.com.tr\/de\/\">Papierhandtuchspender<\/a>, Es handelt sich um ein praktisches Produkt, das f\u00fcr Hygiene und Benutzerfreundlichkeit in Unternehmen wie Hotels, Restaurants, Caf\u00e9s und B\u00fcros entwickelt wurde. Diese Spender sorgen daf\u00fcr, dass Papierhandt\u00fccher geordnet aufbewahrt werden und die Benutzer ihren Bedarf auf hygienische Weise decken k\u00f6nnen. Vor allem in stark frequentierten Bereichen tr\u00e4gt die M\u00f6glichkeit f\u00fcr die G\u00e4ste, ihre H\u00e4nde auf praktische und schnelle Weise abzutrocknen, dazu bei, die Hygienestandards in den Unternehmen zu verbessern.  <\/p>\n<p data-start=\"521\" data-end=\"549\"><strong data-start=\"521\" data-end=\"549\">Langlebiges und stilvolles Design<\/strong><\/p>\n<p data-start=\"551\" data-end=\"1007\">Papierhandtuchspender bieten Eleganz und Haltbarkeit zugleich. In der Regel aus Edelstahl, Kunststoff oder Aluminium gefertigt, sind diese Spender die ideale Wahl f\u00fcr eine dauerhafte Nutzung. Dank ihrer satinierten Oberfl\u00e4chen wird ein modernes Erscheinungsbild erreicht, das die \u00e4sthetische Struktur der R\u00e4ume erg\u00e4nzt. Besonders in \u00e4sthetisch wichtigen Bereichen von Hotels und Restaurants zeigen solche stilvollen Designs, dass Sie Ihren Kunden einen hochwertigen Service bieten.   <\/p>\n<p data-start=\"1009\" data-end=\"1045\"><strong data-start=\"1009\" data-end=\"1045\">Einfach zu handhabende und hygienische L\u00f6sung<\/strong><\/p>\n<p data-start=\"1047\" data-end=\"1584\">Die Benutzerfreundlichkeit von Papierhandtuchspendern beschleunigt den t\u00e4glichen Betrieb von Unternehmen. Die Benutzer k\u00f6nnen die Papierhandt\u00fccher einfach aus dem Spender ziehen und benutzen. Vor allem Modelle mit Sensoren erm\u00f6glichen es, Papierhandt\u00fccher zu ziehen, ohne die H\u00e4nde zu ber\u00fchren, was eine hygienischere Nutzung erm\u00f6glicht. Solche Funktionen sind in Bereichen mit starkem Kundenverkehr, wie z. B. in Hotels und Restaurants, von gro\u00dfem Vorteil. Dar\u00fcber hinaus wird durch die ordnungsgem\u00e4\u00dfe Entnahme von Papierhandt\u00fcchern auch Abfall vermieden, was f\u00fcr die Unternehmen wirtschaftliche Vorteile bringt.    <\/p>\n<p data-start=\"1586\" data-end=\"1613\"><strong data-start=\"1586\" data-end=\"1613\">Wirtschaftlich und umweltschonend<\/strong><\/p>\n<p data-start=\"1615\" data-end=\"1984\">Papierhandtuchspender f\u00f6rdern die Verwendung der richtigen Menge an Papierhandt\u00fcchern. Dies optimiert den Papierhandtuchverbrauch und ist eine umweltfreundliche L\u00f6sung. Die Spender sind mit speziellen Systemen ausgestattet, die verhindern, dass Papierhandt\u00fccher, die sich in den Spendern befinden, verschwendet werden. Dies senkt die Kosten Ihres Unternehmens und erm\u00f6glicht es Ihnen, einen umweltfreundlichen Ansatz zu verfolgen.   <\/p>\n<p data-start=\"1986\" data-end=\"2016\"><strong data-start=\"1986\" data-end=\"2016\">Einfache Installation und Wartung<\/strong><\/p>\n<p data-start=\"2018\" data-end=\"2375\">Papierhandtuchspender sind sehr einfach zu installieren. Diese Ger\u00e4te, die in der Regel an der Wand montiert werden k\u00f6nnen, nehmen in Ihrem Unternehmen nur wenig Platz in Anspruch und schaffen einen organisierten Nutzungsbereich. Auch die Wartung der Produkte ist sehr einfach; es m\u00fcssen nur von Zeit zu Zeit Papierhandt\u00fccher nachgef\u00fcllt und gereinigt werden. Diese Praktikabilit\u00e4t erleichtert die t\u00e4gliche Wartungsarbeit der Gesch\u00e4ftsinhaber.   <\/p>\n<div id=\"254C497F_ED5F_539E_BF08_9192F9A99B64\"><\/div>\n","protected":false},"excerpt":{"rendered":"<p><strong>SKY-007 Papierhandtuchspender<\/strong>, Er bietet eine hygienische und praktische L\u00f6sung in Hotelb\u00e4dern und \u00f6ffentlichen Bereichen. Dieser Spender aus strapazierf\u00e4higem Material sorgt f\u00fcr eine geordnete und kontrollierte Entnahme von Papierhandt\u00fcchern und vermeidet so Abfall. Sein stilvolles und modernes Design harmoniert mit jeder Hoteldekoration und spart durch seine Wandmontage Platz. Der leicht zu bef\u00fcllende und wartungsfreie Papierhandtuchspender bietet Ihren G\u00e4sten ein komfortables und hygienisches Nutzungserlebnis.   <\/p>\n<ul>\n<li class=\"av_iconlist_title iconlist_title_small \">Elektronisches Funktionsprinzip<\/li>\n<li class=\"av_iconlist_title iconlist_title_small \">Ausgangsl\u00e4nge einstellbar<\/li>\n<li class=\"av_iconlist_title iconlist_title_small \">Bietet hygienische Reinigung<\/li>\n<li class=\"av_iconlist_title iconlist_title_small \">Kann auch mit Batterien betrieben werden<\/li>\n<li class=\"av_iconlist_title iconlist_title_small \">Verwendung mit Sensor oder Taster<\/li>\n<li><strong>Gr\u00f6\u00dfe :<\/strong> 370 \u00d7 270 \u00d7 230 mm<\/li>\n<li><strong>Gewicht: <\/strong>2,60 Kg<\/li>\n<\/ul>\n","protected":false},"featured_media":3479,"comment_status":"open","ping_status":"closed","template":"","meta":{"inline_featured_image":false},"product_brand":[],"product_cat":[155,153],"product_tag":[],"class_list":{"0":"post-3478","1":"product","2":"type-product","3":"status-publish","4":"has-post-thumbnail","6":"product_cat-hand-trocknungsmaschinen","7":"product_cat-nassbereich-ausrustungen","8":"tm-has-options","10":"first","11":"instock","12":"shipping-taxable","13":"product-type-simple"},"_links":{"self":[{"href":"https:\/\/globalhotel.com.tr\/de\/wp-json\/wp\/v2\/product\/3478","targetHints":{"allow":["GET"]}}],"collection":[{"href":"https:\/\/globalhotel.com.tr\/de\/wp-json\/wp\/v2\/product"}],"about":[{"href":"https:\/\/globalhotel.com.tr\/de\/wp-json\/wp\/v2\/types\/product"}],"replies":[{"embeddable":true,"href":"https:\/\/globalhotel.com.tr\/de\/wp-json\/wp\/v2\/comments?post=3478"}],"wp:featuredmedia":[{"embeddable":true,"href":"https:\/\/globalhotel.com.tr\/de\/wp-json\/wp\/v2\/media\/3479"}],"wp:attachment":[{"href":"https:\/\/globalhotel.com.tr\/de\/wp-json\/wp\/v2\/media?parent=3478"}],"wp:term":[{"taxonomy":"product_brand","embeddable":true,"href":"https:\/\/globalhotel.com.tr\/de\/wp-json\/wp\/v2\/product_brand?post=3478"},{"taxonomy":"product_cat","embeddable":true,"href":"https:\/\/globalhotel.com.tr\/de\/wp-json\/wp\/v2\/product_cat?post=3478"},{"taxonomy":"product_tag","embeddable":true,"href":"https:\/\/globalhotel.com.tr\/de\/wp-json\/wp\/v2\/product_tag?post=3478"}],"curies":[{"name":"wp","href":"https:\/\/api.w.org\/{rel}","templated":true}]}}