{"id":3472,"date":"2024-09-26T17:04:30","date_gmt":"2024-09-26T14:04:30","guid":{"rendered":"https:\/\/globalhotel.com.tr\/urun\/reinigungsset\/"},"modified":"2025-06-16T12:07:16","modified_gmt":"2025-06-16T09:07:16","slug":"reinigungsset","status":"publish","type":"product","link":"https:\/\/globalhotel.com.tr\/de\/urun\/reinigungsset\/","title":{"rendered":"Reinigungsset"},"content":{"rendered":"<p>&nbsp;<\/p>\n<div id=\"254C497F_ED5F_539E_BF08_9192F9A99B64\"><\/div>\n","protected":false},"excerpt":{"rendered":"<p><strong>Reinigungsset<\/strong>, Er ist eine praktische und effiziente L\u00f6sung f\u00fcr die Einhaltung von Hygienestandards in Hotels, Krankenh\u00e4usern und gewerblichen Bereichen. Dank seiner gro\u00dfen Ablagefl\u00e4che k\u00f6nnen Sie Reinigungsmittel geordnet transportieren. Mit seiner robusten Struktur und seinem ergonomischen Design ist er langlebig und erleichtert die Reinigungsprozesse.  <\/p>\n<ul>\n<li>Werkstoff Polypropylen<\/li>\n<li>25 l &amp; 18 l Reinigungseimer<\/li>\n<li>Aufh\u00e4nger f\u00fcr Mopps und Zubeh\u00f6r<\/li>\n<li>Aufprallschutz-Reifen<\/li>\n<li><strong>Gr\u00f6\u00dfe:<\/strong> 580 x 960 x 960 mm<\/li>\n<li><strong>Gewicht:<\/strong> 12 kg<\/li>\n<li><strong>St\u00fcck im Paket:<\/strong> 1<\/li>\n<\/ul>\n<p>&nbsp;<\/p>\n<p>&nbsp;<\/p>\n<div id=\"254C497F_ED5F_539E_BF08_9192F9A99B64\"><\/div>\n","protected":false},"featured_media":3473,"comment_status":"open","ping_status":"closed","template":"","meta":{"inline_featured_image":false},"product_brand":[],"product_cat":[152,150],"product_tag":[],"class_list":{"0":"post-3472","1":"product","2":"type-product","3":"status-publish","4":"has-post-thumbnail","6":"product_cat-bodenfahrwerke","7":"product_cat-floor-and-reception-equipment-de","8":"tm-has-options","10":"first","11":"instock","12":"shipping-taxable","13":"product-type-simple"},"_links":{"self":[{"href":"https:\/\/globalhotel.com.tr\/de\/wp-json\/wp\/v2\/product\/3472","targetHints":{"allow":["GET"]}}],"collection":[{"href":"https:\/\/globalhotel.com.tr\/de\/wp-json\/wp\/v2\/product"}],"about":[{"href":"https:\/\/globalhotel.com.tr\/de\/wp-json\/wp\/v2\/types\/product"}],"replies":[{"embeddable":true,"href":"https:\/\/globalhotel.com.tr\/de\/wp-json\/wp\/v2\/comments?post=3472"}],"wp:featuredmedia":[{"embeddable":true,"href":"https:\/\/globalhotel.com.tr\/de\/wp-json\/wp\/v2\/media\/3473"}],"wp:attachment":[{"href":"https:\/\/globalhotel.com.tr\/de\/wp-json\/wp\/v2\/media?parent=3472"}],"wp:term":[{"taxonomy":"product_brand","embeddable":true,"href":"https:\/\/globalhotel.com.tr\/de\/wp-json\/wp\/v2\/product_brand?post=3472"},{"taxonomy":"product_cat","embeddable":true,"href":"https:\/\/globalhotel.com.tr\/de\/wp-json\/wp\/v2\/product_cat?post=3472"},{"taxonomy":"product_tag","embeddable":true,"href":"https:\/\/globalhotel.com.tr\/de\/wp-json\/wp\/v2\/product_tag?post=3472"}],"curies":[{"name":"wp","href":"https:\/\/api.w.org\/{rel}","templated":true}]}}