{"id":3468,"date":"2024-09-26T17:04:30","date_gmt":"2024-09-26T14:04:30","guid":{"rendered":"https:\/\/globalhotel.com.tr\/urun\/abfallsammelwagen\/"},"modified":"2025-04-15T21:38:16","modified_gmt":"2025-04-15T18:38:16","slug":"abfallsammelwagen","status":"publish","type":"product","link":"https:\/\/globalhotel.com.tr\/de\/urun\/abfallsammelwagen\/","title":{"rendered":"Abfallsammelwagen"},"content":{"rendered":"<h2 class=\"product-title product_title entry-title\"><strong>Abfallsammelwagen<\/strong><\/h2>\n<p class=\"\" data-start=\"258\" data-end=\"678\">At\u0131k toplama s\u00fcre\u00e7lerinde h\u0131z, hijyen ve dayan\u0131kl\u0131l\u0131k en \u00f6nemli kriterlerin ba\u015f\u0131nda gelir. Oteller, hastaneler, al\u0131\u015fveri\u015f merkezleri ve b\u00fcy\u00fck i\u015fletmeler gibi yo\u011fun insan trafi\u011fine sahip alanlarda kullan\u0131lan <a href=\"https:\/\/globalhotel.com.tr\/de\/\"><strong data-start=\"465\" data-end=\"489\">At\u0131k Toplama Arabas\u0131<\/strong><\/a>, profesyonel temizlik ekiplerinin i\u015fini kolayla\u015ft\u0131rmak i\u00e7in \u00f6zel olarak tasarlanm\u0131\u015ft\u0131r. Hem i\u00e7 hem de d\u0131\u015f mekan kullan\u0131m\u0131 i\u00e7in uygun olan bu \u00fcr\u00fcn, \u00e7evre temizli\u011finde maksimum verim sa\u011flar.  <\/p>\n<p class=\"\" data-start=\"680\" data-end=\"1166\">Dayan\u0131kl\u0131 g\u00f6vde yap\u0131s\u0131 sayesinde uzun \u00f6m\u00fcrl\u00fc kullan\u0131m sunan at\u0131k toplama arabas\u0131, darbelere kar\u015f\u0131 y\u00fcksek diren\u00e7lidir. Paslanmaz metal aksam\u0131 ve kaliteli plastik b\u00f6lmeleri sayesinde zorlu \u00e7al\u0131\u015fma ko\u015fullar\u0131na kolayl\u0131kla uyum sa\u011flar. Genellikle tekerlekli yap\u0131ya sahip olan bu \u00fcr\u00fcn, kullan\u0131m s\u0131ras\u0131nda kolayca y\u00f6nlendirilebilir ve pratik bir ta\u015f\u0131ma deneyimi sunar. D\u00f6n\u00fc\u015fleri kolayla\u015ft\u0131ran 360 derece d\u00f6nebilen tekerlekleri sayesinde dar alanlarda bile manevra kabiliyeti olduk\u00e7a y\u00fcksektir.   <\/p>\n<p class=\"\" data-start=\"1168\" data-end=\"1613\">At\u0131k toplama arabas\u0131n\u0131n en b\u00fcy\u00fck avantajlar\u0131ndan biri de mod\u00fcler yap\u0131s\u0131d\u0131r. Geni\u015f i\u00e7 hacmi, farkl\u0131 at\u0131k t\u00fcrlerinin ayr\u0131 b\u00f6lmelerde toplanmas\u0131na olanak tan\u0131r. Bu da hem \u00e7evreye duyarl\u0131 at\u0131k y\u00f6netimini destekler hem de i\u015flerin daha d\u00fczenli y\u00fcr\u00fct\u00fclmesini sa\u011flar. \u0130ste\u011fe g\u00f6re kapakl\u0131, b\u00f6lmeli ya da po\u015fet ask\u0131l\u0131 modeller tercih edilebilir. Bu \u00f6zellikler sayesinde hem kat hizmetlileri hem de temizlik g\u00f6revlileri i\u00e7in kullan\u0131c\u0131 dostu bir ekipmand\u0131r.    <\/p>\n<p class=\"\" data-start=\"1615\" data-end=\"1959\">Otellerde kat hizmetlilerinin g\u00fcnl\u00fck temizlik rutini i\u00e7erisinde b\u00fcy\u00fck kolayl\u0131k sa\u011flayan at\u0131k toplama arabalar\u0131, odalardaki \u00e7\u00f6p torbalar\u0131n\u0131n toplanmas\u0131ndan, genel alanlardaki \u00e7\u00f6plerin merkezi alana ta\u015f\u0131nmas\u0131na kadar pek \u00e7ok farkl\u0131 g\u00f6revde kullan\u0131labilir. Ayn\u0131 zamanda ergonomik tutma kollar\u0131 sayesinde ta\u015f\u0131ma s\u0131ras\u0131nda yorgunlu\u011fu en aza indirir. <\/p>\n<p>&nbsp;<\/p>\n<div id=\"254C497F_ED5F_539E_BF08_9192F9A99B64\"><\/div>\n","protected":false},"excerpt":{"rendered":"<p><strong>Abfallsammelwagen<\/strong>, Er ist ein ideales Produkt zur Aufrechterhaltung von Sauberkeit und Ordnung in Hotels und anderen gewerblichen Bereichen. Langlebig hergestellt und mit seinem gro\u00dfen Fassungsverm\u00f6gen effizient in gro\u00dfen Bereichen einsetzbar. Das ergonomische Design erleichtert den Transport und tr\u00e4gt zur Aufrechterhaltung einer hygienischen Umgebung bei.  <\/p>\n<ul>\n<li>Werkstoff Polypropylen<\/li>\n<li>8 x 30 Liter Abfallvolumen<\/li>\n<li>4 bewegliche Schlossabdeckungen, 2 feste Abdeckungen<\/li>\n<li>Aufprallschutz-Reifen<\/li>\n<li><strong>Gr\u00f6\u00dfe : <\/strong>530 x 1140 x 1080 mm<\/li>\n<li><strong>Gewicht: <\/strong>20,9 kg<\/li>\n<li><strong>St\u00fcck im Paket:<\/strong> 1<\/li>\n<\/ul>\n","protected":false},"featured_media":3469,"comment_status":"open","ping_status":"closed","template":"","meta":{"inline_featured_image":false},"product_brand":[],"product_cat":[152,150],"product_tag":[],"class_list":{"0":"post-3468","1":"product","2":"type-product","3":"status-publish","4":"has-post-thumbnail","6":"product_cat-bodenfahrwerke","7":"product_cat-floor-and-reception-equipment-de","8":"tm-has-options","10":"first","11":"instock","12":"shipping-taxable","13":"product-type-simple"},"_links":{"self":[{"href":"https:\/\/globalhotel.com.tr\/de\/wp-json\/wp\/v2\/product\/3468","targetHints":{"allow":["GET"]}}],"collection":[{"href":"https:\/\/globalhotel.com.tr\/de\/wp-json\/wp\/v2\/product"}],"about":[{"href":"https:\/\/globalhotel.com.tr\/de\/wp-json\/wp\/v2\/types\/product"}],"replies":[{"embeddable":true,"href":"https:\/\/globalhotel.com.tr\/de\/wp-json\/wp\/v2\/comments?post=3468"}],"wp:featuredmedia":[{"embeddable":true,"href":"https:\/\/globalhotel.com.tr\/de\/wp-json\/wp\/v2\/media\/3469"}],"wp:attachment":[{"href":"https:\/\/globalhotel.com.tr\/de\/wp-json\/wp\/v2\/media?parent=3468"}],"wp:term":[{"taxonomy":"product_brand","embeddable":true,"href":"https:\/\/globalhotel.com.tr\/de\/wp-json\/wp\/v2\/product_brand?post=3468"},{"taxonomy":"product_cat","embeddable":true,"href":"https:\/\/globalhotel.com.tr\/de\/wp-json\/wp\/v2\/product_cat?post=3468"},{"taxonomy":"product_tag","embeddable":true,"href":"https:\/\/globalhotel.com.tr\/de\/wp-json\/wp\/v2\/product_tag?post=3468"}],"curies":[{"name":"wp","href":"https:\/\/api.w.org\/{rel}","templated":true}]}}