{"id":3466,"date":"2024-09-26T17:04:30","date_gmt":"2024-09-26T14:04:30","guid":{"rendered":"https:\/\/globalhotel.com.tr\/urun\/kte-003-wagen-fur-schmutzige-wasche\/"},"modified":"2024-09-26T17:04:30","modified_gmt":"2024-09-26T14:04:30","slug":"kte-003-wagen-fur-schmutzige-wasche","status":"publish","type":"product","link":"https:\/\/globalhotel.com.tr\/de\/urun\/kte-003-wagen-fur-schmutzige-wasche\/","title":{"rendered":"KTE-003 Wagen f\u00fcr schmutzige W\u00e4sche"},"content":{"rendered":"<p>&nbsp;<\/p>\n<div id=\"254C497F_ED5F_539E_BF08_9192F9A99B64\"><\/div>\n","protected":false},"excerpt":{"rendered":"<p><strong>KTE-003 Wagen f\u00fcr schmutzige W\u00e4sche<\/strong>, Es handelt sich um ein robustes und ergonomisches Transportfahrzeug, das im Hotel- und Gastst\u00e4ttengewerbe eingesetzt werden kann. Dank seines gro\u00dfen Innenvolumens ist er in der Lage, gro\u00dfe Mengen an W\u00e4sche zu transportieren. Er hat eine leichte und robuste Struktur und ist mit Einrichtungen f\u00fcr eine einfache Bewegung ausgestattet. Die herausnehmbare Tasche erm\u00f6glicht eine hygienische Nutzung und einfache Reinigung.   <\/p>\n<ul>\n<li class=\"av_iconlist_title iconlist_title_small \">260 Liter W\u00e4schekapazit\u00e4t<\/li>\n<li class=\"av_iconlist_title iconlist_title_small \">Aufprallschutz-Reifen<\/li>\n<\/ul>\n","protected":false},"featured_media":3467,"comment_status":"open","ping_status":"closed","template":"","meta":{"inline_featured_image":false},"product_brand":[],"product_cat":[152,150],"product_tag":[],"class_list":{"0":"post-3466","1":"product","2":"type-product","3":"status-publish","4":"has-post-thumbnail","6":"product_cat-bodenfahrwerke","7":"product_cat-floor-and-reception-equipment-de","8":"tm-has-options","10":"first","11":"instock","12":"shipping-taxable","13":"product-type-simple"},"_links":{"self":[{"href":"https:\/\/globalhotel.com.tr\/de\/wp-json\/wp\/v2\/product\/3466","targetHints":{"allow":["GET"]}}],"collection":[{"href":"https:\/\/globalhotel.com.tr\/de\/wp-json\/wp\/v2\/product"}],"about":[{"href":"https:\/\/globalhotel.com.tr\/de\/wp-json\/wp\/v2\/types\/product"}],"replies":[{"embeddable":true,"href":"https:\/\/globalhotel.com.tr\/de\/wp-json\/wp\/v2\/comments?post=3466"}],"wp:featuredmedia":[{"embeddable":true,"href":"https:\/\/globalhotel.com.tr\/de\/wp-json\/wp\/v2\/media\/3467"}],"wp:attachment":[{"href":"https:\/\/globalhotel.com.tr\/de\/wp-json\/wp\/v2\/media?parent=3466"}],"wp:term":[{"taxonomy":"product_brand","embeddable":true,"href":"https:\/\/globalhotel.com.tr\/de\/wp-json\/wp\/v2\/product_brand?post=3466"},{"taxonomy":"product_cat","embeddable":true,"href":"https:\/\/globalhotel.com.tr\/de\/wp-json\/wp\/v2\/product_cat?post=3466"},{"taxonomy":"product_tag","embeddable":true,"href":"https:\/\/globalhotel.com.tr\/de\/wp-json\/wp\/v2\/product_tag?post=3466"}],"curies":[{"name":"wp","href":"https:\/\/api.w.org\/{rel}","templated":true}]}}