{"id":3464,"date":"2024-09-26T17:04:30","date_gmt":"2024-09-26T14:04:30","guid":{"rendered":"https:\/\/globalhotel.com.tr\/urun\/plastik-waschewagen\/"},"modified":"2024-09-26T17:04:30","modified_gmt":"2024-09-26T14:04:30","slug":"plastik-waschewagen","status":"publish","type":"product","link":"https:\/\/globalhotel.com.tr\/de\/urun\/plastik-waschewagen\/","title":{"rendered":"Plastik-W\u00e4schewagen"},"content":{"rendered":"<p>&nbsp;<\/p>\n<div id=\"254C497F_ED5F_539E_BF08_9192F9A99B64\"><\/div>\n","protected":false},"excerpt":{"rendered":"<p><strong>Plastik-W\u00e4schewagen<\/strong>, Er ist ein ideales Produkt zum Sammeln von Schmutzw\u00e4sche in Hotels und gewerblichen Bereichen. Dank seines robusten Kunststoffmaterials hat er eine lange Lebensdauer. Durch sein ergonomisches Design ist er leicht zu transportieren und sein gro\u00dfes Fassungsverm\u00f6gen erm\u00f6glicht es, gro\u00dfe Mengen an W\u00e4sche zu transportieren. Durch seinen praktischen Einsatz macht er Reinigungsprozesse effizienter.<\/p>\n<ul>\n<li class=\"av_iconlist_title iconlist_title_small \">Metallgeh\u00e4use<\/li>\n<li class=\"av_iconlist_title iconlist_title_small \">240 Liter Fassungsverm\u00f6gen<\/li>\n<li class=\"av_iconlist_title iconlist_title_small \">Innenfl\u00e4che aus Kunststoff<\/li>\n<li class=\"av_iconlist_title iconlist_title_small \">Aufprallschutz-Reifen<\/li>\n<li><strong>Gr\u00f6\u00dfe:<\/strong> 720 x 810 x 920 mm<\/li>\n<li><strong>Gewicht: <\/strong>22kg<\/li>\n<\/ul>\n","protected":false},"featured_media":3465,"comment_status":"open","ping_status":"closed","template":"","meta":{"inline_featured_image":false},"product_brand":[],"product_cat":[152,150],"product_tag":[],"class_list":{"0":"post-3464","1":"product","2":"type-product","3":"status-publish","4":"has-post-thumbnail","6":"product_cat-bodenfahrwerke","7":"product_cat-floor-and-reception-equipment-de","8":"tm-has-options","10":"first","11":"instock","12":"shipping-taxable","13":"product-type-simple"},"_links":{"self":[{"href":"https:\/\/globalhotel.com.tr\/de\/wp-json\/wp\/v2\/product\/3464","targetHints":{"allow":["GET"]}}],"collection":[{"href":"https:\/\/globalhotel.com.tr\/de\/wp-json\/wp\/v2\/product"}],"about":[{"href":"https:\/\/globalhotel.com.tr\/de\/wp-json\/wp\/v2\/types\/product"}],"replies":[{"embeddable":true,"href":"https:\/\/globalhotel.com.tr\/de\/wp-json\/wp\/v2\/comments?post=3464"}],"wp:featuredmedia":[{"embeddable":true,"href":"https:\/\/globalhotel.com.tr\/de\/wp-json\/wp\/v2\/media\/3465"}],"wp:attachment":[{"href":"https:\/\/globalhotel.com.tr\/de\/wp-json\/wp\/v2\/media?parent=3464"}],"wp:term":[{"taxonomy":"product_brand","embeddable":true,"href":"https:\/\/globalhotel.com.tr\/de\/wp-json\/wp\/v2\/product_brand?post=3464"},{"taxonomy":"product_cat","embeddable":true,"href":"https:\/\/globalhotel.com.tr\/de\/wp-json\/wp\/v2\/product_cat?post=3464"},{"taxonomy":"product_tag","embeddable":true,"href":"https:\/\/globalhotel.com.tr\/de\/wp-json\/wp\/v2\/product_tag?post=3464"}],"curies":[{"name":"wp","href":"https:\/\/api.w.org\/{rel}","templated":true}]}}