{"id":3462,"date":"2024-09-26T17:04:30","date_gmt":"2024-09-26T14:04:30","guid":{"rendered":"https:\/\/globalhotel.com.tr\/urun\/wagen-fur-schmutzige-wasche-mit-zwei-beuteln\/"},"modified":"2025-04-15T21:45:36","modified_gmt":"2025-04-15T18:45:36","slug":"wagen-fur-schmutzige-wasche-mit-zwei-beuteln","status":"publish","type":"product","link":"https:\/\/globalhotel.com.tr\/de\/urun\/wagen-fur-schmutzige-wasche-mit-zwei-beuteln\/","title":{"rendered":"Wagen f\u00fcr schmutzige W\u00e4sche mit zwei Beuteln"},"content":{"rendered":"<h2><strong><span style=\"font-size: 25.92px; color: #333333;\">Wagen f\u00fcr schmutzige W\u00e4sche mit zwei Beuteln<\/span><\/strong><\/h2>\n<p class=\"\" data-start=\"0\" data-end=\"384\"><strong><a href=\"https:\/\/globalhotel.com.tr\/de\/\">\u0130ki Torbal\u0131 Kirli \u00c7ama\u015f\u0131r Arabas\u0131<\/a><\/strong>, otel, hastane, yurt ve benzeri konaklama i\u015fletmelerinde kullan\u0131m i\u00e7in m\u00fckemmel bir \u00e7\u00f6z\u00fcmd\u00fcr. Hijyen ve d\u00fczeni sa\u011flamak amac\u0131yla tasarlanm\u0131\u015f bu \u00fcr\u00fcn, b\u00fcy\u00fck hacmi ve dayan\u0131kl\u0131 yap\u0131s\u0131yla kullan\u0131c\u0131lar\u0131n i\u015flerini olduk\u00e7a kolayla\u015ft\u0131r\u0131r. Otel malzemeleri aras\u0131nda yer alan bu \u00e7ama\u015f\u0131r arabas\u0131, yo\u011fun kullan\u0131mda bile uzun \u00f6m\u00fcrl\u00fc olaca\u011f\u0131 \u015fekilde \u00fcretilmi\u015ftir.  <\/p>\n<p class=\"\" data-start=\"386\" data-end=\"835\">\u00dcr\u00fcn, iki adet geni\u015f torba ile donat\u0131lm\u0131\u015ft\u0131r ve kirli \u00e7ama\u015f\u0131rlar\u0131n ayr\u0131 ayr\u0131 toplanmas\u0131n\u0131 sa\u011flar. Bu \u00f6zellik, \u00f6zellikle farkl\u0131 t\u00fcrdeki \u00e7ama\u015f\u0131rlar\u0131n (\u00f6rne\u011fin, yatak \u00f6rt\u00fcleri ve havlular) kar\u0131\u015fmas\u0131n\u0131 \u00f6nleyerek hijyenik bir ortam sunar. Torbalar, kolayca \u00e7\u0131kar\u0131labilir ve temizlenebilir, b\u00f6ylece bak\u0131m i\u015flemleri son derece basitle\u015ftirilir. \u00c7ama\u015f\u0131r arabas\u0131, sa\u011flam \u00e7elik \u00e7er\u00e7eveye sahiptir, bu da ta\u015f\u0131ma s\u0131ras\u0131nda y\u00fcksek dayan\u0131kl\u0131l\u0131k ve g\u00fcvenlik sa\u011flar.   <\/p>\n<p class=\"\" data-start=\"837\" data-end=\"1224\">Pratiklik a\u00e7\u0131s\u0131ndan, iki torbal\u0131 tasar\u0131m kullan\u0131c\u0131lara maksimum verimlilik sunar. Torbalar\u0131n ayr\u0131 olmas\u0131, kirli \u00e7ama\u015f\u0131rlar\u0131 d\u00fczenli bir \u015fekilde kategorize etme imkan\u0131 tan\u0131r ve i\u015f y\u00fck\u00fcn\u00fc hafifletir. Ayr\u0131ca, her iki torba da geni\u015f kapasiteye sahip oldu\u011fundan, otel personeli \u00e7ama\u015f\u0131rlar\u0131 s\u0131k s\u0131k bo\u015faltmak zorunda kalmaz. Bu sayede zamandan tasarruf edilir ve i\u015fler daha verimli hale gelir.   <\/p>\n<p class=\"\" data-start=\"1226\" data-end=\"1551\">Dayan\u0131kl\u0131 yap\u0131s\u0131 ve \u015f\u0131k tasar\u0131m\u0131 ile mekanlarda estetik a\u00e7\u0131dan da uyum sa\u011flar. \u00dcr\u00fcn, her t\u00fcrl\u00fc i\u00e7 mek\u00e2na rahat\u00e7a adapte olur ve i\u015flevselli\u011fi ile dikkat \u00e7eker. Ayr\u0131ca, kirli \u00e7ama\u015f\u0131rlar\u0131n ta\u015f\u0131nmas\u0131 s\u0131ras\u0131nda herhangi bir s\u0131z\u0131nt\u0131 veya da\u011f\u0131lma gibi sorunlar ya\u015fanmaz, \u00e7\u00fcnk\u00fc torbalar\u0131n alt k\u0131sm\u0131 g\u00fcvenli bir \u015fekilde kapat\u0131labilir.  <\/p>\n","protected":false},"excerpt":{"rendered":"<p><strong>Wagen f\u00fcr schmutzige W\u00e4sche mit zwei Beuteln<\/strong>, Er ist eine praktische L\u00f6sung, die das Sammeln von W\u00e4sche in Hotels und Gesch\u00e4ftsr\u00e4umen erleichtert. Dank des doppelten Beuteldesigns k\u00f6nnen Sie die schmutzige W\u00e4sche separat und geordnet transportieren. Mit seiner robusten Struktur und seinem ergonomischen Design ist er langlebig und sehr komfortabel in der Handhabung. Mit seinem gro\u00dfen Fassungsverm\u00f6gen sorgt er f\u00fcr hohe Effizienz und hilft, Ordnung zu halten, indem er die Reinigungsprozesse beschleunigt.   <\/p>\n<ul>\n<li class=\"av_iconlist_title iconlist_title_small \">2 Lenkrollen mit und ohne Bremse<\/li>\n<li class=\"av_iconlist_title iconlist_title_small \">Aufprallschutz-Reifen<\/li>\n<li><strong>Gr\u00f6\u00dfe : <\/strong>690 x 850 x 1190 mm<\/li>\n<li><strong>Gewicht:<\/strong> 21,2 kg<\/li>\n<\/ul>\n","protected":false},"featured_media":3463,"comment_status":"open","ping_status":"closed","template":"","meta":{"inline_featured_image":false},"product_brand":[],"product_cat":[152,150],"product_tag":[],"class_list":{"0":"post-3462","1":"product","2":"type-product","3":"status-publish","4":"has-post-thumbnail","6":"product_cat-bodenfahrwerke","7":"product_cat-floor-and-reception-equipment-de","8":"tm-has-options","10":"first","11":"instock","12":"shipping-taxable","13":"product-type-simple"},"_links":{"self":[{"href":"https:\/\/globalhotel.com.tr\/de\/wp-json\/wp\/v2\/product\/3462","targetHints":{"allow":["GET"]}}],"collection":[{"href":"https:\/\/globalhotel.com.tr\/de\/wp-json\/wp\/v2\/product"}],"about":[{"href":"https:\/\/globalhotel.com.tr\/de\/wp-json\/wp\/v2\/types\/product"}],"replies":[{"embeddable":true,"href":"https:\/\/globalhotel.com.tr\/de\/wp-json\/wp\/v2\/comments?post=3462"}],"wp:featuredmedia":[{"embeddable":true,"href":"https:\/\/globalhotel.com.tr\/de\/wp-json\/wp\/v2\/media\/3463"}],"wp:attachment":[{"href":"https:\/\/globalhotel.com.tr\/de\/wp-json\/wp\/v2\/media?parent=3462"}],"wp:term":[{"taxonomy":"product_brand","embeddable":true,"href":"https:\/\/globalhotel.com.tr\/de\/wp-json\/wp\/v2\/product_brand?post=3462"},{"taxonomy":"product_cat","embeddable":true,"href":"https:\/\/globalhotel.com.tr\/de\/wp-json\/wp\/v2\/product_cat?post=3462"},{"taxonomy":"product_tag","embeddable":true,"href":"https:\/\/globalhotel.com.tr\/de\/wp-json\/wp\/v2\/product_tag?post=3462"}],"curies":[{"name":"wp","href":"https:\/\/api.w.org\/{rel}","templated":true}]}}