{"id":3460,"date":"2024-09-26T17:04:30","date_gmt":"2024-09-26T14:04:30","guid":{"rendered":"https:\/\/globalhotel.com.tr\/urun\/waschewagen-mit-liegetasche\/"},"modified":"2025-05-26T16:37:05","modified_gmt":"2025-05-26T13:37:05","slug":"waschewagen-mit-liegetasche","status":"publish","type":"product","link":"https:\/\/globalhotel.com.tr\/de\/urun\/waschewagen-mit-liegetasche\/","title":{"rendered":"W\u00e4schewagen mit Liegetasche"},"content":{"rendered":"<p>&nbsp;<\/p>\n<div id=\"254C497F_ED5F_539E_BF08_9192F9A99B64\"><\/div>\n","protected":false},"excerpt":{"rendered":"<p><strong>W\u00e4schewagen mit Liegetasche<\/strong>, Es handelt sich um ein praktisches Produkt, das das Einsammeln von Schmutzw\u00e4sche in W\u00e4schereien, Hotels und Krankenh\u00e4usern erleichtert. Das Design des geneigten Beutels hilft Ihnen, die W\u00e4sche zu platzieren und zu tragen. Dank seiner robusten Struktur und seines ergonomischen Designs ist er langlebig und benutzerfreundlich.  <\/p>\n<ul>\n<li class=\"av_iconlist_title iconlist_title_small \">Elektrostatisch lackiert<\/li>\n<li class=\"av_iconlist_title iconlist_title_small \">DKP profl Ger\u00fcstbau<\/li>\n<li class=\"av_iconlist_title iconlist_title_small \">2 Lenkrollen mit und ohne Bremse<\/li>\n<li><strong>Gr\u00f6\u00dfe: <\/strong>610 x 910 x 910 x 910 mm<\/li>\n<li><strong>Gewicht:<\/strong> 15 kg<\/li>\n<\/ul>\n","protected":false},"featured_media":3461,"comment_status":"open","ping_status":"closed","template":"","meta":{"inline_featured_image":false},"product_brand":[],"product_cat":[152,150],"product_tag":[],"class_list":{"0":"post-3460","1":"product","2":"type-product","3":"status-publish","4":"has-post-thumbnail","6":"product_cat-bodenfahrwerke","7":"product_cat-floor-and-reception-equipment-de","8":"tm-has-options","10":"first","11":"instock","12":"shipping-taxable","13":"product-type-simple"},"_links":{"self":[{"href":"https:\/\/globalhotel.com.tr\/de\/wp-json\/wp\/v2\/product\/3460","targetHints":{"allow":["GET"]}}],"collection":[{"href":"https:\/\/globalhotel.com.tr\/de\/wp-json\/wp\/v2\/product"}],"about":[{"href":"https:\/\/globalhotel.com.tr\/de\/wp-json\/wp\/v2\/types\/product"}],"replies":[{"embeddable":true,"href":"https:\/\/globalhotel.com.tr\/de\/wp-json\/wp\/v2\/comments?post=3460"}],"wp:featuredmedia":[{"embeddable":true,"href":"https:\/\/globalhotel.com.tr\/de\/wp-json\/wp\/v2\/media\/3461"}],"wp:attachment":[{"href":"https:\/\/globalhotel.com.tr\/de\/wp-json\/wp\/v2\/media?parent=3460"}],"wp:term":[{"taxonomy":"product_brand","embeddable":true,"href":"https:\/\/globalhotel.com.tr\/de\/wp-json\/wp\/v2\/product_brand?post=3460"},{"taxonomy":"product_cat","embeddable":true,"href":"https:\/\/globalhotel.com.tr\/de\/wp-json\/wp\/v2\/product_cat?post=3460"},{"taxonomy":"product_tag","embeddable":true,"href":"https:\/\/globalhotel.com.tr\/de\/wp-json\/wp\/v2\/product_tag?post=3460"}],"curies":[{"name":"wp","href":"https:\/\/api.w.org\/{rel}","templated":true}]}}