{"id":3456,"date":"2024-09-26T17:04:30","date_gmt":"2024-09-26T14:04:30","guid":{"rendered":"https:\/\/globalhotel.com.tr\/urun\/bny-002-palace-tepe-bad-dusch-set\/"},"modified":"2024-09-26T17:04:30","modified_gmt":"2024-09-26T14:04:30","slug":"bny-002-palace-tepe-bad-dusch-set","status":"publish","type":"product","link":"https:\/\/globalhotel.com.tr\/de\/urun\/bny-002-palace-tepe-bad-dusch-set\/","title":{"rendered":"BNY-002 Palace Tepe Bad-Dusch-Set"},"content":{"rendered":"<h2 data-start=\"0\" data-end=\"65\"><strong data-start=\"0\" data-end=\"65\">Palace Tepe Bad-Dusch-Set<\/strong><\/h2>\n<p data-start=\"67\" data-end=\"415\"><a href=\"https:\/\/globalhotel.com.tr\/de\/\"><strong>Palace Tepe Bad-Dusch-Set <\/strong><\/a>, ist ein elegantes und funktionelles Produkt, das Hotelkomfort in Ihr Zuhause bringt. Mit seinem modernen Design und den hochwertigen Materialien schafft es eine luxuri\u00f6se Atmosph\u00e4re in Ihrem Badezimmer. Jedes Teil des Sets ist so konzipiert, dass es den Komfort bietet, den der Benutzer braucht. Dieses Duschset ist sowohl optisch ansprechend als auch langlebig.   <\/p>\n<p data-start=\"417\" data-end=\"451\"><strong data-start=\"417\" data-end=\"451\">Elegantes Design und hohe Qualit\u00e4t<\/strong><\/p>\n<p data-start=\"453\" data-end=\"928\">Das Palace Tepe Bathroom Shower Set bietet Eleganz und Eleganz in einem. Dank der satinierten Textur und der gl\u00e4nzenden Oberfl\u00e4chen erhalten Sie einen modernen Look in Ihrem Badezimmer. Das Set ist so konzipiert, dass es sich an jede Badezimmereinrichtung anpasst und den Benutzern ein \u00e4sthetisches Erlebnis bietet. Die Produkte sind aus langlebigen und hochwertigen Materialien gefertigt, so dass sie viele Jahre lang wie am ersten Tag verwendet werden k\u00f6nnen. Die pflegeleichten Eigenschaften minimieren zudem Ihren Wartungsbedarf.    <\/p>\n<p data-start=\"930\" data-end=\"967\"><strong data-start=\"930\" data-end=\"967\">Praktischer Nutzen und Funktionalit\u00e4t<\/strong><\/p>\n<p data-start=\"969\" data-end=\"1428\">Das Palace Tepe Bathroom Shower Set gef\u00e4llt nicht nur durch seine Optik, sondern auch durch seine Funktionalit\u00e4t. Das Set besteht aus Duschkopf, Seifenspender, Zahnb\u00fcrstenhalter und vielen weiteren n\u00fctzlichen Teilen. Diese Teile sind so aufeinander abgestimmt, dass sie f\u00fcr Ordnung in Ihrem Badezimmer sorgen und die Bed\u00fcrfnisse der Benutzer optimal erf\u00fcllen. Der Duschkopf des Sets spart Wasser und sorgt gleichzeitig f\u00fcr eine gleichm\u00e4\u00dfige Verteilung des Wassers und damit f\u00fcr ein angenehmes Duscherlebnis.   <\/p>\n<p data-start=\"1430\" data-end=\"1453\"><strong data-start=\"1430\" data-end=\"1453\">Robust und langlebig<\/strong><\/p>\n<p data-start=\"1455\" data-end=\"1879\">Das Palace Tepe Bath Shower Set ist f\u00fcr eine lange Nutzungsdauer konzipiert. Die in den Produkten verwendeten Materialien bestehen aus rostfreiem Stahl und haltbarem Kunststoff, was die Langlebigkeit des Sets erh\u00f6ht. Dar\u00fcber hinaus ist das Set extrem einfach zu montieren und passt sich an jede Art von Badezimmer an. Es ist so konzipiert, dass es problemlos in Haushalten, insbesondere im Hotelbereich, eingesetzt werden kann. Seine langlebige Struktur verspricht eine jahrelange, problemlose Nutzung.    <\/p>\n<p data-start=\"1881\" data-end=\"1923\"><strong data-start=\"1881\" data-end=\"1923\">Ideal f\u00fcr ein komfortables Badeerlebnis<\/strong><\/p>\n<p data-start=\"1925\" data-end=\"2291\">Das Palace Tepe Bathroom Shower Set bietet seinen Nutzern nicht nur Eleganz, sondern verspricht auch ein komfortables Badeerlebnis. Entworfen nach den Bed\u00fcrfnissen des modernen Lebens, bereichert dieses Set Ihr Badezimmer sowohl funktionell als auch optisch. Hochwertiger Duschkopf, Seifenspender und andere Teile machen die Zeit, die Sie in Ihrem Badezimmer verbringen, noch angenehmer.  <\/p>\n<div id=\"254C497F_ED5F_539E_BF08_9192F9A99B64\"><\/div>\n","protected":false},"excerpt":{"rendered":"<p><strong>BNY-002 Palace Tepe Bad-Dusch-Set<\/strong>, ist ein besonderes Produkt, das Luxus und Eleganz in Hotelb\u00e4dern vereint. Dieses mit hochwertigen Merkmalen gefertigte Set besticht durch sein modernes Design und bietet den G\u00e4sten eine entspannende Duschm\u00f6glichkeit, indem es das Wasser gleichm\u00e4\u00dfig in alle Richtungen verteilt. Seine robuste Struktur gew\u00e4hrleistet eine lange Lebensdauer und schafft eine stilvolle Atmosph\u00e4re in Ihren Hotelzimmern. Mit seiner \u00e4sthetischen und funktionalen Struktur ist das Palace Tepe Badezimmer-Duschset eine ideale Wahl, um den Komfort und die Zufriedenheit Ihrer G\u00e4ste zu erh\u00f6hen.   <\/p>\n<ul>\n<li>Deluxe geflochtene Spirale<\/li>\n<li>Oberfr\u00e4se aus Messing<\/li>\n<li>Nat\u00fcrlicher Seifenspender<\/li>\n<li>Verchromter Schraubensatz<\/li>\n<li><strong>Gr\u00f6\u00dfe: <\/strong>1035 x 207 x 393 mm<\/li>\n<li><strong>Gewicht: <\/strong>14,5 kg<\/li>\n<li><strong>St\u00fcck im Paket:<\/strong> 5<\/li>\n<li><strong>Gr\u00f6\u00dfe der Parzelle: <\/strong>1005 x 470 x 370 mm<\/li>\n<li><strong>Lautst\u00e4rke:<\/strong> 0.174 m<sup>3<\/sup><\/li>\n<\/ul>\n","protected":false},"featured_media":3457,"comment_status":"open","ping_status":"closed","template":"","meta":{"inline_featured_image":false},"product_brand":[],"product_cat":[154,153],"product_tag":[],"class_list":{"0":"post-3456","1":"product","2":"type-product","3":"status-publish","4":"has-post-thumbnail","6":"product_cat-dusch-sets","7":"product_cat-nassbereich-ausrustungen","8":"tm-has-options","10":"first","11":"instock","12":"shipping-taxable","13":"product-type-simple"},"_links":{"self":[{"href":"https:\/\/globalhotel.com.tr\/de\/wp-json\/wp\/v2\/product\/3456","targetHints":{"allow":["GET"]}}],"collection":[{"href":"https:\/\/globalhotel.com.tr\/de\/wp-json\/wp\/v2\/product"}],"about":[{"href":"https:\/\/globalhotel.com.tr\/de\/wp-json\/wp\/v2\/types\/product"}],"replies":[{"embeddable":true,"href":"https:\/\/globalhotel.com.tr\/de\/wp-json\/wp\/v2\/comments?post=3456"}],"wp:featuredmedia":[{"embeddable":true,"href":"https:\/\/globalhotel.com.tr\/de\/wp-json\/wp\/v2\/media\/3457"}],"wp:attachment":[{"href":"https:\/\/globalhotel.com.tr\/de\/wp-json\/wp\/v2\/media?parent=3456"}],"wp:term":[{"taxonomy":"product_brand","embeddable":true,"href":"https:\/\/globalhotel.com.tr\/de\/wp-json\/wp\/v2\/product_brand?post=3456"},{"taxonomy":"product_cat","embeddable":true,"href":"https:\/\/globalhotel.com.tr\/de\/wp-json\/wp\/v2\/product_cat?post=3456"},{"taxonomy":"product_tag","embeddable":true,"href":"https:\/\/globalhotel.com.tr\/de\/wp-json\/wp\/v2\/product_tag?post=3456"}],"curies":[{"name":"wp","href":"https:\/\/api.w.org\/{rel}","templated":true}]}}