{"id":3454,"date":"2024-09-26T17:04:30","date_gmt":"2024-09-26T14:04:30","guid":{"rendered":"https:\/\/globalhotel.com.tr\/urun\/kte-001-offene-tasche-grose\/"},"modified":"2024-09-26T17:04:30","modified_gmt":"2024-09-26T14:04:30","slug":"kte-001-offene-tasche-grose","status":"publish","type":"product","link":"https:\/\/globalhotel.com.tr\/de\/urun\/kte-001-offene-tasche-grose\/","title":{"rendered":"KTE-001 Offene Tasche Gr\u00f6\u00dfe:"},"content":{"rendered":"<p>&nbsp;<\/p>\n<div id=\"254C497F_ED5F_539E_BF08_9192F9A99B64\"><\/div>\n","protected":false},"excerpt":{"rendered":"<p><strong>KTE-001 Offene Tasche Gr\u00f6\u00dfe:<\/strong>, Es ist ein Produkt, das die Reinigungsprozesse in Hotels und gewerblichen Bereichen effizient und organisiert. Dank des Doppelbeuteldesigns k\u00f6nnen Sie Reinigungsmaterial und Abfall getrennt transportieren. Durch seine robuste Struktur und sein gro\u00dfes Fassungsverm\u00f6gen ist er auch bei intensiver Nutzung langlebig. Dank seines ergonomischen Designs l\u00e4sst er sich leicht transportieren und seine Arbeitsleistung beschleunigt die Reinigungsprozesse.   <\/p>\n<ul>\n<li class=\"av_iconlist_title iconlist_title_small \">Robuste Skelettstruktur<\/li>\n<li class=\"av_iconlist_title iconlist_title_small \">MDF-Lamellenoberfl\u00e4che<\/li>\n<li class=\"av_iconlist_title iconlist_title_small \">Elektrostatische Farbe<\/li>\n<li class=\"av_iconlist_title iconlist_title_small \">Zwei schmutzige S\u00e4cke<\/li>\n<li class=\"av_iconlist_title iconlist_title_small \">Praktische Rarit\u00e4ten<\/li>\n<li class=\"av_iconlist_title iconlist_title_small \">Anti-Impact-Reifen<\/li>\n<li><strong>Geschlossene Tasche Dimension:<\/strong> 790 x 1380 x 560<\/li>\n<li><strong>Offene Tasche Gr\u00f6\u00dfe:<\/strong> 1420 x 1300 x 56<\/li>\n<li><strong>Gewicht: <\/strong>50kg<\/li>\n<\/ul>\n","protected":false},"featured_media":3455,"comment_status":"open","ping_status":"closed","template":"","meta":{"inline_featured_image":false},"product_brand":[],"product_cat":[152,150],"product_tag":[],"class_list":{"0":"post-3454","1":"product","2":"type-product","3":"status-publish","4":"has-post-thumbnail","6":"product_cat-bodenfahrwerke","7":"product_cat-floor-and-reception-equipment-de","8":"tm-has-options","10":"first","11":"instock","12":"shipping-taxable","13":"product-type-simple"},"_links":{"self":[{"href":"https:\/\/globalhotel.com.tr\/de\/wp-json\/wp\/v2\/product\/3454","targetHints":{"allow":["GET"]}}],"collection":[{"href":"https:\/\/globalhotel.com.tr\/de\/wp-json\/wp\/v2\/product"}],"about":[{"href":"https:\/\/globalhotel.com.tr\/de\/wp-json\/wp\/v2\/types\/product"}],"replies":[{"embeddable":true,"href":"https:\/\/globalhotel.com.tr\/de\/wp-json\/wp\/v2\/comments?post=3454"}],"wp:featuredmedia":[{"embeddable":true,"href":"https:\/\/globalhotel.com.tr\/de\/wp-json\/wp\/v2\/media\/3455"}],"wp:attachment":[{"href":"https:\/\/globalhotel.com.tr\/de\/wp-json\/wp\/v2\/media?parent=3454"}],"wp:term":[{"taxonomy":"product_brand","embeddable":true,"href":"https:\/\/globalhotel.com.tr\/de\/wp-json\/wp\/v2\/product_brand?post=3454"},{"taxonomy":"product_cat","embeddable":true,"href":"https:\/\/globalhotel.com.tr\/de\/wp-json\/wp\/v2\/product_cat?post=3454"},{"taxonomy":"product_tag","embeddable":true,"href":"https:\/\/globalhotel.com.tr\/de\/wp-json\/wp\/v2\/product_tag?post=3454"}],"curies":[{"name":"wp","href":"https:\/\/api.w.org\/{rel}","templated":true}]}}