{"id":3389,"date":"2024-09-26T17:04:51","date_gmt":"2024-09-26T14:04:51","guid":{"rendered":"https:\/\/globalhotel.com.tr\/urun\/rodeo-steak-brett\/"},"modified":"2024-09-26T17:04:51","modified_gmt":"2024-09-26T14:04:51","slug":"rodeo-steak-brett","status":"publish","type":"product","link":"https:\/\/globalhotel.com.tr\/de\/urun\/rodeo-steak-brett\/","title":{"rendered":"Rodeo Steak Brett"},"content":{"rendered":"<p>&nbsp;<\/p>\n<div id=\"254C497F_ED5F_539E_BF08_9192F9A99B64\"><\/div>\n","protected":false},"excerpt":{"rendered":"<p><strong>Rodeo Steak Brett<\/strong>, Es handelt sich um ein elegantes Produkt, das f\u00fcr die stilvolle und eindrucksvolle Pr\u00e4sentation von Fleisch entwickelt wurde. Es ist aus haltbarem Holz gefertigt und seine nat\u00fcrliche Textur unterstreicht die Pr\u00e4sentation von Fleischgerichten. Seine gro\u00dfe Oberfl\u00e4che erm\u00f6glicht es, Steaks und Beilagen geordnet zu servieren, w\u00e4hrend sein besonderes Design ein \u00e4sthetisches Erlebnis speziell f\u00fcr Fleischliebhaber bietet. Das Rodeo Steak Board ist die perfekte Wahl f\u00fcr hochwertige Fleischpr\u00e4sentationen in Restaurants oder bei besonderen Veranstaltungen und bietet den G\u00e4sten ein unvergessliches Esserlebnis.   <\/p>\n<ul>\n<li>Es ist aus Iroko-Holz gefertigt.<\/li>\n<li>\u00d6lkan\u00e4le<\/li>\n<li><strong>Gr\u00f6\u00dfe:<\/strong> 270 x 370 x 25 mm<\/li>\n<li><strong>Gewicht:<\/strong> 1400 gr<\/li>\n<\/ul>\n","protected":false},"featured_media":3390,"comment_status":"open","ping_status":"closed","template":"","meta":{"inline_featured_image":false},"product_brand":[],"product_cat":[148,146],"product_tag":[],"class_list":{"0":"post-3389","1":"product","2":"type-product","3":"status-publish","4":"has-post-thumbnail","6":"product_cat-prasentationstafeln","7":"product_cat-restaurant-ausstattung","8":"tm-has-options","10":"first","11":"instock","12":"shipping-taxable","13":"product-type-simple"},"_links":{"self":[{"href":"https:\/\/globalhotel.com.tr\/de\/wp-json\/wp\/v2\/product\/3389","targetHints":{"allow":["GET"]}}],"collection":[{"href":"https:\/\/globalhotel.com.tr\/de\/wp-json\/wp\/v2\/product"}],"about":[{"href":"https:\/\/globalhotel.com.tr\/de\/wp-json\/wp\/v2\/types\/product"}],"replies":[{"embeddable":true,"href":"https:\/\/globalhotel.com.tr\/de\/wp-json\/wp\/v2\/comments?post=3389"}],"wp:featuredmedia":[{"embeddable":true,"href":"https:\/\/globalhotel.com.tr\/de\/wp-json\/wp\/v2\/media\/3390"}],"wp:attachment":[{"href":"https:\/\/globalhotel.com.tr\/de\/wp-json\/wp\/v2\/media?parent=3389"}],"wp:term":[{"taxonomy":"product_brand","embeddable":true,"href":"https:\/\/globalhotel.com.tr\/de\/wp-json\/wp\/v2\/product_brand?post=3389"},{"taxonomy":"product_cat","embeddable":true,"href":"https:\/\/globalhotel.com.tr\/de\/wp-json\/wp\/v2\/product_cat?post=3389"},{"taxonomy":"product_tag","embeddable":true,"href":"https:\/\/globalhotel.com.tr\/de\/wp-json\/wp\/v2\/product_tag?post=3389"}],"curies":[{"name":"wp","href":"https:\/\/api.w.org\/{rel}","templated":true}]}}