{"id":3387,"date":"2024-09-26T17:04:51","date_gmt":"2024-09-26T14:04:51","guid":{"rendered":"https:\/\/globalhotel.com.tr\/urun\/klassisches-steakbrett\/"},"modified":"2024-09-26T17:04:51","modified_gmt":"2024-09-26T14:04:51","slug":"klassisches-steakbrett","status":"publish","type":"product","link":"https:\/\/globalhotel.com.tr\/de\/urun\/klassisches-steakbrett\/","title":{"rendered":"Klassisches Steakbrett"},"content":{"rendered":"<p>&nbsp;<\/p>\n<div id=\"254C497F_ED5F_539E_BF08_9192F9A99B64\"><\/div>\n","protected":false},"excerpt":{"rendered":"<p><strong>Klassisches Steakbrett<\/strong>, Es ist ein elegantes Produkt, das f\u00fcr die elegante und traditionelle Pr\u00e4sentation von Fleischgerichten entwickelt wurde. Es ist aus haltbarem Holz gefertigt und seine nat\u00fcrliche Textur unterstreicht den Geschmack und die Pr\u00e4sentation des Fleisches. Die gro\u00dfe Oberfl\u00e4che erm\u00f6glicht die geordnete Platzierung des Fleisches sowie von Beilagen und Saucen. Sein klassisches Design bietet visuelle Eleganz, insbesondere in Steakrestaurants oder bei besonderen Mahlzeiten. Das Classic Steak Board bietet den G\u00e4sten ein unvergessliches Esserlebnis und sorgt f\u00fcr eine \u00e4sthetische Pr\u00e4sentation.    <\/p>\n<ul>\n<li>Hergestellt aus Iroko-Holz<\/li>\n<li>\u00d6lkan\u00e4le<\/li>\n<li><strong>Gr\u00f6\u00dfe:<\/strong> 220 x 340 x 25 mm<\/li>\n<li><strong>Gewicht:<\/strong> 900 gr<\/li>\n<\/ul>\n<div id=\"254C497F_ED5F_539E_BF08_9192F9A99B64\"><\/div>\n","protected":false},"featured_media":3388,"comment_status":"open","ping_status":"closed","template":"","meta":{"inline_featured_image":false},"product_brand":[],"product_cat":[148,146],"product_tag":[],"class_list":{"0":"post-3387","1":"product","2":"type-product","3":"status-publish","4":"has-post-thumbnail","6":"product_cat-prasentationstafeln","7":"product_cat-restaurant-ausstattung","8":"tm-has-options","10":"first","11":"instock","12":"shipping-taxable","13":"product-type-simple"},"_links":{"self":[{"href":"https:\/\/globalhotel.com.tr\/de\/wp-json\/wp\/v2\/product\/3387","targetHints":{"allow":["GET"]}}],"collection":[{"href":"https:\/\/globalhotel.com.tr\/de\/wp-json\/wp\/v2\/product"}],"about":[{"href":"https:\/\/globalhotel.com.tr\/de\/wp-json\/wp\/v2\/types\/product"}],"replies":[{"embeddable":true,"href":"https:\/\/globalhotel.com.tr\/de\/wp-json\/wp\/v2\/comments?post=3387"}],"wp:featuredmedia":[{"embeddable":true,"href":"https:\/\/globalhotel.com.tr\/de\/wp-json\/wp\/v2\/media\/3388"}],"wp:attachment":[{"href":"https:\/\/globalhotel.com.tr\/de\/wp-json\/wp\/v2\/media?parent=3387"}],"wp:term":[{"taxonomy":"product_brand","embeddable":true,"href":"https:\/\/globalhotel.com.tr\/de\/wp-json\/wp\/v2\/product_brand?post=3387"},{"taxonomy":"product_cat","embeddable":true,"href":"https:\/\/globalhotel.com.tr\/de\/wp-json\/wp\/v2\/product_cat?post=3387"},{"taxonomy":"product_tag","embeddable":true,"href":"https:\/\/globalhotel.com.tr\/de\/wp-json\/wp\/v2\/product_tag?post=3387"}],"curies":[{"name":"wp","href":"https:\/\/api.w.org\/{rel}","templated":true}]}}