{"id":3365,"date":"2024-09-26T17:04:51","date_gmt":"2024-09-26T14:04:51","guid":{"rendered":"https:\/\/globalhotel.com.tr\/urun\/tee-samowar\/"},"modified":"2024-09-26T17:04:51","modified_gmt":"2024-09-26T14:04:51","slug":"tee-samowar","status":"publish","type":"product","link":"https:\/\/globalhotel.com.tr\/de\/urun\/tee-samowar\/","title":{"rendered":"Tee-Samowar"},"content":{"rendered":"<p>&nbsp;<\/p>\n<div id=\"254C497F_ED5F_539E_BF08_9192F9A99B64\"><\/div>\n","protected":false},"excerpt":{"rendered":"<p><strong>Tee-Samowar<\/strong>, Es ist ein ideales Produkt f\u00fcr das Servieren von hei\u00dfem Tee an G\u00e4ste in Hotels und Beherbergungsbetrieben. Seine hohe Kapazit\u00e4t erm\u00f6glicht es Ihnen, mehreren Personen gleichzeitig hei\u00dfe Getr\u00e4nke zu servieren. Er ist aus langlebigen Materialien gefertigt und bietet dank seines energieeffizienten Arbeitsprinzips eine lange Nutzungsdauer. Sein stilvolles und klassisches Design bietet ein \u00e4sthetisches Erscheinungsbild in Bereichen wie Hotelrestaurants, Lobbys oder Konferenzr\u00e4umen. Der Tea Samovar verbessert das Beherbergungserlebnis der G\u00e4ste, indem er ihnen ein angenehmes Getr\u00e4nkeerlebnis bietet.    <\/p>\n<ul>\n<li><strong>Gr\u00f6\u00dfe: <\/strong>330 x 330 x 460 mm<\/li>\n<li><strong>Gewicht:<\/strong> 4 kg<\/li>\n<li><strong>St\u00fcck im Paket:<\/strong> 1<\/li>\n<li><strong>Gr\u00f6\u00dfe der Parzelle: <\/strong>360 x 360 x 480 mm<\/li>\n<li><strong>Lautst\u00e4rke:<\/strong> 0.062 m<sup>3<\/sup><\/li>\n<\/ul>\n","protected":false},"featured_media":3366,"comment_status":"open","ping_status":"closed","template":"","meta":{"inline_featured_image":false},"product_brand":[],"product_cat":[146,149],"product_tag":[],"class_list":{"0":"post-3365","1":"product","2":"type-product","3":"status-publish","4":"has-post-thumbnail","6":"product_cat-restaurant-ausstattung","7":"product_cat-sonstige-restaurantausstattung","8":"tm-has-options","10":"first","11":"instock","12":"shipping-taxable","13":"product-type-simple"},"_links":{"self":[{"href":"https:\/\/globalhotel.com.tr\/de\/wp-json\/wp\/v2\/product\/3365","targetHints":{"allow":["GET"]}}],"collection":[{"href":"https:\/\/globalhotel.com.tr\/de\/wp-json\/wp\/v2\/product"}],"about":[{"href":"https:\/\/globalhotel.com.tr\/de\/wp-json\/wp\/v2\/types\/product"}],"replies":[{"embeddable":true,"href":"https:\/\/globalhotel.com.tr\/de\/wp-json\/wp\/v2\/comments?post=3365"}],"wp:featuredmedia":[{"embeddable":true,"href":"https:\/\/globalhotel.com.tr\/de\/wp-json\/wp\/v2\/media\/3366"}],"wp:attachment":[{"href":"https:\/\/globalhotel.com.tr\/de\/wp-json\/wp\/v2\/media?parent=3365"}],"wp:term":[{"taxonomy":"product_brand","embeddable":true,"href":"https:\/\/globalhotel.com.tr\/de\/wp-json\/wp\/v2\/product_brand?post=3365"},{"taxonomy":"product_cat","embeddable":true,"href":"https:\/\/globalhotel.com.tr\/de\/wp-json\/wp\/v2\/product_cat?post=3365"},{"taxonomy":"product_tag","embeddable":true,"href":"https:\/\/globalhotel.com.tr\/de\/wp-json\/wp\/v2\/product_tag?post=3365"}],"curies":[{"name":"wp","href":"https:\/\/api.w.org\/{rel}","templated":true}]}}