{"id":3357,"date":"2024-09-26T17:04:51","date_gmt":"2024-09-26T14:04:51","guid":{"rendered":"https:\/\/globalhotel.com.tr\/urun\/profi-prasentationstafel-aus-holz-und-stein\/"},"modified":"2025-07-10T17:55:51","modified_gmt":"2025-07-10T14:55:51","slug":"profi-prasentationstafel-aus-holz-und-stein","status":"publish","type":"product","link":"https:\/\/globalhotel.com.tr\/de\/urun\/profi-prasentationstafel-aus-holz-und-stein\/","title":{"rendered":"Profi-Pr\u00e4sentationstafel aus Holz und Stein"},"content":{"rendered":"<p>&nbsp;<\/p>\n<div id=\"254C497F_ED5F_539E_BF08_9192F9A99B64\"><\/div>\n","protected":false},"excerpt":{"rendered":"<p><strong>Profi-Pr\u00e4sentationstafel aus Holz und Stein<\/strong>, ist ein elegantes Produkt, das f\u00fcr <strong>eine Pr\u00e4sentation auf hohem Niveau<\/strong> in der Gastronomie und im Hotelgewerbe entwickelt wurde.<strong>Er ist aus hochwertigem Holz <\/strong>und <strong>Naturstein gefertigt<\/strong>, was ihm ein stilvolles und modernes Aussehen verleiht. Die <strong>gro\u00dfe Fl\u00e4che<\/strong> sorgt f\u00fcr eine geordnete und effiziente Pr\u00e4sentation der Speisen und ist besonders f\u00fcr die Pr\u00e4sentation von verschiedenen Lebensmitteln wie <strong>Fleisch, K\u00e4se und Vorspeisen<\/strong> geeignet.Sein <strong>elegantes und professionelles<\/strong> Design macht ihn zur perfekten Wahl f\u00fcr jede Veranstaltung, jedes Gourmet-Men\u00fc und jede besondere Pr\u00e4sentation. <strong>Pro Wooden Stone Presentation Board<\/strong><strong>bietet den G\u00e4sten ein unvergessliches Erlebnis, indem es \u00c4sthetik und Funktionalit\u00e4t in Hotels und Restaurants verbindet<\/strong>.<\/p>\n<ul>\n<li>Hergestellt aus Iroko-Holz<\/li>\n<li>Basaltstein<\/li>\n<li><strong>Gr\u00f6\u00dfe:<\/strong> 220 x 320 x 20 mm<\/li>\n<li><strong>Gewicht:<\/strong> 1850 gr<\/li>\n<\/ul>\n","protected":false},"featured_media":3358,"comment_status":"open","ping_status":"closed","template":"","meta":{"inline_featured_image":false},"product_brand":[],"product_cat":[148,146],"product_tag":[],"class_list":{"0":"post-3357","1":"product","2":"type-product","3":"status-publish","4":"has-post-thumbnail","6":"product_cat-prasentationstafeln","7":"product_cat-restaurant-ausstattung","8":"tm-has-options","10":"first","11":"instock","12":"shipping-taxable","13":"product-type-simple"},"_links":{"self":[{"href":"https:\/\/globalhotel.com.tr\/de\/wp-json\/wp\/v2\/product\/3357","targetHints":{"allow":["GET"]}}],"collection":[{"href":"https:\/\/globalhotel.com.tr\/de\/wp-json\/wp\/v2\/product"}],"about":[{"href":"https:\/\/globalhotel.com.tr\/de\/wp-json\/wp\/v2\/types\/product"}],"replies":[{"embeddable":true,"href":"https:\/\/globalhotel.com.tr\/de\/wp-json\/wp\/v2\/comments?post=3357"}],"wp:featuredmedia":[{"embeddable":true,"href":"https:\/\/globalhotel.com.tr\/de\/wp-json\/wp\/v2\/media\/3358"}],"wp:attachment":[{"href":"https:\/\/globalhotel.com.tr\/de\/wp-json\/wp\/v2\/media?parent=3357"}],"wp:term":[{"taxonomy":"product_brand","embeddable":true,"href":"https:\/\/globalhotel.com.tr\/de\/wp-json\/wp\/v2\/product_brand?post=3357"},{"taxonomy":"product_cat","embeddable":true,"href":"https:\/\/globalhotel.com.tr\/de\/wp-json\/wp\/v2\/product_cat?post=3357"},{"taxonomy":"product_tag","embeddable":true,"href":"https:\/\/globalhotel.com.tr\/de\/wp-json\/wp\/v2\/product_tag?post=3357"}],"curies":[{"name":"wp","href":"https:\/\/api.w.org\/{rel}","templated":true}]}}