{"id":3343,"date":"2024-10-22T11:52:56","date_gmt":"2024-10-22T08:52:56","guid":{"rendered":"https:\/\/globalhotel.com.tr\/urun\/tv-002-dijitsu-43-ds-10000-43-tv\/"},"modified":"2024-10-22T11:52:56","modified_gmt":"2024-10-22T08:52:56","slug":"tv-002-dijitsu-43-ds-10000-43-tv","status":"publish","type":"product","link":"https:\/\/globalhotel.com.tr\/de\/urun\/tv-002-dijitsu-43-ds-10000-43-tv\/","title":{"rendered":"TV-002 Dijitsu 43 DS 10000 43\u201d TV"},"content":{"rendered":"","protected":false},"excerpt":{"rendered":"<p><strong>TV-002 Dijitsu 43 DS 10000 43\u201d TV<\/strong>, ist eine hochaufl\u00f6sende Widescreen-Fernsehl\u00f6sung f\u00fcr Hotels und Beherbergungsbetriebe. Sein 43-Zoll-Bildschirm bietet leuchtende Farben und ein klares Bild und sorgt so f\u00fcr ein angenehmes Seherlebnis f\u00fcr die G\u00e4ste. Sein modernes und stilvolles Design verleiht Hotelzimmern einen \u00e4sthetischen Touch. Dank seiner vielf\u00e4ltigen Anschlussm\u00f6glichkeiten ist er flexibel einsetzbar und kann mit verschiedenen Ger\u00e4ten kombiniert werden.   <\/p>\n<ul>\n<li>43&#8243; (109CM) BILDSCHIRMGR\u00d6SSE<\/li>\n<li>1920\u00d71080 FHD ECHTE AUFL\u00d6SUNG<\/li>\n<li>KONTRAST 3000:1<\/li>\n<li>REAKTIONSZEIT 6,5Ms<\/li>\n<li>USB-EINGANG VIDEO- UND BILDWIEDERGABE<\/li>\n<li>3xHDMI-EINGANG<\/li>\n<li>178 GRAD BREITER BETRACHTUNGSWINKEL<\/li>\n<li>MEHRSPRACHIGE UNTERST\u00dcTZUNG (ER\u00d6FFNUNG AUF T\u00dcRKISCH)<\/li>\n<li>WEITWINKEL-FERNBEDIENUNG<\/li>\n<li>2X8 WATT SCHALLAUSGANGSLEISTUNG<\/li>\n<li>ULTRADYNAMISCHER KONTRAST<\/li>\n<li>DVB &#8211; S2 INTERNER SATELLITENEMPF\u00c4NGER<\/li>\n<li>EMPFANG VON DVB &#8211; T2 TERRESTRISCHEN SENDUNGEN<\/li>\n<li>EMPFANG VON DVB &#8211; C KABEL DIGITALER SENDUNGEN<\/li>\n<li>ATV ANALOG TUNER<\/li>\n<li>CI MODUL EINGANGSSTECKPLATZ<\/li>\n<li>ENERGIEKLASSE: E<\/li>\n<\/ul>\n","protected":false},"featured_media":3347,"comment_status":"open","ping_status":"closed","template":"","meta":{"inline_featured_image":false},"product_brand":[],"product_cat":[140,145],"product_tag":[],"class_list":{"0":"post-3343","1":"product","2":"type-product","3":"status-publish","4":"has-post-thumbnail","6":"product_cat-ausstattung-im-raum","7":"product_cat-hotel-fernseher","8":"tm-has-options","10":"first","11":"instock","12":"shipping-taxable","13":"product-type-simple"},"_links":{"self":[{"href":"https:\/\/globalhotel.com.tr\/de\/wp-json\/wp\/v2\/product\/3343","targetHints":{"allow":["GET"]}}],"collection":[{"href":"https:\/\/globalhotel.com.tr\/de\/wp-json\/wp\/v2\/product"}],"about":[{"href":"https:\/\/globalhotel.com.tr\/de\/wp-json\/wp\/v2\/types\/product"}],"replies":[{"embeddable":true,"href":"https:\/\/globalhotel.com.tr\/de\/wp-json\/wp\/v2\/comments?post=3343"}],"wp:featuredmedia":[{"embeddable":true,"href":"https:\/\/globalhotel.com.tr\/de\/wp-json\/wp\/v2\/media\/3347"}],"wp:attachment":[{"href":"https:\/\/globalhotel.com.tr\/de\/wp-json\/wp\/v2\/media?parent=3343"}],"wp:term":[{"taxonomy":"product_brand","embeddable":true,"href":"https:\/\/globalhotel.com.tr\/de\/wp-json\/wp\/v2\/product_brand?post=3343"},{"taxonomy":"product_cat","embeddable":true,"href":"https:\/\/globalhotel.com.tr\/de\/wp-json\/wp\/v2\/product_cat?post=3343"},{"taxonomy":"product_tag","embeddable":true,"href":"https:\/\/globalhotel.com.tr\/de\/wp-json\/wp\/v2\/product_tag?post=3343"}],"curies":[{"name":"wp","href":"https:\/\/api.w.org\/{rel}","templated":true}]}}