{"id":3341,"date":"2024-10-22T11:57:04","date_gmt":"2024-10-22T08:57:04","guid":{"rendered":"https:\/\/globalhotel.com.tr\/urun\/tv-004-dijitsu-55-ds-8500-55-tv\/"},"modified":"2024-10-22T11:57:04","modified_gmt":"2024-10-22T08:57:04","slug":"tv-004-dijitsu-55-ds-8500-55-tv","status":"publish","type":"product","link":"https:\/\/globalhotel.com.tr\/de\/urun\/tv-004-dijitsu-55-ds-8500-55-tv\/","title":{"rendered":"TV-004 Dijitsu 55 DS 8500 55\u201d TV"},"content":{"rendered":"","protected":false},"excerpt":{"rendered":"<p><strong>TV-004 Dijitsu 55 DS 8500 55\u201d TV<\/strong>, ist eine hochaufl\u00f6sende Widescreen-Fernsehl\u00f6sung f\u00fcr Hotels und Beherbergungsbetriebe. Mit seinem 55-Zoll-Bildschirm, der scharfen Bildqualit\u00e4t und den lebendigen Farben bietet er den G\u00e4sten ein angenehmes Seherlebnis. Sein schlankes und modernes Design verleiht Hotelzimmern einen eleganten Touch. Verschiedene Anschlussm\u00f6glichkeiten sorgen f\u00fcr Flexibilit\u00e4t bei der Nutzung, da sie eine einfache Integration mit verschiedenen Ger\u00e4ten erm\u00f6glichen.   <\/p>\n<ul>\n<li>Panel : DLED<\/li>\n<li>Bildschirmaufl\u00f6sung: 3840*2160\/UHD<\/li>\n<li>Betrachtungswinkel : 178\u00b0*178\u00b0<\/li>\n<li>Panel MAX Helligkeit : 250nit<\/li>\n<li>Kontrast: 5000\uff1a1<\/li>\n<li>Bildseitenverh\u00e4ltnis : 16\uff1a9<\/li>\n<li>Hauptplatine : CVT<\/li>\n<li>Analoges Fernsehen . PAL \/ SECAM <\/li>\n<li>Digitales Fernsehen : DVB-C\/T2\/S2<\/li>\n<li>Verkabeltes Netz: x1 <\/li>\n<li>AV-Eingang: x1\uff08mini\uff09<\/li>\n<li>YPbPr-Eingang : Keine<\/li>\n<li>HDMI-Eingang : x3<\/li>\n<li>VGA-Eingang : Keine<\/li>\n<li>USB-Eingang : x2<\/li>\n<li>RF-Eingang : x2<\/li>\n<li>Kopfh\u00f6rer-Ausgang: x1<\/li>\n<li>Digitaler Audio-COAX-Ausgang : x1<\/li>\n<li>AV-Unterst\u00fctzung Aufl\u00f6sung : PAL\/576P*NTSC\/480P<\/li>\n<li>HDMI-Unterst\u00fctzung Aufl\u00f6sung : 3840*2160 60hz<\/li>\n<li>HDMI-Version : 2,0<\/li>\n<li>HDCP-Version : 1.4\/2.2<\/li>\n<li>HDMI-CEC<\/li>\n<li>MSK : Es gibt<\/li>\n<li>HDMI-ARC<\/li>\n<li>ARK : Es gibt<\/li>\n<li>HDMI-HDR10<\/li>\n<li>HDR10 : Es gibt<\/li>\n<li>Drahtloses Netzwerk : Es gibt<\/li>\n<li>Maximale Leistungsaufnahme : 150W<\/li>\n<li>Leistung im Ruhezustand : \u2264 0.5W<\/li>\n<li>Ausgangsleistung der Lautsprecher : 2*8W<\/li>\n<li>Intelligentes System : Android<\/li>\n<li>Version des intelligenten Systems : 11,0<\/li>\n<li>Prozessorkern : A53*4<\/li>\n<li>Ram Rom : 1.5G\/8G<\/li>\n<li>Bluetooth-Version : 4.2\uff08optional\uff09<\/li>\n<li>Kartongr\u00f6\u00dfe (Einheit: : mm): 1320*110*800<\/li>\n<li>Nettogewicht :11,7<\/li>\n<li>Bruttogewicht : 13,9<\/li>\n<\/ul>\n","protected":false},"featured_media":3342,"comment_status":"open","ping_status":"closed","template":"","meta":{"inline_featured_image":false},"product_brand":[],"product_cat":[140,145],"product_tag":[],"class_list":{"0":"post-3341","1":"product","2":"type-product","3":"status-publish","4":"has-post-thumbnail","6":"product_cat-ausstattung-im-raum","7":"product_cat-hotel-fernseher","8":"tm-has-options","10":"first","11":"instock","12":"shipping-taxable","13":"product-type-simple"},"_links":{"self":[{"href":"https:\/\/globalhotel.com.tr\/de\/wp-json\/wp\/v2\/product\/3341","targetHints":{"allow":["GET"]}}],"collection":[{"href":"https:\/\/globalhotel.com.tr\/de\/wp-json\/wp\/v2\/product"}],"about":[{"href":"https:\/\/globalhotel.com.tr\/de\/wp-json\/wp\/v2\/types\/product"}],"replies":[{"embeddable":true,"href":"https:\/\/globalhotel.com.tr\/de\/wp-json\/wp\/v2\/comments?post=3341"}],"wp:featuredmedia":[{"embeddable":true,"href":"https:\/\/globalhotel.com.tr\/de\/wp-json\/wp\/v2\/media\/3342"}],"wp:attachment":[{"href":"https:\/\/globalhotel.com.tr\/de\/wp-json\/wp\/v2\/media?parent=3341"}],"wp:term":[{"taxonomy":"product_brand","embeddable":true,"href":"https:\/\/globalhotel.com.tr\/de\/wp-json\/wp\/v2\/product_brand?post=3341"},{"taxonomy":"product_cat","embeddable":true,"href":"https:\/\/globalhotel.com.tr\/de\/wp-json\/wp\/v2\/product_cat?post=3341"},{"taxonomy":"product_tag","embeddable":true,"href":"https:\/\/globalhotel.com.tr\/de\/wp-json\/wp\/v2\/product_tag?post=3341"}],"curies":[{"name":"wp","href":"https:\/\/api.w.org\/{rel}","templated":true}]}}