{"id":3339,"date":"2024-10-22T12:01:39","date_gmt":"2024-10-22T09:01:39","guid":{"rendered":"https:\/\/globalhotel.com.tr\/urun\/dijitsu-65-ds-8500-65-tv\/"},"modified":"2024-10-22T12:01:39","modified_gmt":"2024-10-22T09:01:39","slug":"dijitsu-65-ds-8500-65-tv","status":"publish","type":"product","link":"https:\/\/globalhotel.com.tr\/de\/urun\/dijitsu-65-ds-8500-65-tv\/","title":{"rendered":"Dijitsu 65 DS 8500 65\u201d TV"},"content":{"rendered":"","protected":false},"excerpt":{"rendered":"<p><strong>Dijitsu 65 DS 8500 65\u201d TV<\/strong>, Mit seinem gro\u00dfen Bildschirm und der hohen Bildqualit\u00e4t bietet er ein luxuri\u00f6ses Seherlebnis f\u00fcr Hotels und Beherbergungsbetriebe. Der 65-Zoll-Bildschirm steigert den Komfort der G\u00e4ste mit scharfen Details und lebendigen Farben. Sein stilvolles und modernes Design verleiht den Zimmern einen \u00e4sthetischen Touch. Zahlreiche Anschlussm\u00f6glichkeiten sorgen f\u00fcr eine einfache Kompatibilit\u00e4t mit verschiedenen Ger\u00e4ten und erm\u00f6glichen eine flexible Nutzung.   <\/p>\n<ul>\n<li><strong>Panel : <\/strong>DLED<\/li>\n<li><strong>Bildschirmaufl\u00f6sung:<\/strong> 3840*2160\/UHD<\/li>\n<li><strong>Betrachtungswinkel :<\/strong> 178\u00b0*178\u00b0<\/li>\n<li><strong>Panel MAX Helligkeit :<\/strong> 250nit<\/li>\n<li><strong>Kontrast: 5000\uff1a<\/strong>1<\/li>\n<li><strong>Bildseitenverh\u00e4ltnis :<\/strong> 16\uff1a9<\/li>\n<li><strong>Hauptplatine :<\/strong> CVT<\/li>\n<li><strong>Analoges Fernsehen :<\/strong> PAL \/ SECAM<\/li>\n<li><strong>Digitales Fernsehen :<\/strong> DVB-C\/T2\/S2<\/li>\n<li><strong>Verkabeltes Netz : <\/strong>x1<\/li>\n<li><strong>AV-Eingang:<\/strong> x1\uff08mini\uff09<\/li>\n<li><strong>YPbPr-Eingang :<\/strong> Keine<\/li>\n<li><strong>HDMI-Eingang : <\/strong>x3<\/li>\n<li><strong>VGA-Eingang : <\/strong>Keine<\/li>\n<li><strong>USB-Eingang :<\/strong> x2<\/li>\n<li><strong>RF-Eingang :<\/strong> x2<\/li>\n<li><strong>Kopfh\u00f6rerausgang :<\/strong> x1<\/li>\n<li><strong>Digitaler Audio-COAX-Ausgang :<\/strong> x1<\/li>\n<li><strong>AV-Unterst\u00fctzung Aufl\u00f6sung : <\/strong>PAL\/576P*NTSC\/480P<\/li>\n<li><strong>HDMI-Unterst\u00fctzung Aufl\u00f6sung :<\/strong> 3840*2160 60hz<\/li>\n<li><strong>HDMI-Version : <\/strong>2,0<\/li>\n<li><strong>HDCP-Version : <\/strong>1.4\/2.2<\/li>\n<li>HDMI-CEC<\/li>\n<li><strong>MSK:<\/strong> Es gibt<\/li>\n<li>HDMI-ARC<\/li>\n<li><strong>ARK :<\/strong> Es gibt<\/li>\n<li>HDMI-HDR10<\/li>\n<li><strong>HDR10 :<\/strong> Es gibt<\/li>\n<li><strong>Drahtloses Netzwerk :<\/strong> Es gibt<\/li>\n<li><strong>Maximale Leistungsaufnahme :<\/strong> 160W<\/li>\n<li><strong>Leistung im Ruhezustand :<\/strong> \u2264 0.5W<\/li>\n<li><strong>Ausgangsleistung der Lautsprecher :<\/strong> 2*8W<\/li>\n<li><strong>Intelligentes System : <\/strong>Android<\/li>\n<li><strong>Version des intelligenten Systems : <\/strong>11,0<\/li>\n<li><strong>Prozessorkern :<\/strong> A53*4<\/li>\n<li><strong>Ram Rom :<\/strong> 1.5G\/8G<\/li>\n<li><strong>Bluetooth-Version : <\/strong>4.2\uff08optional\uff09<\/li>\n<li><strong>Kartongr\u00f6\u00dfe (Einheit: : mm): <\/strong>1550*120*870<\/li>\n<li><strong>Nettogewicht :<\/strong> 17,5<\/li>\n<li><strong>Bruttogewicht :<\/strong> 19<\/li>\n<\/ul>\n","protected":false},"featured_media":3340,"comment_status":"open","ping_status":"closed","template":"","meta":{"inline_featured_image":false},"product_brand":[],"product_cat":[140,145],"product_tag":[],"class_list":{"0":"post-3339","1":"product","2":"type-product","3":"status-publish","4":"has-post-thumbnail","6":"product_cat-ausstattung-im-raum","7":"product_cat-hotel-fernseher","8":"tm-has-options","10":"first","11":"instock","12":"shipping-taxable","13":"product-type-simple"},"_links":{"self":[{"href":"https:\/\/globalhotel.com.tr\/de\/wp-json\/wp\/v2\/product\/3339","targetHints":{"allow":["GET"]}}],"collection":[{"href":"https:\/\/globalhotel.com.tr\/de\/wp-json\/wp\/v2\/product"}],"about":[{"href":"https:\/\/globalhotel.com.tr\/de\/wp-json\/wp\/v2\/types\/product"}],"replies":[{"embeddable":true,"href":"https:\/\/globalhotel.com.tr\/de\/wp-json\/wp\/v2\/comments?post=3339"}],"wp:featuredmedia":[{"embeddable":true,"href":"https:\/\/globalhotel.com.tr\/de\/wp-json\/wp\/v2\/media\/3340"}],"wp:attachment":[{"href":"https:\/\/globalhotel.com.tr\/de\/wp-json\/wp\/v2\/media?parent=3339"}],"wp:term":[{"taxonomy":"product_brand","embeddable":true,"href":"https:\/\/globalhotel.com.tr\/de\/wp-json\/wp\/v2\/product_brand?post=3339"},{"taxonomy":"product_cat","embeddable":true,"href":"https:\/\/globalhotel.com.tr\/de\/wp-json\/wp\/v2\/product_cat?post=3339"},{"taxonomy":"product_tag","embeddable":true,"href":"https:\/\/globalhotel.com.tr\/de\/wp-json\/wp\/v2\/product_tag?post=3339"}],"curies":[{"name":"wp","href":"https:\/\/api.w.org\/{rel}","templated":true}]}}