{"id":3337,"date":"2024-10-22T12:14:52","date_gmt":"2024-10-22T09:14:52","guid":{"rendered":"https:\/\/globalhotel.com.tr\/urun\/dijitsu-75-ds-8500-75-tv\/"},"modified":"2024-10-22T12:14:52","modified_gmt":"2024-10-22T09:14:52","slug":"dijitsu-75-ds-8500-75-tv","status":"publish","type":"product","link":"https:\/\/globalhotel.com.tr\/de\/urun\/dijitsu-75-ds-8500-75-tv\/","title":{"rendered":"Dijitsu 75 DS 8500 75\u201d TV"},"content":{"rendered":"","protected":false},"excerpt":{"rendered":"<p><strong>Dijitsu 75 DS 8500 75\u201d TV<\/strong>, Mit seinem gro\u00dfen Bildschirm und seiner hervorragenden Bildqualit\u00e4t bietet er ein hochwertiges Seherlebnis in Hotels und Unterk\u00fcnften. Sein 75-Zoll-Bildschirm erh\u00f6ht den Komfort der G\u00e4ste durch seine hohe Aufl\u00f6sung und lebendigen Farben. Sein modernes und elegantes Design verleiht Hotelzimmern oder \u00f6ffentlichen Bereichen einen Hauch von Luxus. Eine breite Palette von Anschlussm\u00f6glichkeiten sorgt f\u00fcr einfache Kompatibilit\u00e4t mit verschiedenen Ger\u00e4ten und bietet so Flexibilit\u00e4t bei der Nutzung.   <\/p>\n<ul>\n<li><strong>Gremium : <\/strong>DLED<\/li>\n<li><strong>Bildschirmaufl\u00f6sung:<\/strong> 3840*2160\/UHD<\/li>\n<li><strong>Betrachtungswinkel :<\/strong> 178\u00b0*178\u00b0<\/li>\n<li><strong>Panel MAX Helligkeit : <\/strong>280nit<\/li>\n<li><strong>Kontrast: <\/strong>5000\uff1a1<\/li>\n<li><strong>Bildseitenverh\u00e4ltnis :<\/strong> 16\uff1a9<\/li>\n<li><strong>Hauptplatine :<\/strong> CVT<\/li>\n<li><strong>Analoges Fernsehen :<\/strong> PAL \/ SECAM<\/li>\n<li><strong>Digitales Fernsehen :<\/strong> DVB-C\/T2\/S2<\/li>\n<li><strong>Verkabeltes Netz : <\/strong>x1<\/li>\n<li><strong>AV-Eingang : <\/strong>x1<\/li>\n<li><strong>YPbPr-Eingang :<\/strong> x1\uff08mini\uff09<\/li>\n<li><strong>HDMI-Eingang : <\/strong>x3<\/li>\n<li><strong>VGA-Eingang :<\/strong> x1<\/li>\n<li><strong>USB-Eingang :<\/strong> x2<\/li>\n<li><strong>RF-Eingang :<\/strong> x2<\/li>\n<li><strong>Kopfh\u00f6rerausgang :<\/strong> x1<\/li>\n<li><strong>Digitaler Audio-COAX-Ausgang :<\/strong> x1<\/li>\n<li><strong>AV-Unterst\u00fctzung Aufl\u00f6sung : <\/strong>PAL\/576P*NTSC\/480P<\/li>\n<li><strong>HDMI-Unterst\u00fctzung Aufl\u00f6sung :<\/strong> 3840*2160 60hz<\/li>\n<li><strong>HDMI-Version : <\/strong>2,0<\/li>\n<li><strong>HDCP-Version : <\/strong>1.4\/2.2<\/li>\n<li>HDMI-CEC<\/li>\n<li><strong>MSK :<\/strong> Es gibt<\/li>\n<li>HDMI-ARC<\/li>\n<li><strong>ARK :<\/strong> Es gibt<\/li>\n<li>HDMI-HDR10<\/li>\n<li><strong>HDR10 :<\/strong> Es gibt<\/li>\n<li><strong>Drahtloses Netzwerk :<\/strong> Es gibt<\/li>\n<li><strong>Maximale Leistungsaufnahme :<\/strong> 290W<\/li>\n<li><strong>Leistung im Ruhezustand :<\/strong> \u2264 0.5W<\/li>\n<li><strong>Ausgangsleistung der Lautsprecher :<\/strong> 2*8W<\/li>\n<li><strong>Intelligentes System : <\/strong>Android<\/li>\n<li><strong>Version des intelligenten Systems : <\/strong>11,0<\/li>\n<li><strong>Prozessorkern :<\/strong> A53*4<\/li>\n<li><strong>Ram Rom :<\/strong> 1.5G\/8G<\/li>\n<li><strong>Bluetooth-Version : <\/strong>4.2\uff08optional\uff09<\/li>\n<li><strong>Kartongr\u00f6\u00dfe (Einheit: : mm): <\/strong>1785*163*1116<\/li>\n<li><strong>Nettogewicht :<\/strong> 30,3<\/li>\n<li><strong>Bruttogewicht :<\/strong>40,2<\/li>\n<\/ul>\n","protected":false},"featured_media":3338,"comment_status":"open","ping_status":"closed","template":"","meta":{"inline_featured_image":false},"product_brand":[],"product_cat":[140,145],"product_tag":[],"class_list":{"0":"post-3337","1":"product","2":"type-product","3":"status-publish","4":"has-post-thumbnail","6":"product_cat-ausstattung-im-raum","7":"product_cat-hotel-fernseher","8":"tm-has-options","10":"first","11":"instock","12":"shipping-taxable","13":"product-type-simple"},"_links":{"self":[{"href":"https:\/\/globalhotel.com.tr\/de\/wp-json\/wp\/v2\/product\/3337","targetHints":{"allow":["GET"]}}],"collection":[{"href":"https:\/\/globalhotel.com.tr\/de\/wp-json\/wp\/v2\/product"}],"about":[{"href":"https:\/\/globalhotel.com.tr\/de\/wp-json\/wp\/v2\/types\/product"}],"replies":[{"embeddable":true,"href":"https:\/\/globalhotel.com.tr\/de\/wp-json\/wp\/v2\/comments?post=3337"}],"wp:featuredmedia":[{"embeddable":true,"href":"https:\/\/globalhotel.com.tr\/de\/wp-json\/wp\/v2\/media\/3338"}],"wp:attachment":[{"href":"https:\/\/globalhotel.com.tr\/de\/wp-json\/wp\/v2\/media?parent=3337"}],"wp:term":[{"taxonomy":"product_brand","embeddable":true,"href":"https:\/\/globalhotel.com.tr\/de\/wp-json\/wp\/v2\/product_brand?post=3337"},{"taxonomy":"product_cat","embeddable":true,"href":"https:\/\/globalhotel.com.tr\/de\/wp-json\/wp\/v2\/product_cat?post=3337"},{"taxonomy":"product_tag","embeddable":true,"href":"https:\/\/globalhotel.com.tr\/de\/wp-json\/wp\/v2\/product_tag?post=3337"}],"curies":[{"name":"wp","href":"https:\/\/api.w.org\/{rel}","templated":true}]}}