{"id":3335,"date":"2024-10-22T12:17:01","date_gmt":"2024-10-22T09:17:01","guid":{"rendered":"https:\/\/globalhotel.com.tr\/urun\/dijitsu-85-dw-9900-webos-tv\/"},"modified":"2024-10-22T12:17:01","modified_gmt":"2024-10-22T09:17:01","slug":"dijitsu-85-dw-9900-webos-tv","status":"publish","type":"product","link":"https:\/\/globalhotel.com.tr\/de\/urun\/dijitsu-85-dw-9900-webos-tv\/","title":{"rendered":"Dijitsu 85 DW 9900 webOS TV"},"content":{"rendered":"","protected":false},"excerpt":{"rendered":"<p><strong>Dijitsu 85 DW 9900 webOS TV<\/strong>, Mit seinem gro\u00dfen Bildschirm und dem fortschrittlichen webOS-Betriebssystem bietet er ein hochwertiges \u00dcberwachungserlebnis f\u00fcr Hotels und Beherbergungsbetriebe. Das 85-Zoll-Breitbild-Display, die hohe Aufl\u00f6sung und die lebendigen Farben erh\u00f6hen den Komfort der G\u00e4ste, w\u00e4hrend das webOS-Betriebssystem f\u00fcr ein schnelles und reibungsloses Benutzererlebnis sorgt. Das schlichte und moderne Design verleiht Hotelzimmern oder \u00f6ffentlichen Bereichen einen Hauch von Luxus. Mehrere Anschlussm\u00f6glichkeiten sorgen f\u00fcr Flexibilit\u00e4t bei der Nutzung, da sie eine einfache Integration mit verschiedenen Ger\u00e4ten erm\u00f6glichen.<\/p>\n<ul>\n<li><strong>HDMI-Eingang:<\/strong> x3<\/li>\n<li><strong>CI-Steckplatz Eingang:<\/strong> x1<\/li>\n<li><strong>USB-Eingang:<\/strong> x2<\/li>\n<li><strong>RF-Eingang:<\/strong> x2<\/li>\n<li>Kopfh\u00f6rer-Ausgang. x1<\/li>\n<li>Digital Audio Optischer Ausgang. *1<\/li>\n<li><strong>AV-Support-Aufl\u00f6sung <\/strong>PAL\/576P*NTSC\/480P<\/li>\n<li><strong>HDMI-Unterst\u00fctzung Aufl\u00f6sung:<\/strong> 3840*2160 60hz<\/li>\n<li><strong>HDMI-Version:<\/strong> 2,1<\/li>\n<li><strong>HDCP-Version:<\/strong> 1.4\/2.2<\/li>\n<li><strong>HDMI-CEC:<\/strong> Ja<\/li>\n<li><strong>MSK:<\/strong> Ja<\/li>\n<li>HDMI-ARC. Ja<\/li>\n<li><strong>ark:<\/strong> Ja<\/li>\n<li><strong>HDMI-HDR10:<\/strong> Ja<\/li>\n<li><strong>HDR10:<\/strong> 400W<\/li>\n<li><strong>Drahtloses Netzwerk:<\/strong> \u2264 0.5W<\/li>\n<li><strong>Ausgangsleistung der Lautsprecher:<\/strong> 2*8W<\/li>\n<li><strong>Intelligentes System: <\/strong>Webos<\/li>\n<li><strong>Version des intelligenten Systems: <\/strong>2,0<\/li>\n<li><strong>Energieklasse:<\/strong> G<\/li>\n<\/ul>\n","protected":false},"featured_media":3336,"comment_status":"open","ping_status":"closed","template":"","meta":{"inline_featured_image":false},"product_brand":[],"product_cat":[140,145],"product_tag":[],"class_list":{"0":"post-3335","1":"product","2":"type-product","3":"status-publish","4":"has-post-thumbnail","6":"product_cat-ausstattung-im-raum","7":"product_cat-hotel-fernseher","8":"tm-has-options","10":"first","11":"instock","12":"shipping-taxable","13":"product-type-simple"},"_links":{"self":[{"href":"https:\/\/globalhotel.com.tr\/de\/wp-json\/wp\/v2\/product\/3335","targetHints":{"allow":["GET"]}}],"collection":[{"href":"https:\/\/globalhotel.com.tr\/de\/wp-json\/wp\/v2\/product"}],"about":[{"href":"https:\/\/globalhotel.com.tr\/de\/wp-json\/wp\/v2\/types\/product"}],"replies":[{"embeddable":true,"href":"https:\/\/globalhotel.com.tr\/de\/wp-json\/wp\/v2\/comments?post=3335"}],"wp:featuredmedia":[{"embeddable":true,"href":"https:\/\/globalhotel.com.tr\/de\/wp-json\/wp\/v2\/media\/3336"}],"wp:attachment":[{"href":"https:\/\/globalhotel.com.tr\/de\/wp-json\/wp\/v2\/media?parent=3335"}],"wp:term":[{"taxonomy":"product_brand","embeddable":true,"href":"https:\/\/globalhotel.com.tr\/de\/wp-json\/wp\/v2\/product_brand?post=3335"},{"taxonomy":"product_cat","embeddable":true,"href":"https:\/\/globalhotel.com.tr\/de\/wp-json\/wp\/v2\/product_cat?post=3335"},{"taxonomy":"product_tag","embeddable":true,"href":"https:\/\/globalhotel.com.tr\/de\/wp-json\/wp\/v2\/product_tag?post=3335"}],"curies":[{"name":"wp","href":"https:\/\/api.w.org\/{rel}","templated":true}]}}