{"id":3332,"date":"2024-10-22T12:37:47","date_gmt":"2024-10-22T09:37:47","guid":{"rendered":"https:\/\/globalhotel.com.tr\/urun\/db50-dijitsu-block-door-hotel-minibar\/"},"modified":"2024-10-22T12:37:47","modified_gmt":"2024-10-22T09:37:47","slug":"db50-dijitsu-block-door-hotel-minibar","status":"publish","type":"product","link":"https:\/\/globalhotel.com.tr\/de\/urun\/db50-dijitsu-block-door-hotel-minibar\/","title":{"rendered":"DB50 Dijitsu Block Door Hotel Minibar"},"content":{"rendered":"","protected":false},"excerpt":{"rendered":"<div class=\"flex max-w-full flex-col flex-grow\">\n<div class=\"min-h-8 text-message flex w-full flex-col items-end gap-2 whitespace-normal break-words text-start [.text-message+&amp;]:mt-5\" dir=\"auto\" data-message-author-role=\"assistant\" data-message-id=\"12cd6e03-936b-45b4-8508-08c7c29d585f\" data-message-model-slug=\"gpt-4o\">\n<div class=\"flex w-full flex-col gap-1 empty:hidden first:pt-[3px]\">\n<div class=\"markdown prose w-full break-words dark:prose-invert light\">\n<p><strong>DB50 Dijitsu Block Door Hotel Minibar<\/strong>, Mit seinem kompakten und eleganten Design bietet er eine praktische K\u00fchll\u00f6sung f\u00fcr Hotelzimmer, B\u00fcros und kleine Wohnr\u00e4ume. Sein ger\u00e4uschloser Betrieb sorgt f\u00fcr eine komfortable Nutzung und spart mit seinem niedrigen Energieverbrauch Geld. Sein Innenvolumen ist ideal f\u00fcr die geordnete Aufbewahrung von Getr\u00e4nken und Snacks. Der K\u00fchlschrank, der sich mit seinem modernen und langlebigen Design an jede Umgebung anpasst, bietet Komfort und Funktionalit\u00e4t zugleich. Wir gestalten ihn speziell f\u00fcr Sie mit Ihrem Hotellogo und spiegeln Ihre Marke auf die stilvollste Weise wider.    <\/p>\n<ul>\n<li>Energieklasse E<\/li>\n<li>50 Lt Bruttovolumen<\/li>\n<li>Umweltfreundliches R600a-K\u00e4ltemittelgas<\/li>\n<li>Spannung 220-240 ~<\/li>\n<li>Frequenz: 50 Hz<\/li>\n<li>Wei\u00dfe Farbe<\/li>\n<li>Sicherheitsstufe gegen elektrischen Schock:1<\/li>\n<\/ul>\n<\/div>\n<\/div>\n<\/div>\n<\/div>\n","protected":false},"featured_media":3334,"comment_status":"open","ping_status":"closed","template":"","meta":{"inline_featured_image":false},"product_brand":[],"product_cat":[140,144],"product_tag":[],"class_list":{"0":"post-3332","1":"product","2":"type-product","3":"status-publish","4":"has-post-thumbnail","6":"product_cat-ausstattung-im-raum","7":"product_cat-hotel-typ-minibar","8":"tm-has-options","10":"first","11":"instock","12":"shipping-taxable","13":"product-type-simple"},"_links":{"self":[{"href":"https:\/\/globalhotel.com.tr\/de\/wp-json\/wp\/v2\/product\/3332","targetHints":{"allow":["GET"]}}],"collection":[{"href":"https:\/\/globalhotel.com.tr\/de\/wp-json\/wp\/v2\/product"}],"about":[{"href":"https:\/\/globalhotel.com.tr\/de\/wp-json\/wp\/v2\/types\/product"}],"replies":[{"embeddable":true,"href":"https:\/\/globalhotel.com.tr\/de\/wp-json\/wp\/v2\/comments?post=3332"}],"wp:featuredmedia":[{"embeddable":true,"href":"https:\/\/globalhotel.com.tr\/de\/wp-json\/wp\/v2\/media\/3334"}],"wp:attachment":[{"href":"https:\/\/globalhotel.com.tr\/de\/wp-json\/wp\/v2\/media?parent=3332"}],"wp:term":[{"taxonomy":"product_brand","embeddable":true,"href":"https:\/\/globalhotel.com.tr\/de\/wp-json\/wp\/v2\/product_brand?post=3332"},{"taxonomy":"product_cat","embeddable":true,"href":"https:\/\/globalhotel.com.tr\/de\/wp-json\/wp\/v2\/product_cat?post=3332"},{"taxonomy":"product_tag","embeddable":true,"href":"https:\/\/globalhotel.com.tr\/de\/wp-json\/wp\/v2\/product_tag?post=3332"}],"curies":[{"name":"wp","href":"https:\/\/api.w.org\/{rel}","templated":true}]}}