{"id":3329,"date":"2024-10-22T12:42:10","date_gmt":"2024-10-22T09:42:10","guid":{"rendered":"https:\/\/globalhotel.com.tr\/urun\/dijitsu-db55-block-door-hotel-minibar\/"},"modified":"2024-10-22T12:42:10","modified_gmt":"2024-10-22T09:42:10","slug":"dijitsu-db55-block-door-hotel-minibar","status":"publish","type":"product","link":"https:\/\/globalhotel.com.tr\/de\/urun\/dijitsu-db55-block-door-hotel-minibar\/","title":{"rendered":"Dijitsu DB55 Block Door Hotel Minibar"},"content":{"rendered":"","protected":false},"excerpt":{"rendered":"<p><strong>Dijitsu DB55 Block Door Hotel Minibar<\/strong>, Mit seinem stilvollen und kompakten Design ist er eine ideale L\u00f6sung f\u00fcr Hotelzimmer. Dank des Blockt\u00fcrsystems sorgt er f\u00fcr Energieeffizienz, indem er die inneren Eigenschaften f\u00fcr einen l\u00e4ngeren Zeitraum bewahrt. Der ger\u00e4uschlose Betrieb sorgt f\u00fcr eine komfortable Nutzung, w\u00e4hrend das interne Regalsystem die geordnete Aufbewahrung von Getr\u00e4nken und Snacks erm\u00f6glicht. Mit ihrer modernen und langlebigen Konstruktion verbindet diese Minibar Komfort und Raffinesse.   <\/p>\n<ul>\n<li>Energieklasse E<\/li>\n<li>50 Lt Bruttovolumen<\/li>\n<li>Umweltfreundliches R600a-K\u00e4ltemittelgas<\/li>\n<li>Spannung 230<\/li>\n<li>Frequency: 50 Hz<\/li>\n<li>Farbe Schwarz<\/li>\n<li>Sicherheitsstufe gegen elektrischen Schock:1<\/li>\n<\/ul>\n","protected":false},"featured_media":3331,"comment_status":"open","ping_status":"closed","template":"","meta":{"inline_featured_image":false},"product_brand":[],"product_cat":[140,144],"product_tag":[],"class_list":{"0":"post-3329","1":"product","2":"type-product","3":"status-publish","4":"has-post-thumbnail","6":"product_cat-ausstattung-im-raum","7":"product_cat-hotel-typ-minibar","8":"tm-has-options","10":"first","11":"instock","12":"shipping-taxable","13":"product-type-simple"},"_links":{"self":[{"href":"https:\/\/globalhotel.com.tr\/de\/wp-json\/wp\/v2\/product\/3329","targetHints":{"allow":["GET"]}}],"collection":[{"href":"https:\/\/globalhotel.com.tr\/de\/wp-json\/wp\/v2\/product"}],"about":[{"href":"https:\/\/globalhotel.com.tr\/de\/wp-json\/wp\/v2\/types\/product"}],"replies":[{"embeddable":true,"href":"https:\/\/globalhotel.com.tr\/de\/wp-json\/wp\/v2\/comments?post=3329"}],"wp:featuredmedia":[{"embeddable":true,"href":"https:\/\/globalhotel.com.tr\/de\/wp-json\/wp\/v2\/media\/3331"}],"wp:attachment":[{"href":"https:\/\/globalhotel.com.tr\/de\/wp-json\/wp\/v2\/media?parent=3329"}],"wp:term":[{"taxonomy":"product_brand","embeddable":true,"href":"https:\/\/globalhotel.com.tr\/de\/wp-json\/wp\/v2\/product_brand?post=3329"},{"taxonomy":"product_cat","embeddable":true,"href":"https:\/\/globalhotel.com.tr\/de\/wp-json\/wp\/v2\/product_cat?post=3329"},{"taxonomy":"product_tag","embeddable":true,"href":"https:\/\/globalhotel.com.tr\/de\/wp-json\/wp\/v2\/product_tag?post=3329"}],"curies":[{"name":"wp","href":"https:\/\/api.w.org\/{rel}","templated":true}]}}