{"id":3325,"date":"2024-10-22T12:46:24","date_gmt":"2024-10-22T09:46:24","guid":{"rendered":"https:\/\/globalhotel.com.tr\/urun\/dijitsu-db60-glastur-hotel-minibar\/"},"modified":"2024-10-22T12:46:24","modified_gmt":"2024-10-22T09:46:24","slug":"dijitsu-db60-glastur-hotel-minibar","status":"publish","type":"product","link":"https:\/\/globalhotel.com.tr\/de\/urun\/dijitsu-db60-glastur-hotel-minibar\/","title":{"rendered":"Dijitsu DB60 Glast\u00fcr Hotel Minibar"},"content":{"rendered":"","protected":false},"excerpt":{"rendered":"<p><strong>Dijitsu DB60 Glast\u00fcr Hotel Minibar<\/strong>, Dank seiner transparenten Glast\u00fcr bietet er einen \u00e4sthetischen und praktischen Nutzen, indem er eine leichte Sicht auf seinen Inhalt erm\u00f6glicht. Er bietet ein komfortables \u00dcbernachtungserlebnis durch seinen ger\u00e4uschlosen Betrieb und nimmt dank seines kompakten Designs nur wenig Platz im Hotel ein. Er erm\u00f6glicht die geordnete Aufbewahrung von Getr\u00e4nken und Snacks. Mit seinem stilvollen und langlebigen Design verleiht er Hotelzimmern einen modernen Touch.   <\/p>\n<ul>\n<li>Mechanische Kontrolle<\/li>\n<li>T\u00fcr aus geh\u00e4rtetem Glas<\/li>\n<li>Regal Verwendung<\/li>\n<li>Versenkter Griff<\/li>\n<li>Verstellbare Beine<\/li>\n<li>F Energieklasse<\/li>\n<li>44 Lt Bruttovolumen<\/li>\n<li>Spannung 220-240 ~<\/li>\n<li>Frequenz: 50 Hz<\/li>\n<li>Farbe Schwarz<\/li>\n<li>Grad der Sicherheit gegen elektrischen Schlag: I<\/li>\n<\/ul>\n","protected":false},"featured_media":3328,"comment_status":"open","ping_status":"closed","template":"","meta":{"inline_featured_image":false},"product_brand":[],"product_cat":[140,144],"product_tag":[],"class_list":{"0":"post-3325","1":"product","2":"type-product","3":"status-publish","4":"has-post-thumbnail","6":"product_cat-ausstattung-im-raum","7":"product_cat-hotel-typ-minibar","8":"tm-has-options","10":"first","11":"instock","12":"shipping-taxable","13":"product-type-simple"},"_links":{"self":[{"href":"https:\/\/globalhotel.com.tr\/de\/wp-json\/wp\/v2\/product\/3325","targetHints":{"allow":["GET"]}}],"collection":[{"href":"https:\/\/globalhotel.com.tr\/de\/wp-json\/wp\/v2\/product"}],"about":[{"href":"https:\/\/globalhotel.com.tr\/de\/wp-json\/wp\/v2\/types\/product"}],"replies":[{"embeddable":true,"href":"https:\/\/globalhotel.com.tr\/de\/wp-json\/wp\/v2\/comments?post=3325"}],"wp:featuredmedia":[{"embeddable":true,"href":"https:\/\/globalhotel.com.tr\/de\/wp-json\/wp\/v2\/media\/3328"}],"wp:attachment":[{"href":"https:\/\/globalhotel.com.tr\/de\/wp-json\/wp\/v2\/media?parent=3325"}],"wp:term":[{"taxonomy":"product_brand","embeddable":true,"href":"https:\/\/globalhotel.com.tr\/de\/wp-json\/wp\/v2\/product_brand?post=3325"},{"taxonomy":"product_cat","embeddable":true,"href":"https:\/\/globalhotel.com.tr\/de\/wp-json\/wp\/v2\/product_cat?post=3325"},{"taxonomy":"product_tag","embeddable":true,"href":"https:\/\/globalhotel.com.tr\/de\/wp-json\/wp\/v2\/product_tag?post=3325"}],"curies":[{"name":"wp","href":"https:\/\/api.w.org\/{rel}","templated":true}]}}