{"id":3322,"date":"2024-10-22T12:49:10","date_gmt":"2024-10-22T09:49:10","guid":{"rendered":"https:\/\/globalhotel.com.tr\/urun\/dijitsu-db70-glastur-hotel-minibar\/"},"modified":"2025-04-08T12:03:19","modified_gmt":"2025-04-08T09:03:19","slug":"dijitsu-db70-glastur-hotel-minibar","status":"publish","type":"product","link":"https:\/\/globalhotel.com.tr\/de\/urun\/dijitsu-db70-glastur-hotel-minibar\/","title":{"rendered":"Dijitsu DB70 Glast\u00fcr Hotel Minibar"},"content":{"rendered":"","protected":false},"excerpt":{"rendered":"<p><strong>Dijitsu DB70 Glast\u00fcr Hotel Minibar<\/strong>, Dank seiner transparenten Glast\u00fcr ist das hygienische Innere leicht zu erkennen und bietet eine moderne \u00c4sthetik. Durch seinen ger\u00e4uscharmen Betrieb schafft er eine komfortable Umgebung, w\u00e4hrend seine energieeffizienten Strukturen Ihre Getr\u00e4nke auf ideale Weise aufbewahren. Mit seinem kompakten und langlebigen Design ist er eine stilvolle Erg\u00e4nzung zum Hoteldesign.  <\/p>\n<ul>\n<li>Klima-Klasse: ST<\/li>\n<li>Schutz gegen elektrischen Schlag: \uff29<\/li>\n<li>Nennspannung\/Frequenz: 220~240V\/50Hz<\/li>\n<li>Eingangsleistung (W): 60w<\/li>\n<li>Nennleistung (W): 65w<\/li>\n<li>Nennleistung der Lampe (W): 2W<\/li>\n<li>Nennstrom (A): 0,5A<\/li>\n<li>Schaumbildner Cyclopentan<\/li>\n<li>Energie-Effizienzklasse: F<\/li>\n<li>Brutto-Gesamtvolumen (L): 66<\/li>\n<li>Gesamtes Speichervolumen (L): 63<\/li>\n<li>K\u00e4ltemittel, Menge: R600a, 20g<\/li>\n<li>Nettogewicht \/ Kilogramm): 23<\/li>\n<li>Bruttogewicht (kg): 25<\/li>\n<li>Produktabmessungen(mm)(BxTxH): 480*440*642<\/li>\n<li>Karton Abmessungen (mm) (BxTxH): 530*478*650<\/li>\n<li>Karton Abmessungen (mm) (BxTxH): 530*478*730<\/li>\n<li>Verpackung Abmessungen(mm)(BxTxH): 530*478*665<\/li>\n<li>L\u00e4rm 40dB<\/li>\n<\/ul>\n","protected":false},"featured_media":3324,"comment_status":"open","ping_status":"closed","template":"","meta":{"inline_featured_image":false},"product_brand":[],"product_cat":[140,144],"product_tag":[],"class_list":{"0":"post-3322","1":"product","2":"type-product","3":"status-publish","4":"has-post-thumbnail","6":"product_cat-ausstattung-im-raum","7":"product_cat-hotel-typ-minibar","8":"tm-has-options","10":"first","11":"instock","12":"shipping-taxable","13":"product-type-simple"},"_links":{"self":[{"href":"https:\/\/globalhotel.com.tr\/de\/wp-json\/wp\/v2\/product\/3322","targetHints":{"allow":["GET"]}}],"collection":[{"href":"https:\/\/globalhotel.com.tr\/de\/wp-json\/wp\/v2\/product"}],"about":[{"href":"https:\/\/globalhotel.com.tr\/de\/wp-json\/wp\/v2\/types\/product"}],"replies":[{"embeddable":true,"href":"https:\/\/globalhotel.com.tr\/de\/wp-json\/wp\/v2\/comments?post=3322"}],"wp:featuredmedia":[{"embeddable":true,"href":"https:\/\/globalhotel.com.tr\/de\/wp-json\/wp\/v2\/media\/3324"}],"wp:attachment":[{"href":"https:\/\/globalhotel.com.tr\/de\/wp-json\/wp\/v2\/media?parent=3322"}],"wp:term":[{"taxonomy":"product_brand","embeddable":true,"href":"https:\/\/globalhotel.com.tr\/de\/wp-json\/wp\/v2\/product_brand?post=3322"},{"taxonomy":"product_cat","embeddable":true,"href":"https:\/\/globalhotel.com.tr\/de\/wp-json\/wp\/v2\/product_cat?post=3322"},{"taxonomy":"product_tag","embeddable":true,"href":"https:\/\/globalhotel.com.tr\/de\/wp-json\/wp\/v2\/product_tag?post=3322"}],"curies":[{"name":"wp","href":"https:\/\/api.w.org\/{rel}","templated":true}]}}