{"id":3319,"date":"2024-10-22T12:56:48","date_gmt":"2024-10-22T09:56:48","guid":{"rendered":"https:\/\/globalhotel.com.tr\/urun\/db100-dijitsu-unterbau-kuhlschrank\/"},"modified":"2024-10-22T12:56:48","modified_gmt":"2024-10-22T09:56:48","slug":"db100-dijitsu-unterbau-kuhlschrank","status":"publish","type":"product","link":"https:\/\/globalhotel.com.tr\/de\/urun\/db100-dijitsu-unterbau-kuhlschrank\/","title":{"rendered":"DB100 Dijitsu Unterbau-K\u00fchlschrank"},"content":{"rendered":"","protected":false},"excerpt":{"rendered":"<p><strong>DB100 Dijitsu Unterbau-K\u00fchlschrank<\/strong>, bietet eine kompakte und praktische K\u00fchlungsl\u00f6sung f\u00fcr Hotels, Restaurants und Caf\u00e9s. Dank seines ergonomischen Designs l\u00e4sst er sich platzsparend unter der Arbeitsplatte unterbringen. Mit seiner fortschrittlichen K\u00fchltechnologie h\u00e4lt er Getr\u00e4nke und Lebensmittel lange frisch. Mit seiner langlebigen Struktur und Energieeffizienz ist es die ideale Wahl f\u00fcr Unternehmen. Sie bietet eine komfortable Nutzung und erh\u00f6ht die Zufriedenheit der G\u00e4ste.<\/p>\n<ul>\n<li class=\"specification-item\"><span class=\"spec-title\">Kompressor: <\/span><span class=\"spec-value\">DG43CY1A<\/span><\/li>\n<li class=\"specification-item\"><span class=\"spec-title\">Klimaklasse: <\/span><span class=\"spec-value\">N\/ST\/T<\/span><\/li>\n<li class=\"specification-item\"><span class=\"spec-title\">Schutz gegen elektrischen Schlag:l<\/span><\/li>\n<li class=\"specification-item\"><span class=\"spec-title\">Nennspannung\/Frequenz: <\/span><span class=\"spec-value\">230V\/50Hz<\/span><\/li>\n<li class=\"specification-item\"><span class=\"spec-title\">Nennleistung der Lampe(W): <\/span><span class=\"spec-value\">10W<\/span><\/li>\n<li class=\"specification-item\"><span class=\"spec-title\">Nennstrom(A): <\/span><span class=\"spec-value\">0,5<\/span><\/li>\n<li class=\"specification-item\"><span class=\"spec-title\">Energieverbrauch(kW-h\/24h) &#8211; J\u00e4hrlicher Energieverbrauch AE [kWh\/a] : <\/span><span class=\"spec-value\">0.235kWh\/24h &#8211; 86kWh\/a<\/span><\/li>\n<li class=\"specification-item\"><span class=\"spec-title\">Energieverbrauch E16 (kWh\/24h): <\/span><span class=\"spec-value\">0.085kWh\/24h<\/span><\/li>\n<li class=\"specification-item\"><span class=\"spec-title\">Energieverbrauch E32 (kWh\/24h): <\/span><span class=\"spec-value\">0.385kWh\/24h<\/span><\/li>\n<li class=\"specification-item\"><span class=\"spec-title\">Energie-Effizienzklasse: <\/span><span class=\"spec-value\">E<\/span><\/li>\n<li class=\"specification-item\"><span class=\"spec-title\">Gesamtvolumen (L): <\/span><span class=\"spec-value\">93<\/span><\/li>\n<li class=\"specification-item\"><span class=\"spec-title\">Volumen des K\u00fchlers (L): <\/span><span class=\"spec-value\">93<\/span><\/li>\n<li class=\"specification-item\"><span class=\"spec-title\">Nettogewicht \/ Kilogramm):<\/span><span class=\"spec-value\">19,3<\/span><\/li>\n<li class=\"specification-item\"><span class=\"spec-title\">Bruttogewicht (kg):<\/span><span class=\"spec-value\"> 20,9<\/span><\/li>\n<li class=\"specification-item\"><span class=\"spec-title\">L\u00e4rm: <\/span><span class=\"spec-value\">41\uff08C\uff09<\/span><\/li>\n<li class=\"specification-item\"><span class=\"spec-title\">Produkt Gesamtabmessungen(mm)(BxTxH): <\/span><span class=\"spec-value\">472x450x860<\/span><\/li>\n<li class=\"specification-item\"><span class=\"spec-title\">Erforderliche Nutzfl\u00e4che (BxTxH): <\/span><span class=\"spec-value\">672x650x950<\/span><\/li>\n<li class=\"specification-item\"><span class=\"spec-title\">Ben\u00f6tigte Gesamtfl\u00e4che (mm)(BxTxH): <\/span><span class=\"spec-value\">920x890x87<\/span><\/li>\n<\/ul>\n","protected":false},"featured_media":3321,"comment_status":"open","ping_status":"closed","template":"","meta":{"inline_featured_image":false},"product_brand":[],"product_cat":[140,144],"product_tag":[],"class_list":{"0":"post-3319","1":"product","2":"type-product","3":"status-publish","4":"has-post-thumbnail","6":"product_cat-ausstattung-im-raum","7":"product_cat-hotel-typ-minibar","8":"tm-has-options","10":"first","11":"instock","12":"shipping-taxable","13":"product-type-simple"},"_links":{"self":[{"href":"https:\/\/globalhotel.com.tr\/de\/wp-json\/wp\/v2\/product\/3319","targetHints":{"allow":["GET"]}}],"collection":[{"href":"https:\/\/globalhotel.com.tr\/de\/wp-json\/wp\/v2\/product"}],"about":[{"href":"https:\/\/globalhotel.com.tr\/de\/wp-json\/wp\/v2\/types\/product"}],"replies":[{"embeddable":true,"href":"https:\/\/globalhotel.com.tr\/de\/wp-json\/wp\/v2\/comments?post=3319"}],"wp:featuredmedia":[{"embeddable":true,"href":"https:\/\/globalhotel.com.tr\/de\/wp-json\/wp\/v2\/media\/3321"}],"wp:attachment":[{"href":"https:\/\/globalhotel.com.tr\/de\/wp-json\/wp\/v2\/media?parent=3319"}],"wp:term":[{"taxonomy":"product_brand","embeddable":true,"href":"https:\/\/globalhotel.com.tr\/de\/wp-json\/wp\/v2\/product_brand?post=3319"},{"taxonomy":"product_cat","embeddable":true,"href":"https:\/\/globalhotel.com.tr\/de\/wp-json\/wp\/v2\/product_cat?post=3319"},{"taxonomy":"product_tag","embeddable":true,"href":"https:\/\/globalhotel.com.tr\/de\/wp-json\/wp\/v2\/product_tag?post=3319"}],"curies":[{"name":"wp","href":"https:\/\/api.w.org\/{rel}","templated":true}]}}