{"id":3316,"date":"2024-10-22T13:00:20","date_gmt":"2024-10-22T10:00:20","guid":{"rendered":"https:\/\/globalhotel.com.tr\/urun\/dw90-dijitsu-weinkuhler\/"},"modified":"2024-10-22T13:00:20","modified_gmt":"2024-10-22T10:00:20","slug":"dw90-dijitsu-weinkuhler","status":"publish","type":"product","link":"https:\/\/globalhotel.com.tr\/de\/urun\/dw90-dijitsu-weinkuhler\/","title":{"rendered":"DW90 Dijitsu Weink\u00fchler"},"content":{"rendered":"","protected":false},"excerpt":{"rendered":"<p><strong>DW90 Dijitsu Weink\u00fchler<\/strong>, ist speziell f\u00fcr die ideale Lagerung Ihrer Weine konzipiert. Mit seinem gro\u00dfen Innenvolumen und der einstellbaren K\u00fchlregelung bietet er den perfekten Stauraum f\u00fcr verschiedene Weinsorten. Das stilvolle Design und der leise Betrieb machen ihn ideal f\u00fcr Hotelzimmer, feste und private Entspannungsbereiche.  <\/p>\n<ul>\n<li>Klimaklasse: SN,N,ST<\/li>\n<li>Schutz gegen elektrischen Schlag: I<\/li>\n<li>Nennspannung\/Frequenz: 220-240V\/50Hz<\/li>\n<li>Nennleistung der Lampe (W): 1W<\/li>\n<li>Nennstrom (A): 0,7A<\/li>\n<li>Schaumbildner Cyclopentan<\/li>\n<li>Energieverbrauch(kWh\/24h)- Energieverbrauch(kWh\/Jahr): 0.397kWh24h\uff08145kWh\/year\uff09<\/li>\n<li>Energieverbrauch E16 (kWh\/24h): 0.124kWh\/24h<\/li>\n<li>Energieverbrauch E32 (kWh\/24h): 0.670kWh\/24h<\/li>\n<li>Energie-Effizienzklasse: G<\/li>\n<li>Gesamtes Speichervolumen (L): 93<\/li>\n<li>K\u00fchlfach Volumen (L): 93<\/li>\n<li>K\u00e4ltemittel, Menge: R600a,33g<\/li>\n<li>Nettogewicht \/ Kilogramm): 25.2<\/li>\n<li>Bruttogewicht (kg): 27.5<\/li>\n<li>L\u00e4rm(dB(A)) und Ger\u00e4uschpegel: 40dB(C)<\/li>\n<li>Produktabmessungen(mm)(BxTxH): 470*440*845<\/li>\n<li>Erforderliche Nutzfl\u00e4che (BxTxH): 670*540*1145<\/li>\n<li>Ben\u00f6tigte Gesamtfl\u00e4che (mm)(BxTxH): 1030*1030*1145<\/li>\n<li>Nennvolumen der Flasche (B): 34<\/li>\n<\/ul>\n","protected":false},"featured_media":3318,"comment_status":"open","ping_status":"closed","template":"","meta":{"inline_featured_image":false},"product_brand":[],"product_cat":[140,144],"product_tag":[],"class_list":{"0":"post-3316","1":"product","2":"type-product","3":"status-publish","4":"has-post-thumbnail","6":"product_cat-ausstattung-im-raum","7":"product_cat-hotel-typ-minibar","8":"tm-has-options","10":"first","11":"instock","12":"shipping-taxable","13":"product-type-simple"},"_links":{"self":[{"href":"https:\/\/globalhotel.com.tr\/de\/wp-json\/wp\/v2\/product\/3316","targetHints":{"allow":["GET"]}}],"collection":[{"href":"https:\/\/globalhotel.com.tr\/de\/wp-json\/wp\/v2\/product"}],"about":[{"href":"https:\/\/globalhotel.com.tr\/de\/wp-json\/wp\/v2\/types\/product"}],"replies":[{"embeddable":true,"href":"https:\/\/globalhotel.com.tr\/de\/wp-json\/wp\/v2\/comments?post=3316"}],"wp:featuredmedia":[{"embeddable":true,"href":"https:\/\/globalhotel.com.tr\/de\/wp-json\/wp\/v2\/media\/3318"}],"wp:attachment":[{"href":"https:\/\/globalhotel.com.tr\/de\/wp-json\/wp\/v2\/media?parent=3316"}],"wp:term":[{"taxonomy":"product_brand","embeddable":true,"href":"https:\/\/globalhotel.com.tr\/de\/wp-json\/wp\/v2\/product_brand?post=3316"},{"taxonomy":"product_cat","embeddable":true,"href":"https:\/\/globalhotel.com.tr\/de\/wp-json\/wp\/v2\/product_cat?post=3316"},{"taxonomy":"product_tag","embeddable":true,"href":"https:\/\/globalhotel.com.tr\/de\/wp-json\/wp\/v2\/product_tag?post=3316"}],"curies":[{"name":"wp","href":"https:\/\/api.w.org\/{rel}","templated":true}]}}