{"id":3271,"date":"2024-10-23T16:54:35","date_gmt":"2024-10-23T13:54:35","guid":{"rendered":"https:\/\/globalhotel.com.tr\/urun\/gs-001-gosky-grosflachen-effektspray-lemon-breeze\/"},"modified":"2024-10-23T16:54:35","modified_gmt":"2024-10-23T13:54:35","slug":"gs-001-gosky-grosflachen-effektspray-lemon-breeze","status":"publish","type":"product","link":"https:\/\/globalhotel.com.tr\/de\/urun\/gs-001-gosky-grosflachen-effektspray-lemon-breeze\/","title":{"rendered":"GS-001 GoSky Gro\u00dffl\u00e4chen-Effektspray &#8211; Lemon Breeze"},"content":{"rendered":"","protected":false},"excerpt":{"rendered":"<p data-pm-slice=\"1 1 []\"><strong>GS-001 GoSky Gro\u00dffl\u00e4chen-Effektspray &#8211; Lemon Breeze<\/strong>, ist ein wirksamer Lufterfrischer, der Ihre Umgebung mit seinem erfrischenden Zitronenduft sofort belebt. Das Zitrusaroma des Zitronenduftes beruhigt das Nervensystem, baut Stress ab und l\u00f6st Spannungen. Dank seiner speziellen Formel neutralisiert er schlechte Ger\u00fcche und sorgt f\u00fcr lang anhaltende Frische. Ideal f\u00fcr Hotels, Restaurants, B\u00fcros und gro\u00dfe Fl\u00e4chen. Sorgt f\u00fcr eine gleichm\u00e4\u00dfige Verteilung dank des einfach zu bedienenden Spr\u00fchkopfes.    <\/p>\n","protected":false},"featured_media":3272,"comment_status":"open","ping_status":"closed","template":"","meta":{"inline_featured_image":false},"product_brand":[],"product_cat":[139],"product_tag":[],"class_list":{"0":"post-3271","1":"product","2":"type-product","3":"status-publish","4":"has-post-thumbnail","6":"product_cat-go-sky-professional-de","7":"tm-has-options","9":"first","10":"instock","11":"shipping-taxable","12":"product-type-simple"},"_links":{"self":[{"href":"https:\/\/globalhotel.com.tr\/de\/wp-json\/wp\/v2\/product\/3271","targetHints":{"allow":["GET"]}}],"collection":[{"href":"https:\/\/globalhotel.com.tr\/de\/wp-json\/wp\/v2\/product"}],"about":[{"href":"https:\/\/globalhotel.com.tr\/de\/wp-json\/wp\/v2\/types\/product"}],"replies":[{"embeddable":true,"href":"https:\/\/globalhotel.com.tr\/de\/wp-json\/wp\/v2\/comments?post=3271"}],"wp:featuredmedia":[{"embeddable":true,"href":"https:\/\/globalhotel.com.tr\/de\/wp-json\/wp\/v2\/media\/3272"}],"wp:attachment":[{"href":"https:\/\/globalhotel.com.tr\/de\/wp-json\/wp\/v2\/media?parent=3271"}],"wp:term":[{"taxonomy":"product_brand","embeddable":true,"href":"https:\/\/globalhotel.com.tr\/de\/wp-json\/wp\/v2\/product_brand?post=3271"},{"taxonomy":"product_cat","embeddable":true,"href":"https:\/\/globalhotel.com.tr\/de\/wp-json\/wp\/v2\/product_cat?post=3271"},{"taxonomy":"product_tag","embeddable":true,"href":"https:\/\/globalhotel.com.tr\/de\/wp-json\/wp\/v2\/product_tag?post=3271"}],"curies":[{"name":"wp","href":"https:\/\/api.w.org\/{rel}","templated":true}]}}