{"id":3232,"date":"2024-09-26T13:28:55","date_gmt":"2024-09-26T10:28:55","guid":{"rendered":"https:\/\/globalhotel.com.tr\/uber-uns\/"},"modified":"2024-09-26T13:28:55","modified_gmt":"2024-09-26T10:28:55","slug":"uber-uns","status":"publish","type":"page","link":"https:\/\/globalhotel.com.tr\/de\/uber-uns\/","title":{"rendered":"\u00dcber uns"},"content":{"rendered":"\n  <div id=\"page-header-1524683414\" class=\"page-header-wrapper\">\n  <div class=\"page-title light simple-title\">\n\n    \n    <div class=\"page-title-inner container align-center flex-row medium-flex-wrap\" >\n              <div class=\"title-wrapper flex-col text-left medium-text-center\">\n          <h1 class=\"entry-title mb-0\">\n            \u00dcber uns          <\/h1>\n        <\/div>\n                    <div class=\"title-content flex-col flex-right text-right medium-text-center\">\n        <div class=\"title-breadcrumbs pb-half pt-half\"><nav class=\"woocommerce-breadcrumb breadcrumbs \">Start<\/nav><\/div>      <\/div>\n    <\/div>\n\n       <\/div>\n    <\/div>\n  \n\n\n\t<section class=\"section\" id=\"section_395779591\">\n\t\t<div class=\"section-bg fill\" >\n\t\t\t\t\t\t\t\t\t\n\t\t\t\n\n\t\t<\/div>\n\n\t\t\n\n\t\t<div class=\"section-content relative\">\n\t\t\t\n\n<div class=\"row align-middle\"  id=\"row-1433838342\">\n\n\n\t<div id=\"col-384864370\" class=\"col medium-4 small-12 large-4\"  >\n\t\t<div class=\"is-sticky-column\"><div class=\"is-sticky-column__inner\">\t\t<div class=\"col-inner\"  >\n\t\t\t\n\t\t\t\n\n\t<div class=\"img has-hover x md-x lg-x y md-y lg-y\" id=\"image_1917771664\">\n\t\t\t\t\t\t\t\t<div class=\"img-inner dark\" >\n\t\t\t<img loading=\"lazy\" decoding=\"async\" width=\"740\" height=\"1109\" src=\"https:\/\/globalhotel.com.tr\/wp-content\/uploads\/2024\/10\/global-hotel-1.jpg\" class=\"attachment-original size-original\" alt=\"\" srcset=\"https:\/\/globalhotel.com.tr\/wp-content\/uploads\/2024\/10\/global-hotel-1.jpg 740w, https:\/\/globalhotel.com.tr\/wp-content\/uploads\/2024\/10\/global-hotel-1-200x300.jpg 200w, https:\/\/globalhotel.com.tr\/wp-content\/uploads\/2024\/10\/global-hotel-1-683x1024.jpg 683w\" sizes=\"auto, (max-width: 740px) 100vw, 740px\" title=\"\">\t\t\t\t\t\t\n\t\t\t\t\t<\/div>\n\t\t\t\t\t\t\t\t\n<style>\n#image_1917771664 {\n  width: 100%;\n}\n<\/style>\n\t<\/div>\n\t\n\n\n\t\t<\/div>\n\t\t<\/div><\/div>\t\t\t<\/div>\n\n\t\n\n\t<div id=\"col-2118470103\" class=\"col medium-8 small-12 large-8\"  >\n\t\t\t\t<div class=\"col-inner\"  >\n\t\t\t\n\t\t\t\n\n<h2>Globaler Hotelbedarf<\/h2>\n<p>Global Hotel bietet seit mehr als 12 Jahren professionelle Dienstleistungen f\u00fcr verschiedene Unternehmen wie Hotels, Krankenh\u00e4user, Restaurants und soziale Einrichtungen an. Die Kundenzufriedenheit steht f\u00fcr uns immer an erster Stelle. Mit unserem Expertenteam verfolgen wir die Innovationen in der Branche und erarbeiten L\u00f6sungen f\u00fcr die Bed\u00fcrfnisse. <\/p>\n<p>Unser Ziel ist es, die f\u00fcr R\u00e4ume, Etagen und Gemeinschaftsbereiche von Unternehmen erforderlichen Produkte und Ausstattungen in h\u00f6chster Qualit\u00e4t zu liefern. In dem Bestreben, die Erwartungen unserer Kunden zu \u00fcbertreffen, bieten wir ergonomische Designs und funktionelle L\u00f6sungen. Indem wir die neuesten Trends in unserem Sektor verfolgen, verbessern wir uns st\u00e4ndig, um unseren Kunden den besten Service zu bieten.  <\/p>\n<p>Als Global Hotel haben wir uns zum Ziel gesetzt, den Komfort von Unternehmen mit unserem Angebot an Betten, M\u00f6beln, Beleuchtung, Textilien und anderen Ausstattungen zu erh\u00f6hen. Wir bieten ma\u00dfgeschneiderte L\u00f6sungen f\u00fcr die Bed\u00fcrfnisse Ihres Unternehmens und ber\u00fccksichtigen dabei jedes Detail und setzen es sorgf\u00e4ltig um. <\/p>\n<p>Dank unserer starken Lieferkette und solider Gesch\u00e4ftspartnerschaften garantieren wir die rechtzeitige Lieferung von qualitativ hochwertigen und gleichzeitig erschwinglichen Produkten. Mit unserer Erfahrung in diesem Sektor verfolgen wir einen kundenorientierten Ansatz, indem wir jedes Projekt sorgf\u00e4ltig bearbeiten. <\/p>\n<p>Als Global Hotel wollen wir mit unserer Servicequalit\u00e4t der zuverl\u00e4ssigste Partner in der Branche sein. Um die Zufriedenheit unserer Kunden zu gew\u00e4hrleisten, erhalten wir st\u00e4ndig Feedback und verbessern uns entsprechend. Erleben Sie den Vorteil, dass Ihr Unternehmen durch die Zusammenarbeit mit uns komfortabler und funktionaler wird.  <\/p>\n<p>Global Hotel ist die richtige Adresse, um mit Zuversicht in die Zukunft zu blicken und durch unsere Zusammenarbeit zu wachsen. Kontaktieren Sie uns, unser professionelles Team ist bereit, die am besten geeigneten L\u00f6sungen f\u00fcr Ihre Bed\u00fcrfnisse anzubieten! <\/p>\n\n\n\t\t<\/div>\n\t\t\t\t\t<\/div>\n\n\t\n\n<\/div>\n\n\t\t<\/div>\n\n\t\t\n<style>\n#section_395779591 {\n  padding-top: 30px;\n  padding-bottom: 30px;\n}\n<\/style>\n\t<\/section>\n\t\n\n","protected":false},"excerpt":{"rendered":"","protected":false},"author":1,"featured_media":0,"parent":0,"menu_order":0,"comment_status":"closed","ping_status":"closed","template":"page-blank.php","meta":{"inline_featured_image":false,"footnotes":""},"class_list":["post-3232","page","type-page","status-publish","hentry"],"_links":{"self":[{"href":"https:\/\/globalhotel.com.tr\/de\/wp-json\/wp\/v2\/pages\/3232","targetHints":{"allow":["GET"]}}],"collection":[{"href":"https:\/\/globalhotel.com.tr\/de\/wp-json\/wp\/v2\/pages"}],"about":[{"href":"https:\/\/globalhotel.com.tr\/de\/wp-json\/wp\/v2\/types\/page"}],"author":[{"embeddable":true,"href":"https:\/\/globalhotel.com.tr\/de\/wp-json\/wp\/v2\/users\/1"}],"replies":[{"embeddable":true,"href":"https:\/\/globalhotel.com.tr\/de\/wp-json\/wp\/v2\/comments?post=3232"}],"version-history":[{"count":0,"href":"https:\/\/globalhotel.com.tr\/de\/wp-json\/wp\/v2\/pages\/3232\/revisions"}],"wp:attachment":[{"href":"https:\/\/globalhotel.com.tr\/de\/wp-json\/wp\/v2\/media?parent=3232"}],"curies":[{"name":"wp","href":"https:\/\/api.w.org\/{rel}","templated":true}]}}